{"id":2837,"date":"2024-07-22T08:46:56","date_gmt":"2024-07-22T06:46:56","guid":{"rendered":"https:\/\/skinsolutions.es\/?page_id=2837"},"modified":"2025-03-27T17:08:04","modified_gmt":"2025-03-27T16:08:04","slug":"tratamiento-para-el-acne","status":"publish","type":"page","link":"https:\/\/skinsolutions.es\/es\/tratamiento-para-el-acne\/","title":{"rendered":"Tratamiento para el acn\u00e9"},"content":{"rendered":"<div data-elementor-type=\"wp-page\" data-elementor-id=\"2837\" class=\"elementor elementor-2837\">\n\t\t\t\t\t\t<section class=\"elementor-section elementor-top-section elementor-element elementor-element-7eaf7ce elementor-section-full_width elementor-section-content-middle elementor-section-height-full elementor-section-items-stretch elementor-section-height-default qodef-elementor-content-no\" data-id=\"7eaf7ce\" data-element_type=\"section\" data-settings=\"{&quot;background_background&quot;:&quot;classic&quot;}\">\n\t\t\t\t\t\t<div class=\"elementor-container elementor-column-gap-default\">\n\t\t\t\t\t<div class=\"elementor-column elementor-col-50 elementor-top-column elementor-element elementor-element-831a2cd\" data-id=\"831a2cd\" data-element_type=\"column\" data-settings=\"{&quot;background_background&quot;:&quot;classic&quot;}\">\n\t\t\t<div class=\"elementor-widget-wrap elementor-element-populated\">\n\t\t\t\t\t\t<div class=\"elementor-element elementor-element-ee7bafb elementor-widget elementor-widget-qi_addons_for_elementor_section_title\" data-id=\"ee7bafb\" data-element_type=\"widget\" data-widget_type=\"qi_addons_for_elementor_section_title.default\">\n\t\t\t\t<div class=\"elementor-widget-container\">\n\t\t\t\t\t<div class=\"qodef-shortcode qodef-m qodef-qi-section-title qodef-decoration--italic qodef-link--underline-draw qodef-subtitle-icon--left\">\n\t\t\t\t<h6 class=\"qodef-m-subtitle\">\n\t\tTratamientos Faciales\t\t\t<\/h6>\n\t\t\t<h1 class=\"qodef-m-title\">\n\t\tTratamiento para el acn\u00e9\t<\/h1>\n\t\t\t<\/div>\n\t\t\t\t<\/div>\n\t\t\t\t<\/div>\n\t\t\t\t\t<\/div>\n\t\t<\/div>\n\t\t\t\t<div class=\"elementor-column elementor-col-50 elementor-top-column elementor-element elementor-element-5fb5a01\" data-id=\"5fb5a01\" data-element_type=\"column\" data-settings=\"{&quot;background_background&quot;:&quot;classic&quot;}\">\n\t\t\t<div class=\"elementor-widget-wrap elementor-element-populated\">\n\t\t\t\t\t\t<div class=\"elementor-element elementor-element-bdad7b2 elementor-widget elementor-widget-spacer\" data-id=\"bdad7b2\" data-element_type=\"widget\" data-widget_type=\"spacer.default\">\n\t\t\t\t<div class=\"elementor-widget-container\">\n\t\t\t\t\t\t\t<div class=\"elementor-spacer\">\n\t\t\t<div class=\"elementor-spacer-inner\"><\/div>\n\t\t<\/div>\n\t\t\t\t\t\t<\/div>\n\t\t\t\t<\/div>\n\t\t\t\t\t<\/div>\n\t\t<\/div>\n\t\t\t\t\t<\/div>\n\t\t<\/section>\n\t\t<div class=\"elementor-element elementor-element-bcb5d2b e-flex e-con-boxed qodef-elementor-content-no e-con e-parent\" data-id=\"bcb5d2b\" data-element_type=\"container\">\n\t\t\t\t\t<div class=\"e-con-inner\">\n\t\t<div class=\"elementor-element elementor-element-9f116c5 e-con-full e-flex qodef-elementor-content-no e-con e-child\" data-id=\"9f116c5\" data-element_type=\"container\">\n\t\t\t\t<div class=\"elementor-element elementor-element-479cf71 elementor-widget elementor-widget-qi_addons_for_elementor_section_title\" data-id=\"479cf71\" data-element_type=\"widget\" data-widget_type=\"qi_addons_for_elementor_section_title.default\">\n\t\t\t\t<div class=\"elementor-widget-container\">\n\t\t\t\t\t<div class=\"qodef-shortcode qodef-m qodef-qi-section-title qodef-decoration--italic qodef-link--underline-draw qodef-subtitle-icon--left\">\n\t\t\t<h4 class=\"qodef-m-title\">\n\t\tLimpieza para el acn\u00e9 Dermalogica Marbella\t<\/h4>\n\t\t\t\t\t\t<\/div>\n\t\t\t\t<\/div>\n\t\t\t\t<\/div>\n\t\t\t\t<\/div>\n\t\t<div class=\"elementor-element elementor-element-efe8a99 e-con-full e-flex qodef-elementor-content-no e-con e-child\" data-id=\"efe8a99\" data-element_type=\"container\">\n\t\t\t\t<div class=\"elementor-element elementor-element-3dc8bf2 elementor-widget elementor-widget-qi_addons_for_elementor_section_title\" data-id=\"3dc8bf2\" data-element_type=\"widget\" data-widget_type=\"qi_addons_for_elementor_section_title.default\">\n\t\t\t\t<div class=\"elementor-widget-container\">\n\t\t\t\t\t<div class=\"qodef-shortcode qodef-m qodef-qi-section-title qodef-decoration--italic qodef-link--underline-draw qodef-subtitle-icon--left\">\n\t\t\t\t\t\t\t\t<div class=\"qodef-m-text\"><p>Te invitamos a descubrir nuestro excepcional tratamiento dedicado al manejo del acn\u00e9, dise\u00f1ado para satisfacer las necesidades espec\u00edficas de cada tipo de piel. Este tratamiento es adecuado tanto para adolescentes como para adultos que enfrentan problemas de acn\u00e9 juvenil, hormonal o qu\u00edstico.<\/p><\/div>\n\t<\/div>\n\t\t\t\t<\/div>\n\t\t\t\t<\/div>\n\t\t\t\t<\/div>\n\t\t\t\t\t<\/div>\n\t\t\t\t<\/div>\n\t\t<div class=\"elementor-element elementor-element-9d23e15 e-grid e-con-boxed qodef-elementor-content-no e-con e-parent\" data-id=\"9d23e15\" data-element_type=\"container\">\n\t\t\t\t\t<div class=\"e-con-inner\">\n\t\t\t\t<div class=\"elementor-element elementor-element-e30616f elementor-widget elementor-widget-image\" data-id=\"e30616f\" data-element_type=\"widget\" data-widget_type=\"image.default\">\n\t\t\t\t<div class=\"elementor-widget-container\">\n\t\t\t\t\t\t\t\t\t\t\t\t\t\t\t<img fetchpriority=\"high\" decoding=\"async\" width=\"1200\" height=\"834\" src=\"https:\/\/skinsolutions.es\/wp-content\/uploads\/2024\/10\/Acne-treatment.jpg\" class=\"attachment-full size-full wp-image-4860\" alt=\"\" srcset=\"https:\/\/skinsolutions.es\/wp-content\/uploads\/2024\/10\/Acne-treatment.jpg 1200w, https:\/\/skinsolutions.es\/wp-content\/uploads\/2024\/10\/Acne-treatment-300x209.jpg 300w, https:\/\/skinsolutions.es\/wp-content\/uploads\/2024\/10\/Acne-treatment-1024x712.jpg 1024w, https:\/\/skinsolutions.es\/wp-content\/uploads\/2024\/10\/Acne-treatment-768x534.jpg 768w, https:\/\/skinsolutions.es\/wp-content\/uploads\/2024\/10\/Acne-treatment-18x12.jpg 18w\" sizes=\"(max-width: 1200px) 100vw, 1200px\" \/>\t\t\t\t\t\t\t\t\t\t\t\t\t\t\t<\/div>\n\t\t\t\t<\/div>\n\t\t<div class=\"elementor-element elementor-element-6d3f324 e-flex e-con-boxed qodef-elementor-content-no e-con e-child\" data-id=\"6d3f324\" data-element_type=\"container\">\n\t\t\t\t\t<div class=\"e-con-inner\">\n\t\t\t\t<div class=\"elementor-element elementor-element-d49df29 elementor-widget elementor-widget-qi_addons_for_elementor_section_title\" data-id=\"d49df29\" data-element_type=\"widget\" data-widget_type=\"qi_addons_for_elementor_section_title.default\">\n\t\t\t\t<div class=\"elementor-widget-container\">\n\t\t\t\t\t<div class=\"qodef-shortcode qodef-m qodef-qi-section-title qodef-decoration--italic qodef-link--underline-draw qodef-subtitle-icon--left\">\n\t\t\t\t\t\t\t\t<div class=\"qodef-m-text\"><p>Este tratamiento es ideal para regular el exceso de sebo, prevenir la obstrucci\u00f3n de los poros y reducir imperfecciones como granos, puntos negros y enrojecimiento. Tambi\u00e9n ayuda a prevenir cicatrices al proteger la piel de marcas residuales. Adem\u00e1s, restaura la hidrataci\u00f3n y la elasticidad de la epidermis, aportando luminosidad y vitalidad mientras mantiene un equilibrio \u00f3ptimo para una piel sana y radiante.<\/p><p>Tu tratamiento comenzar\u00e1 con una exfoliaci\u00f3n suave para eliminar los contaminantes en la superficie y deshacerse de las c\u00e9lulas muertas que pueden opacar tu cutis. A continuaci\u00f3n, pasamos a las extracciones profundas, manejando de manera segura la eliminaci\u00f3n de puntos negros y blancos, abordando las ra\u00edces del acn\u00e9 qu\u00edstico y hormonal. Luego utilizamos una t\u00e9cnica de microdermoabrasi\u00f3n segura para pieles sensibles para revelar tu hermosa y saludable piel sin causar irritaci\u00f3n.<\/p><p>Cerramos nuestra sesi\u00f3n con una mascarilla facial refrescante junto con terapia LED. En este momento, trabajamos para calmar la irritaci\u00f3n. Te sentir\u00e1s encantado con el rostro libre de imperfecciones que ver\u00e1s en el espejo, mientras que las mejoras en tu cutis seguir\u00e1n desarroll\u00e1ndose.<\/p><p>Al final de este tratamiento, notar\u00e1s una piel purificada, mate y visiblemente m\u00e1s saludable. No dudes en reservar tu sesi\u00f3n en Skin Solutions Marbella y dar el primer paso hacia un cutis radiante y sin imperfecciones.<\/p><\/div>\n\t<\/div>\n\t\t\t\t<\/div>\n\t\t\t\t<\/div>\n\t\t\t\t\t<\/div>\n\t\t\t\t<\/div>\n\t\t\t\t\t<\/div>\n\t\t\t\t<\/div>\n\t\t\t\t<\/div>","protected":false},"excerpt":{"rendered":"<p>Facial Treatments Acne Treatment Dermalogica Acne Cleansing Marbella We invite you to discover our exceptional treatment dedicated to acne management, designed to meet the specific needs of every skin type. This treatment is suitable for both adolescents and adults facing issues of juvenile, hormonal, or cystic acne. This treatment is ideal for regulating excess sebum, [&hellip;]<\/p>","protected":false},"author":1,"featured_media":0,"parent":0,"menu_order":0,"comment_status":"closed","ping_status":"closed","template":"qi-full-width.php","meta":{"footnotes":""},"class_list":["post-2837","page","type-page","status-publish","hentry"],"yoast_head":"<!-- This site is optimized with the Yoast SEO plugin v25.6 - https:\/\/yoast.com\/wordpress\/plugins\/seo\/ -->\n<title>Acne Treatment Marbella - Skin Solutions<\/title>\n<meta name=\"description\" content=\"Clear your skin with our advanced acne treatments in Marbella. At Skin Solutions, we offer personalized, non-invasive solutions for lasting results\" \/>\n<meta name=\"robots\" content=\"index, follow, max-snippet:-1, max-image-preview:large, max-video-preview:-1\" \/>\n<link rel=\"canonical\" href=\"https:\/\/skinsolutions.es\/es\/tratamiento-para-el-acne\/\" \/>\n<meta property=\"og:locale\" content=\"es_ES\" \/>\n<meta property=\"og:type\" content=\"article\" \/>\n<meta property=\"og:title\" content=\"Acne Treatment Marbella - Skin Solutions\" \/>\n<meta property=\"og:description\" content=\"Clear your skin with our advanced acne treatments in Marbella. At Skin Solutions, we offer personalized, non-invasive solutions for lasting results\" \/>\n<meta property=\"og:url\" content=\"https:\/\/skinsolutions.es\/es\/tratamiento-para-el-acne\/\" \/>\n<meta property=\"og:site_name\" content=\"Skin Solutions\" \/>\n<meta property=\"article:publisher\" content=\"https:\/\/www.facebook.com\/skinsolutions.marbella\" \/>\n<meta property=\"article:modified_time\" content=\"2025-03-27T16:08:04+00:00\" \/>\n<meta property=\"og:image\" content=\"http:\/\/skinsolutions.es\/wp-content\/uploads\/2024\/10\/Acne-treatment.jpg\" \/>\n<meta name=\"twitter:card\" content=\"summary_large_image\" \/>\n<meta name=\"twitter:label1\" content=\"Tiempo de lectura\" \/>\n\t<meta name=\"twitter:data1\" content=\"2 minutos\" \/>\n<script type=\"application\/ld+json\" class=\"yoast-schema-graph\">{\"@context\":\"https:\/\/schema.org\",\"@graph\":[{\"@type\":\"WebPage\",\"@id\":\"https:\/\/skinsolutions.es\/acne-treatment\/\",\"url\":\"https:\/\/skinsolutions.es\/acne-treatment\/\",\"name\":\"Acne Treatment Marbella - Skin Solutions\",\"isPartOf\":{\"@id\":\"https:\/\/skinsolutions.es\/en\/#website\"},\"primaryImageOfPage\":{\"@id\":\"https:\/\/skinsolutions.es\/acne-treatment\/#primaryimage\"},\"image\":{\"@id\":\"https:\/\/skinsolutions.es\/acne-treatment\/#primaryimage\"},\"thumbnailUrl\":\"http:\/\/skinsolutions.es\/wp-content\/uploads\/2024\/10\/Acne-treatment.jpg\",\"datePublished\":\"2024-07-22T06:46:56+00:00\",\"dateModified\":\"2025-03-27T16:08:04+00:00\",\"description\":\"Clear your skin with our advanced acne treatments in Marbella. At Skin Solutions, we offer personalized, non-invasive solutions for lasting results\",\"breadcrumb\":{\"@id\":\"https:\/\/skinsolutions.es\/acne-treatment\/#breadcrumb\"},\"inLanguage\":\"es\",\"potentialAction\":[{\"@type\":\"ReadAction\",\"target\":[\"https:\/\/skinsolutions.es\/acne-treatment\/\"]}]},{\"@type\":\"ImageObject\",\"inLanguage\":\"es\",\"@id\":\"https:\/\/skinsolutions.es\/acne-treatment\/#primaryimage\",\"url\":\"http:\/\/skinsolutions.es\/wp-content\/uploads\/2024\/10\/Acne-treatment.jpg\",\"contentUrl\":\"http:\/\/skinsolutions.es\/wp-content\/uploads\/2024\/10\/Acne-treatment.jpg\"},{\"@type\":\"BreadcrumbList\",\"@id\":\"https:\/\/skinsolutions.es\/acne-treatment\/#breadcrumb\",\"itemListElement\":[{\"@type\":\"ListItem\",\"position\":1,\"name\":\"Accueil\",\"item\":\"https:\/\/skinsolutions.es\/\"},{\"@type\":\"ListItem\",\"position\":2,\"name\":\"Acne Treatment\"}]},{\"@type\":\"WebSite\",\"@id\":\"https:\/\/skinsolutions.es\/en\/#website\",\"url\":\"https:\/\/skinsolutions.es\/en\/\",\"name\":\"Skin Solutions Marbella\",\"description\":\"The Beauty Reference\",\"publisher\":{\"@id\":\"https:\/\/skinsolutions.es\/en\/#organization\"},\"potentialAction\":[{\"@type\":\"SearchAction\",\"target\":{\"@type\":\"EntryPoint\",\"urlTemplate\":\"https:\/\/skinsolutions.es\/en\/?s={search_term_string}\"},\"query-input\":{\"@type\":\"PropertyValueSpecification\",\"valueRequired\":true,\"valueName\":\"search_term_string\"}}],\"inLanguage\":\"es\"},{\"@type\":\"Organization\",\"@id\":\"https:\/\/skinsolutions.es\/en\/#organization\",\"name\":\"Skin Solutions Marbella\",\"url\":\"https:\/\/skinsolutions.es\/en\/\",\"logo\":{\"@type\":\"ImageObject\",\"inLanguage\":\"es\",\"@id\":\"https:\/\/skinsolutions.es\/en\/#\/schema\/logo\/image\/\",\"url\":\"https:\/\/skinsolutions.es\/wp-content\/uploads\/2024\/10\/Logo-Icon-Site.png\",\"contentUrl\":\"https:\/\/skinsolutions.es\/wp-content\/uploads\/2024\/10\/Logo-Icon-Site.png\",\"width\":512,\"height\":512,\"caption\":\"Skin Solutions Marbella\"},\"image\":{\"@id\":\"https:\/\/skinsolutions.es\/en\/#\/schema\/logo\/image\/\"},\"sameAs\":[\"https:\/\/www.facebook.com\/skinsolutions.marbella\",\"https:\/\/www.instagram.com\/skinsolutions.marbella\"]}]}<\/script>\n<!-- \/ Yoast SEO plugin. -->","yoast_head_json":{"title":"Tratamiento del acn\u00e9 Marbella - Soluciones para la piel","description":"Aclara tu piel con nuestros avanzados tratamientos contra el acn\u00e9 en Marbella. En Skin Solutions, ofrecemos soluciones personalizadas y no invasivas para resultados duraderos","robots":{"index":"index","follow":"follow","max-snippet":"max-snippet:-1","max-image-preview":"max-image-preview:large","max-video-preview":"max-video-preview:-1"},"canonical":"https:\/\/skinsolutions.es\/es\/tratamiento-para-el-acne\/","og_locale":"es_ES","og_type":"article","og_title":"Acne Treatment Marbella - Skin Solutions","og_description":"Clear your skin with our advanced acne treatments in Marbella. At Skin Solutions, we offer personalized, non-invasive solutions for lasting results","og_url":"https:\/\/skinsolutions.es\/es\/tratamiento-para-el-acne\/","og_site_name":"Skin Solutions","article_publisher":"https:\/\/www.facebook.com\/skinsolutions.marbella","article_modified_time":"2025-03-27T16:08:04+00:00","og_image":[{"url":"http:\/\/skinsolutions.es\/wp-content\/uploads\/2024\/10\/Acne-treatment.jpg","type":"","width":"","height":""}],"twitter_card":"summary_large_image","twitter_misc":{"Tiempo de lectura":"2 minutos"},"schema":{"@context":"https:\/\/schema.org","@graph":[{"@type":"WebPage","@id":"https:\/\/skinsolutions.es\/acne-treatment\/","url":"https:\/\/skinsolutions.es\/acne-treatment\/","name":"Tratamiento del acn\u00e9 Marbella - Soluciones para la piel","isPartOf":{"@id":"https:\/\/skinsolutions.es\/en\/#website"},"primaryImageOfPage":{"@id":"https:\/\/skinsolutions.es\/acne-treatment\/#primaryimage"},"image":{"@id":"https:\/\/skinsolutions.es\/acne-treatment\/#primaryimage"},"thumbnailUrl":"http:\/\/skinsolutions.es\/wp-content\/uploads\/2024\/10\/Acne-treatment.jpg","datePublished":"2024-07-22T06:46:56+00:00","dateModified":"2025-03-27T16:08:04+00:00","description":"Aclara tu piel con nuestros avanzados tratamientos contra el acn\u00e9 en Marbella. En Skin Solutions, ofrecemos soluciones personalizadas y no invasivas para resultados duraderos","breadcrumb":{"@id":"https:\/\/skinsolutions.es\/acne-treatment\/#breadcrumb"},"inLanguage":"es","potentialAction":[{"@type":"ReadAction","target":["https:\/\/skinsolutions.es\/acne-treatment\/"]}]},{"@type":"ImageObject","inLanguage":"es","@id":"https:\/\/skinsolutions.es\/acne-treatment\/#primaryimage","url":"http:\/\/skinsolutions.es\/wp-content\/uploads\/2024\/10\/Acne-treatment.jpg","contentUrl":"http:\/\/skinsolutions.es\/wp-content\/uploads\/2024\/10\/Acne-treatment.jpg"},{"@type":"BreadcrumbList","@id":"https:\/\/skinsolutions.es\/acne-treatment\/#breadcrumb","itemListElement":[{"@type":"ListItem","position":1,"name":"Accueil","item":"https:\/\/skinsolutions.es\/"},{"@type":"ListItem","position":2,"name":"Acne Treatment"}]},{"@type":"WebSite","@id":"https:\/\/skinsolutions.es\/en\/#website","url":"https:\/\/skinsolutions.es\/en\/","name":"Skin Solutions Marbella","description":"La referencia en belleza","publisher":{"@id":"https:\/\/skinsolutions.es\/en\/#organization"},"potentialAction":[{"@type":"SearchAction","target":{"@type":"EntryPoint","urlTemplate":"https:\/\/skinsolutions.es\/en\/?s={search_term_string}"},"query-input":{"@type":"PropertyValueSpecification","valueRequired":true,"valueName":"search_term_string"}}],"inLanguage":"es"},{"@type":"Organization","@id":"https:\/\/skinsolutions.es\/en\/#organization","name":"Skin Solutions Marbella","url":"https:\/\/skinsolutions.es\/en\/","logo":{"@type":"ImageObject","inLanguage":"es","@id":"https:\/\/skinsolutions.es\/en\/#\/schema\/logo\/image\/","url":"https:\/\/skinsolutions.es\/wp-content\/uploads\/2024\/10\/Logo-Icon-Site.png","contentUrl":"https:\/\/skinsolutions.es\/wp-content\/uploads\/2024\/10\/Logo-Icon-Site.png","width":512,"height":512,"caption":"Skin Solutions Marbella"},"image":{"@id":"https:\/\/skinsolutions.es\/en\/#\/schema\/logo\/image\/"},"sameAs":["https:\/\/www.facebook.com\/skinsolutions.marbella","https:\/\/www.instagram.com\/skinsolutions.marbella"]}]}},"_links":{"self":[{"href":"https:\/\/skinsolutions.es\/es\/wp-json\/wp\/v2\/pages\/2837","targetHints":{"allow":["GET"]}}],"collection":[{"href":"https:\/\/skinsolutions.es\/es\/wp-json\/wp\/v2\/pages"}],"about":[{"href":"https:\/\/skinsolutions.es\/es\/wp-json\/wp\/v2\/types\/page"}],"author":[{"embeddable":true,"href":"https:\/\/skinsolutions.es\/es\/wp-json\/wp\/v2\/users\/1"}],"replies":[{"embeddable":true,"href":"https:\/\/skinsolutions.es\/es\/wp-json\/wp\/v2\/comments?post=2837"}],"version-history":[{"count":0,"href":"https:\/\/skinsolutions.es\/es\/wp-json\/wp\/v2\/pages\/2837\/revisions"}],"wp:attachment":[{"href":"https:\/\/skinsolutions.es\/es\/wp-json\/wp\/v2\/media?parent=2837"}],"curies":[{"name":"wp","href":"https:\/\/api.w.org\/{rel}","templated":true}]}}