{"id":2911,"date":"2024-07-24T11:31:11","date_gmt":"2024-07-24T09:31:11","guid":{"rendered":"https:\/\/skinsolutions.es\/?page_id=2911"},"modified":"2025-03-27T17:10:10","modified_gmt":"2025-03-27T16:10:10","slug":"hydrafacial-md-es","status":"publish","type":"page","link":"https:\/\/skinsolutions.es\/es\/hydrafacial-md-es\/","title":{"rendered":"Hydrafacial MD"},"content":{"rendered":"<div data-elementor-type=\"wp-page\" data-elementor-id=\"2911\" class=\"elementor elementor-2911\">\n\t\t\t\t\t\t<section class=\"elementor-section elementor-top-section elementor-element elementor-element-7eaf7ce elementor-section-full_width elementor-section-content-middle elementor-section-height-full elementor-section-items-stretch elementor-section-height-default qodef-elementor-content-no\" data-id=\"7eaf7ce\" data-element_type=\"section\" data-settings=\"{&quot;background_background&quot;:&quot;classic&quot;}\">\n\t\t\t\t\t\t<div class=\"elementor-container elementor-column-gap-default\">\n\t\t\t\t\t<div class=\"elementor-column elementor-col-50 elementor-top-column elementor-element elementor-element-831a2cd\" data-id=\"831a2cd\" data-element_type=\"column\" data-settings=\"{&quot;background_background&quot;:&quot;classic&quot;}\">\n\t\t\t<div class=\"elementor-widget-wrap elementor-element-populated\">\n\t\t\t\t\t\t<div class=\"elementor-element elementor-element-ee7bafb elementor-widget elementor-widget-qi_addons_for_elementor_section_title\" data-id=\"ee7bafb\" data-element_type=\"widget\" data-widget_type=\"qi_addons_for_elementor_section_title.default\">\n\t\t\t\t<div class=\"elementor-widget-container\">\n\t\t\t\t\t<div class=\"qodef-shortcode qodef-m qodef-qi-section-title qodef-decoration--italic qodef-link--underline-draw qodef-subtitle-icon--left\">\n\t\t\t\t<h6 class=\"qodef-m-subtitle\">\n\t\tTratamientos Faciales\t\t\t<\/h6>\n\t\t\t<h1 class=\"qodef-m-title\">\n\t\tHydrafacial MD\t<\/h1>\n\t\t\t<\/div>\n\t\t\t\t<\/div>\n\t\t\t\t<\/div>\n\t\t\t\t\t<\/div>\n\t\t<\/div>\n\t\t\t\t<div class=\"elementor-column elementor-col-50 elementor-top-column elementor-element elementor-element-5fb5a01\" data-id=\"5fb5a01\" data-element_type=\"column\" data-settings=\"{&quot;background_background&quot;:&quot;classic&quot;}\">\n\t\t\t<div class=\"elementor-widget-wrap elementor-element-populated\">\n\t\t\t\t\t\t<div class=\"elementor-element elementor-element-bdad7b2 elementor-widget elementor-widget-spacer\" data-id=\"bdad7b2\" data-element_type=\"widget\" data-widget_type=\"spacer.default\">\n\t\t\t\t<div class=\"elementor-widget-container\">\n\t\t\t\t\t\t\t<div class=\"elementor-spacer\">\n\t\t\t<div class=\"elementor-spacer-inner\"><\/div>\n\t\t<\/div>\n\t\t\t\t\t\t<\/div>\n\t\t\t\t<\/div>\n\t\t\t\t\t<\/div>\n\t\t<\/div>\n\t\t\t\t\t<\/div>\n\t\t<\/section>\n\t\t<div class=\"elementor-element elementor-element-a410ae2 e-flex e-con-boxed qodef-elementor-content-no e-con e-parent\" data-id=\"a410ae2\" data-element_type=\"container\">\n\t\t\t\t\t<div class=\"e-con-inner\">\n\t\t<div class=\"elementor-element elementor-element-df75140 e-con-full e-flex qodef-elementor-content-no e-con e-child\" data-id=\"df75140\" data-element_type=\"container\">\n\t\t\t\t<div class=\"elementor-element elementor-element-52f4d33 elementor-widget elementor-widget-qi_addons_for_elementor_section_title\" data-id=\"52f4d33\" data-element_type=\"widget\" data-widget_type=\"qi_addons_for_elementor_section_title.default\">\n\t\t\t\t<div class=\"elementor-widget-container\">\n\t\t\t\t\t<div class=\"qodef-shortcode qodef-m qodef-qi-section-title qodef-decoration--italic qodef-link--underline-draw qodef-subtitle-icon--left\">\n\t\t\t<h4 class=\"qodef-m-title\">\n\t\tHydrafacial Exclusivo Marbella\t<\/h4>\n\t\t\t\t\t\t<\/div>\n\t\t\t\t<\/div>\n\t\t\t\t<\/div>\n\t\t\t\t<\/div>\n\t\t<div class=\"elementor-element elementor-element-4f733f8 e-con-full e-flex qodef-elementor-content-no e-con e-child\" data-id=\"4f733f8\" data-element_type=\"container\">\n\t\t\t\t<div class=\"elementor-element elementor-element-f2c6aaf elementor-widget elementor-widget-qi_addons_for_elementor_section_title\" data-id=\"f2c6aaf\" data-element_type=\"widget\" data-widget_type=\"qi_addons_for_elementor_section_title.default\">\n\t\t\t\t<div class=\"elementor-widget-container\">\n\t\t\t\t\t<div class=\"qodef-shortcode qodef-m qodef-qi-section-title qodef-decoration--italic qodef-link--underline-draw qodef-subtitle-icon--left\">\n\t\t\t\t\t\t\t\t<div class=\"qodef-m-text\"><p>En Skin Solutions Marbella, mejoramos el conocido HydraFacial MD con un enfoque personalizado y atenci\u00f3n experta. Este tratamiento combina limpieza profunda, exfoliaci\u00f3n, hidrataci\u00f3n e infusi\u00f3n de antioxidantes para obtener resultados notables y duraderos. Ya sea que desees reducir arrugas, igualar el tono de tu piel o mantener un brillo saludable, nuestro HydraFacial personalizado garantiza que tu piel luzca fresca y rejuvenecida despu\u00e9s de cada sesi\u00f3n.<\/p><\/div>\n\t<\/div>\n\t\t\t\t<\/div>\n\t\t\t\t<\/div>\n\t\t\t\t<\/div>\n\t\t\t\t\t<\/div>\n\t\t\t\t<\/div>\n\t\t<div class=\"elementor-element elementor-element-9d23e15 e-grid e-con-boxed qodef-elementor-content-no e-con e-parent\" data-id=\"9d23e15\" data-element_type=\"container\">\n\t\t\t\t\t<div class=\"e-con-inner\">\n\t\t\t\t<div class=\"elementor-element elementor-element-e30616f elementor-widget elementor-widget-image\" data-id=\"e30616f\" data-element_type=\"widget\" data-widget_type=\"image.default\">\n\t\t\t\t<div class=\"elementor-widget-container\">\n\t\t\t\t\t\t\t\t\t\t\t\t\t\t\t<img fetchpriority=\"high\" decoding=\"async\" width=\"1933\" height=\"1756\" src=\"https:\/\/skinsolutions.es\/wp-content\/uploads\/2024\/10\/Hydrafacial-MD-e1728085608872.jpg\" class=\"attachment-full size-full wp-image-4617\" alt=\"\" srcset=\"https:\/\/skinsolutions.es\/wp-content\/uploads\/2024\/10\/Hydrafacial-MD-e1728085608872.jpg 1933w, https:\/\/skinsolutions.es\/wp-content\/uploads\/2024\/10\/Hydrafacial-MD-e1728085608872-300x273.jpg 300w, https:\/\/skinsolutions.es\/wp-content\/uploads\/2024\/10\/Hydrafacial-MD-e1728085608872-1024x930.jpg 1024w, https:\/\/skinsolutions.es\/wp-content\/uploads\/2024\/10\/Hydrafacial-MD-e1728085608872-768x698.jpg 768w, https:\/\/skinsolutions.es\/wp-content\/uploads\/2024\/10\/Hydrafacial-MD-e1728085608872-1536x1395.jpg 1536w, https:\/\/skinsolutions.es\/wp-content\/uploads\/2024\/10\/Hydrafacial-MD-e1728085608872-13x12.jpg 13w\" sizes=\"(max-width: 1933px) 100vw, 1933px\" \/>\t\t\t\t\t\t\t\t\t\t\t\t\t\t\t<\/div>\n\t\t\t\t<\/div>\n\t\t<div class=\"elementor-element elementor-element-d043d88 e-flex e-con-boxed qodef-elementor-content-no e-con e-child\" data-id=\"d043d88\" data-element_type=\"container\">\n\t\t\t\t\t<div class=\"e-con-inner\">\n\t\t\t\t<div class=\"elementor-element elementor-element-b849c0a elementor-widget elementor-widget-qi_addons_for_elementor_section_title\" data-id=\"b849c0a\" data-element_type=\"widget\" data-widget_type=\"qi_addons_for_elementor_section_title.default\">\n\t\t\t\t<div class=\"elementor-widget-container\">\n\t\t\t\t\t<div class=\"qodef-shortcode qodef-m qodef-qi-section-title qodef-decoration--italic qodef-link--underline-draw qodef-subtitle-icon--left\">\n\t\t\t\t\t\t\t\t<div class=\"qodef-m-text\"><p>El tratamiento Hydrafacial MD ofrece una limpieza profunda a trav\u00e9s de extracci\u00f3n por succi\u00f3n y eliminaci\u00f3n asistida por m\u00e1quina de impurezas, mientras aplica ingredientes activos espec\u00edficos para una exfoliaci\u00f3n e hidrataci\u00f3n efectivas. Aborda preocupaciones espec\u00edficas como la pigmentaci\u00f3n, el tama\u00f1o de los poros, la congesti\u00f3n y las arrugas, e incluso extiende sus beneficios innovadores a tratamientos para el cuero cabelludo y el cuerpo.<\/p><p>Utilizando un enfoque personalizado y patentado de 3 pasos, el proceso incluye una exfoliaci\u00f3n suave para revelar una piel fresca, succi\u00f3n indolora para eliminar impurezas y humectantes intensos combinados con ingredientes nutritivos para saturar la piel, dej\u00e1ndola hidratada y revitalizada. Este tratamiento integral est\u00e1 dise\u00f1ado para mejorar la apariencia general de tu piel y cumplir con tus objetivos espec\u00edficos de cuidado cut\u00e1neo.<\/p><\/div>\n\t<\/div>\n\t\t\t\t<\/div>\n\t\t\t\t<\/div>\n\t\t\t\t\t<\/div>\n\t\t\t\t<\/div>\n\t\t\t\t\t<\/div>\n\t\t\t\t<\/div>\n\t\t\t\t<\/div>","protected":false},"excerpt":{"rendered":"<p>Facial Treatments Hydrafacial MD Signature Hydrafacial Marbella At Skin Solutions Marbella, we enhance the well-known HydraFacial MD with a personalized approach and expert care. This treatment combines deep cleansing, exfoliation, hydration, and antioxidant infusion for noticeable, lasting results. Whether you want to reduce wrinkles, even out your skin tone, or maintain a healthy glow, our [&hellip;]<\/p>","protected":false},"author":1,"featured_media":0,"parent":0,"menu_order":0,"comment_status":"closed","ping_status":"closed","template":"qi-full-width.php","meta":{"footnotes":""},"class_list":["post-2911","page","type-page","status-publish","hentry"],"yoast_head":"<!-- This site is optimized with the Yoast SEO plugin v25.6 - https:\/\/yoast.com\/wordpress\/plugins\/seo\/ -->\n<title>Hydrafacial Treatment Marbella - Skin Solutions<\/title>\n<meta name=\"description\" content=\"Reveal radiant, deeply cleansed skin with our Hydrafacial treatment in Marbella. Skin Solutions offers advanced, non-invasive skincare for all skin types\" \/>\n<meta name=\"robots\" content=\"index, follow, max-snippet:-1, max-image-preview:large, max-video-preview:-1\" \/>\n<link rel=\"canonical\" href=\"https:\/\/skinsolutions.es\/es\/hydrafacial-md-es\/\" \/>\n<meta property=\"og:locale\" content=\"es_ES\" \/>\n<meta property=\"og:type\" content=\"article\" \/>\n<meta property=\"og:title\" content=\"Hydrafacial Treatment Marbella - Skin Solutions\" \/>\n<meta property=\"og:description\" content=\"Reveal radiant, deeply cleansed skin with our Hydrafacial treatment in Marbella. Skin Solutions offers advanced, non-invasive skincare for all skin types\" \/>\n<meta property=\"og:url\" content=\"https:\/\/skinsolutions.es\/es\/hydrafacial-md-es\/\" \/>\n<meta property=\"og:site_name\" content=\"Skin Solutions\" \/>\n<meta property=\"article:publisher\" content=\"https:\/\/www.facebook.com\/skinsolutions.marbella\" \/>\n<meta property=\"article:modified_time\" content=\"2025-03-27T16:10:10+00:00\" \/>\n<meta property=\"og:image\" content=\"http:\/\/skinsolutions.es\/wp-content\/uploads\/2024\/10\/Hydrafacial-MD-e1728085608872.jpg\" \/>\n<meta name=\"twitter:card\" content=\"summary_large_image\" \/>\n<meta name=\"twitter:label1\" content=\"Tiempo de lectura\" \/>\n\t<meta name=\"twitter:data1\" content=\"1 minuto\" \/>\n<script type=\"application\/ld+json\" class=\"yoast-schema-graph\">{\"@context\":\"https:\/\/schema.org\",\"@graph\":[{\"@type\":\"WebPage\",\"@id\":\"https:\/\/skinsolutions.es\/hydrafacial-md\/\",\"url\":\"https:\/\/skinsolutions.es\/hydrafacial-md\/\",\"name\":\"Hydrafacial Treatment Marbella - Skin Solutions\",\"isPartOf\":{\"@id\":\"https:\/\/skinsolutions.es\/en\/#website\"},\"primaryImageOfPage\":{\"@id\":\"https:\/\/skinsolutions.es\/hydrafacial-md\/#primaryimage\"},\"image\":{\"@id\":\"https:\/\/skinsolutions.es\/hydrafacial-md\/#primaryimage\"},\"thumbnailUrl\":\"http:\/\/skinsolutions.es\/wp-content\/uploads\/2024\/10\/Hydrafacial-MD-e1728085608872.jpg\",\"datePublished\":\"2024-07-24T09:31:11+00:00\",\"dateModified\":\"2025-03-27T16:10:10+00:00\",\"description\":\"Reveal radiant, deeply cleansed skin with our Hydrafacial treatment in Marbella. Skin Solutions offers advanced, non-invasive skincare for all skin types\",\"breadcrumb\":{\"@id\":\"https:\/\/skinsolutions.es\/hydrafacial-md\/#breadcrumb\"},\"inLanguage\":\"es\",\"potentialAction\":[{\"@type\":\"ReadAction\",\"target\":[\"https:\/\/skinsolutions.es\/hydrafacial-md\/\"]}]},{\"@type\":\"ImageObject\",\"inLanguage\":\"es\",\"@id\":\"https:\/\/skinsolutions.es\/hydrafacial-md\/#primaryimage\",\"url\":\"http:\/\/skinsolutions.es\/wp-content\/uploads\/2024\/10\/Hydrafacial-MD-e1728085608872.jpg\",\"contentUrl\":\"http:\/\/skinsolutions.es\/wp-content\/uploads\/2024\/10\/Hydrafacial-MD-e1728085608872.jpg\"},{\"@type\":\"BreadcrumbList\",\"@id\":\"https:\/\/skinsolutions.es\/hydrafacial-md\/#breadcrumb\",\"itemListElement\":[{\"@type\":\"ListItem\",\"position\":1,\"name\":\"Accueil\",\"item\":\"https:\/\/skinsolutions.es\/\"},{\"@type\":\"ListItem\",\"position\":2,\"name\":\"Hydrafacial MD\"}]},{\"@type\":\"WebSite\",\"@id\":\"https:\/\/skinsolutions.es\/en\/#website\",\"url\":\"https:\/\/skinsolutions.es\/en\/\",\"name\":\"Skin Solutions Marbella\",\"description\":\"The Beauty Reference\",\"publisher\":{\"@id\":\"https:\/\/skinsolutions.es\/en\/#organization\"},\"potentialAction\":[{\"@type\":\"SearchAction\",\"target\":{\"@type\":\"EntryPoint\",\"urlTemplate\":\"https:\/\/skinsolutions.es\/en\/?s={search_term_string}\"},\"query-input\":{\"@type\":\"PropertyValueSpecification\",\"valueRequired\":true,\"valueName\":\"search_term_string\"}}],\"inLanguage\":\"es\"},{\"@type\":\"Organization\",\"@id\":\"https:\/\/skinsolutions.es\/en\/#organization\",\"name\":\"Skin Solutions Marbella\",\"url\":\"https:\/\/skinsolutions.es\/en\/\",\"logo\":{\"@type\":\"ImageObject\",\"inLanguage\":\"es\",\"@id\":\"https:\/\/skinsolutions.es\/en\/#\/schema\/logo\/image\/\",\"url\":\"https:\/\/skinsolutions.es\/wp-content\/uploads\/2024\/10\/Logo-Icon-Site.png\",\"contentUrl\":\"https:\/\/skinsolutions.es\/wp-content\/uploads\/2024\/10\/Logo-Icon-Site.png\",\"width\":512,\"height\":512,\"caption\":\"Skin Solutions Marbella\"},\"image\":{\"@id\":\"https:\/\/skinsolutions.es\/en\/#\/schema\/logo\/image\/\"},\"sameAs\":[\"https:\/\/www.facebook.com\/skinsolutions.marbella\",\"https:\/\/www.instagram.com\/skinsolutions.marbella\"]}]}<\/script>\n<!-- \/ Yoast SEO plugin. -->","yoast_head_json":{"title":"Tratamiento Hydrafacial Marbella \u2013 Skin Solutions","description":"Revela una piel radiante y profundamente limpia con nuestro tratamiento Hydrafacial en Marbella. Skin Solutions ofrece un cuidado avanzado y no invasivo para todo tipo de piel","robots":{"index":"index","follow":"follow","max-snippet":"max-snippet:-1","max-image-preview":"max-image-preview:large","max-video-preview":"max-video-preview:-1"},"canonical":"https:\/\/skinsolutions.es\/es\/hydrafacial-md-es\/","og_locale":"es_ES","og_type":"article","og_title":"Hydrafacial Treatment Marbella - Skin Solutions","og_description":"Reveal radiant, deeply cleansed skin with our Hydrafacial treatment in Marbella. Skin Solutions offers advanced, non-invasive skincare for all skin types","og_url":"https:\/\/skinsolutions.es\/es\/hydrafacial-md-es\/","og_site_name":"Skin Solutions","article_publisher":"https:\/\/www.facebook.com\/skinsolutions.marbella","article_modified_time":"2025-03-27T16:10:10+00:00","og_image":[{"url":"http:\/\/skinsolutions.es\/wp-content\/uploads\/2024\/10\/Hydrafacial-MD-e1728085608872.jpg","type":"","width":"","height":""}],"twitter_card":"summary_large_image","twitter_misc":{"Tiempo de lectura":"1 minuto"},"schema":{"@context":"https:\/\/schema.org","@graph":[{"@type":"WebPage","@id":"https:\/\/skinsolutions.es\/hydrafacial-md\/","url":"https:\/\/skinsolutions.es\/hydrafacial-md\/","name":"Tratamiento Hydrafacial Marbella \u2013 Skin Solutions","isPartOf":{"@id":"https:\/\/skinsolutions.es\/en\/#website"},"primaryImageOfPage":{"@id":"https:\/\/skinsolutions.es\/hydrafacial-md\/#primaryimage"},"image":{"@id":"https:\/\/skinsolutions.es\/hydrafacial-md\/#primaryimage"},"thumbnailUrl":"http:\/\/skinsolutions.es\/wp-content\/uploads\/2024\/10\/Hydrafacial-MD-e1728085608872.jpg","datePublished":"2024-07-24T09:31:11+00:00","dateModified":"2025-03-27T16:10:10+00:00","description":"Revela una piel radiante y profundamente limpia con nuestro tratamiento Hydrafacial en Marbella. Skin Solutions ofrece un cuidado avanzado y no invasivo para todo tipo de piel","breadcrumb":{"@id":"https:\/\/skinsolutions.es\/hydrafacial-md\/#breadcrumb"},"inLanguage":"es","potentialAction":[{"@type":"ReadAction","target":["https:\/\/skinsolutions.es\/hydrafacial-md\/"]}]},{"@type":"ImageObject","inLanguage":"es","@id":"https:\/\/skinsolutions.es\/hydrafacial-md\/#primaryimage","url":"http:\/\/skinsolutions.es\/wp-content\/uploads\/2024\/10\/Hydrafacial-MD-e1728085608872.jpg","contentUrl":"http:\/\/skinsolutions.es\/wp-content\/uploads\/2024\/10\/Hydrafacial-MD-e1728085608872.jpg"},{"@type":"BreadcrumbList","@id":"https:\/\/skinsolutions.es\/hydrafacial-md\/#breadcrumb","itemListElement":[{"@type":"ListItem","position":1,"name":"Accueil","item":"https:\/\/skinsolutions.es\/"},{"@type":"ListItem","position":2,"name":"Hydrafacial MD"}]},{"@type":"WebSite","@id":"https:\/\/skinsolutions.es\/en\/#website","url":"https:\/\/skinsolutions.es\/en\/","name":"Skin Solutions Marbella","description":"La referencia en belleza","publisher":{"@id":"https:\/\/skinsolutions.es\/en\/#organization"},"potentialAction":[{"@type":"SearchAction","target":{"@type":"EntryPoint","urlTemplate":"https:\/\/skinsolutions.es\/en\/?s={search_term_string}"},"query-input":{"@type":"PropertyValueSpecification","valueRequired":true,"valueName":"search_term_string"}}],"inLanguage":"es"},{"@type":"Organization","@id":"https:\/\/skinsolutions.es\/en\/#organization","name":"Skin Solutions Marbella","url":"https:\/\/skinsolutions.es\/en\/","logo":{"@type":"ImageObject","inLanguage":"es","@id":"https:\/\/skinsolutions.es\/en\/#\/schema\/logo\/image\/","url":"https:\/\/skinsolutions.es\/wp-content\/uploads\/2024\/10\/Logo-Icon-Site.png","contentUrl":"https:\/\/skinsolutions.es\/wp-content\/uploads\/2024\/10\/Logo-Icon-Site.png","width":512,"height":512,"caption":"Skin Solutions Marbella"},"image":{"@id":"https:\/\/skinsolutions.es\/en\/#\/schema\/logo\/image\/"},"sameAs":["https:\/\/www.facebook.com\/skinsolutions.marbella","https:\/\/www.instagram.com\/skinsolutions.marbella"]}]}},"_links":{"self":[{"href":"https:\/\/skinsolutions.es\/es\/wp-json\/wp\/v2\/pages\/2911","targetHints":{"allow":["GET"]}}],"collection":[{"href":"https:\/\/skinsolutions.es\/es\/wp-json\/wp\/v2\/pages"}],"about":[{"href":"https:\/\/skinsolutions.es\/es\/wp-json\/wp\/v2\/types\/page"}],"author":[{"embeddable":true,"href":"https:\/\/skinsolutions.es\/es\/wp-json\/wp\/v2\/users\/1"}],"replies":[{"embeddable":true,"href":"https:\/\/skinsolutions.es\/es\/wp-json\/wp\/v2\/comments?post=2911"}],"version-history":[{"count":0,"href":"https:\/\/skinsolutions.es\/es\/wp-json\/wp\/v2\/pages\/2911\/revisions"}],"wp:attachment":[{"href":"https:\/\/skinsolutions.es\/es\/wp-json\/wp\/v2\/media?parent=2911"}],"curies":[{"name":"wp","href":"https:\/\/api.w.org\/{rel}","templated":true}]}}