{"id":3053,"date":"2024-08-23T14:49:20","date_gmt":"2024-08-23T12:49:20","guid":{"rendered":"https:\/\/skinsolutions.es\/?page_id=3053"},"modified":"2025-03-27T17:10:46","modified_gmt":"2025-03-27T16:10:46","slug":"luminosidad-facial","status":"publish","type":"page","link":"https:\/\/skinsolutions.es\/es\/luminosidad-facial\/","title":{"rendered":"Brillo Facial"},"content":{"rendered":"<div data-elementor-type=\"wp-page\" data-elementor-id=\"3053\" class=\"elementor elementor-3053\">\n\t\t\t\t\t\t<section class=\"elementor-section elementor-top-section elementor-element elementor-element-7eaf7ce elementor-section-full_width elementor-section-content-middle elementor-section-height-full elementor-section-items-stretch elementor-section-height-default qodef-elementor-content-no\" data-id=\"7eaf7ce\" data-element_type=\"section\" data-settings=\"{&quot;background_background&quot;:&quot;classic&quot;}\">\n\t\t\t\t\t\t<div class=\"elementor-container elementor-column-gap-default\">\n\t\t\t\t\t<div class=\"elementor-column elementor-col-50 elementor-top-column elementor-element elementor-element-831a2cd\" data-id=\"831a2cd\" data-element_type=\"column\" data-settings=\"{&quot;background_background&quot;:&quot;classic&quot;}\">\n\t\t\t<div class=\"elementor-widget-wrap elementor-element-populated\">\n\t\t\t\t\t\t<div class=\"elementor-element elementor-element-ee7bafb elementor-widget elementor-widget-qi_addons_for_elementor_section_title\" data-id=\"ee7bafb\" data-element_type=\"widget\" data-widget_type=\"qi_addons_for_elementor_section_title.default\">\n\t\t\t\t<div class=\"elementor-widget-container\">\n\t\t\t\t\t<div class=\"qodef-shortcode qodef-m qodef-qi-section-title qodef-decoration--italic qodef-link--underline-draw qodef-subtitle-icon--left\">\n\t\t\t\t<h6 class=\"qodef-m-subtitle\">\n\t\tTratamientos Faciales\t\t\t<\/h6>\n\t\t\t<h1 class=\"qodef-m-title\">\n\t\tBrillo Facial\t<\/h1>\n\t\t\t<\/div>\n\t\t\t\t<\/div>\n\t\t\t\t<\/div>\n\t\t\t\t\t<\/div>\n\t\t<\/div>\n\t\t\t\t<div class=\"elementor-column elementor-col-50 elementor-top-column elementor-element elementor-element-5fb5a01\" data-id=\"5fb5a01\" data-element_type=\"column\" data-settings=\"{&quot;background_background&quot;:&quot;classic&quot;}\">\n\t\t\t<div class=\"elementor-widget-wrap elementor-element-populated\">\n\t\t\t\t\t\t<div class=\"elementor-element elementor-element-bdad7b2 elementor-widget elementor-widget-spacer\" data-id=\"bdad7b2\" data-element_type=\"widget\" data-widget_type=\"spacer.default\">\n\t\t\t\t<div class=\"elementor-widget-container\">\n\t\t\t\t\t\t\t<div class=\"elementor-spacer\">\n\t\t\t<div class=\"elementor-spacer-inner\"><\/div>\n\t\t<\/div>\n\t\t\t\t\t\t<\/div>\n\t\t\t\t<\/div>\n\t\t\t\t\t<\/div>\n\t\t<\/div>\n\t\t\t\t\t<\/div>\n\t\t<\/section>\n\t\t<div class=\"elementor-element elementor-element-ebb11fa e-flex e-con-boxed qodef-elementor-content-no e-con e-parent\" data-id=\"ebb11fa\" data-element_type=\"container\">\n\t\t\t\t\t<div class=\"e-con-inner\">\n\t\t<div class=\"elementor-element elementor-element-f1ab5c9 e-con-full e-flex qodef-elementor-content-no e-con e-child\" data-id=\"f1ab5c9\" data-element_type=\"container\">\n\t\t\t\t<div class=\"elementor-element elementor-element-14817c9 elementor-widget elementor-widget-qi_addons_for_elementor_section_title\" data-id=\"14817c9\" data-element_type=\"widget\" data-widget_type=\"qi_addons_for_elementor_section_title.default\">\n\t\t\t\t<div class=\"elementor-widget-container\">\n\t\t\t\t\t<div class=\"qodef-shortcode qodef-m qodef-qi-section-title qodef-decoration--italic qodef-link--underline-draw qodef-subtitle-icon--left\">\n\t\t\t<h4 class=\"qodef-m-title\">\n\t\tEl Look de Glamour de Hollywood Definitivo\t<\/h4>\n\t\t\t\t\t\t<\/div>\n\t\t\t\t<\/div>\n\t\t\t\t<\/div>\n\t\t\t\t<\/div>\n\t\t<div class=\"elementor-element elementor-element-dc35987 e-con-full e-flex qodef-elementor-content-no e-con e-child\" data-id=\"dc35987\" data-element_type=\"container\">\n\t\t\t\t<div class=\"elementor-element elementor-element-132610e elementor-widget elementor-widget-qi_addons_for_elementor_section_title\" data-id=\"132610e\" data-element_type=\"widget\" data-widget_type=\"qi_addons_for_elementor_section_title.default\">\n\t\t\t\t<div class=\"elementor-widget-container\">\n\t\t\t\t\t<div class=\"qodef-shortcode qodef-m qodef-qi-section-title qodef-decoration--italic qodef-link--underline-draw qodef-subtitle-icon--left\">\n\t\t\t\t\t\t\t\t<div class=\"qodef-m-text\"><p>Logra una piel radiante y luminosa con nuestro tratamiento Facial Glow en Skin Solutions Marbella. Este facial rejuvenecedor est\u00e1 dise\u00f1ado espec\u00edficamente para realzar la luminosidad natural de tu piel, proporcionando una apariencia fresca y vibrante.<\/p><\/div>\n\t<\/div>\n\t\t\t\t<\/div>\n\t\t\t\t<\/div>\n\t\t\t\t<\/div>\n\t\t\t\t\t<\/div>\n\t\t\t\t<\/div>\n\t\t<div class=\"elementor-element elementor-element-9d23e15 e-grid e-con-boxed qodef-elementor-content-no e-con e-parent\" data-id=\"9d23e15\" data-element_type=\"container\">\n\t\t\t\t\t<div class=\"e-con-inner\">\n\t\t\t\t<div class=\"elementor-element elementor-element-e30616f elementor-widget elementor-widget-image\" data-id=\"e30616f\" data-element_type=\"widget\" data-widget_type=\"image.default\">\n\t\t\t\t<div class=\"elementor-widget-container\">\n\t\t\t\t\t\t\t\t\t\t\t\t\t\t\t<img fetchpriority=\"high\" decoding=\"async\" width=\"650\" height=\"650\" src=\"https:\/\/skinsolutions.es\/wp-content\/uploads\/2024\/10\/WhatsApp-Image-2024-10-13-a-22.54.24_95488e46-650x650.jpg\" class=\"attachment-qi_addons_for_elementor_image_size_square size-qi_addons_for_elementor_image_size_square wp-image-6106\" alt=\"\" srcset=\"https:\/\/skinsolutions.es\/wp-content\/uploads\/2024\/10\/WhatsApp-Image-2024-10-13-a-22.54.24_95488e46-650x650.jpg 650w, https:\/\/skinsolutions.es\/wp-content\/uploads\/2024\/10\/WhatsApp-Image-2024-10-13-a-22.54.24_95488e46-150x150.jpg 150w\" sizes=\"(max-width: 650px) 100vw, 650px\" \/>\t\t\t\t\t\t\t\t\t\t\t\t\t\t\t<\/div>\n\t\t\t\t<\/div>\n\t\t<div class=\"elementor-element elementor-element-d043d88 e-flex e-con-boxed qodef-elementor-content-no e-con e-child\" data-id=\"d043d88\" data-element_type=\"container\">\n\t\t\t\t\t<div class=\"e-con-inner\">\n\t\t\t\t<div class=\"elementor-element elementor-element-afa9735 elementor-widget elementor-widget-qi_addons_for_elementor_section_title\" data-id=\"afa9735\" data-element_type=\"widget\" data-widget_type=\"qi_addons_for_elementor_section_title.default\">\n\t\t\t\t<div class=\"elementor-widget-container\">\n\t\t\t\t\t<div class=\"qodef-shortcode qodef-m qodef-qi-section-title qodef-decoration--italic qodef-link--underline-draw qodef-subtitle-icon--left\">\n\t\t\t\t\t\t\t\t<div class=\"qodef-m-text\"><p>Nuestro tratamiento avanzado de rejuvenecimiento cut\u00e1neo no invasivo ofrece una amplia gama de beneficios, asegurando que tu piel luzca y se sienta en su mejor estado. Exfolia suavemente la piel, lo que resulta en un acabado suave y radiante que realza tu brillo natural.<\/p><p>El tratamiento reduce eficazmente la apariencia de las cicatrices de acn\u00e9, promoviendo un tono de piel m\u00e1s uniforme, al mismo tiempo que se enfoca en las l\u00edneas finas y arrugas para ayudar a restaurar la elasticidad y firmeza juvenil. Adem\u00e1s, trabaja para reparar la piel da\u00f1ada por el sol, mejorando la textura y la apariencia general.<\/p><p>Al estimular la producci\u00f3n de col\u00e1geno, mantiene la estructura y vitalidad de la piel, mientras limpia profundamente los poros para eliminar los puntos negros y prevenir futuros brotes. El tratamiento infunde hidrataci\u00f3n en la piel, dej\u00e1ndola rellena, suave y nutrida. Utilizando tecnolog\u00eda de vanguardia, este tratamiento combina ox\u00edgeno puro con un suero fisiol\u00f3gico enriquecido con vitaminas esenciales A, C y E, creando una mezcla \u00fanica que rejuvenece la piel y mejora su salud y vitalidad.<\/p><\/div>\n\t<\/div>\n\t\t\t\t<\/div>\n\t\t\t\t<\/div>\n\t\t\t\t<div class=\"elementor-element elementor-element-707b6f6 elementor-widget elementor-widget-qi_addons_for_elementor_section_title\" data-id=\"707b6f6\" data-element_type=\"widget\" data-widget_type=\"qi_addons_for_elementor_section_title.default\">\n\t\t\t\t<div class=\"elementor-widget-container\">\n\t\t\t\t\t<div class=\"qodef-shortcode qodef-m qodef-qi-section-title qodef-decoration--italic qodef-link--underline-draw qodef-subtitle-icon--left\">\n\t\t\t\t\t\t<h4 class=\"qodef-m-title\">\n\t\tLos Resultados\t<\/h4>\n\t\t\t<div class=\"qodef-m-text\"><p>En Skin Solutions Marbella, nuestros tratamientos prometen un cutis luminoso que captura la esencia del glamour de Hollywood. Experimenta la transformaci\u00f3n mientras tu piel brilla con salud y radiancia, dej\u00e1ndote sentir segura y hermosa.<\/p><\/div>\n\t<\/div>\n\t\t\t\t<\/div>\n\t\t\t\t<\/div>\n\t\t\t\t\t<\/div>\n\t\t\t\t<\/div>\n\t\t\t\t\t<\/div>\n\t\t\t\t<\/div>\n\t\t\t\t<\/div>","protected":false},"excerpt":{"rendered":"<p>Facial Treatments Facial Glow The Ultimate Holywood Glam Look Achieve radiant, glowing skin with our Facial Glow treatment at Skin Solutions Marbella. This rejuvenating facial is specifically designed to enhance your skin\u2019s natural luminosity, providing a fresh and vibrant appearance. Our advanced, non-invasive skin rejuvenation treatment offers a comprehensive range of benefits, ensuring your skin [&hellip;]<\/p>","protected":false},"author":1,"featured_media":0,"parent":0,"menu_order":0,"comment_status":"closed","ping_status":"closed","template":"qi-full-width.php","meta":{"footnotes":""},"class_list":["post-3053","page","type-page","status-publish","hentry"],"yoast_head":"<!-- This site is optimized with the Yoast SEO plugin v25.6 - https:\/\/yoast.com\/wordpress\/plugins\/seo\/ -->\n<title>Facial Glow Treatment Marbella - Skin Solutions<\/title>\n<meta name=\"description\" content=\"Boost your skin\u2019s radiance with our Facial Glow Treatment in Marbella. At Skin Solutions, we offer tailored care for a luminous, refreshed complexion\" \/>\n<meta name=\"robots\" content=\"index, follow, max-snippet:-1, max-image-preview:large, max-video-preview:-1\" \/>\n<link rel=\"canonical\" href=\"https:\/\/skinsolutions.es\/es\/luminosidad-facial\/\" \/>\n<meta property=\"og:locale\" content=\"es_ES\" \/>\n<meta property=\"og:type\" content=\"article\" \/>\n<meta property=\"og:title\" content=\"Facial Glow Treatment Marbella - Skin Solutions\" \/>\n<meta property=\"og:description\" content=\"Boost your skin\u2019s radiance with our Facial Glow Treatment in Marbella. At Skin Solutions, we offer tailored care for a luminous, refreshed complexion\" \/>\n<meta property=\"og:url\" content=\"https:\/\/skinsolutions.es\/es\/luminosidad-facial\/\" \/>\n<meta property=\"og:site_name\" content=\"Skin Solutions\" \/>\n<meta property=\"article:publisher\" content=\"https:\/\/www.facebook.com\/skinsolutions.marbella\" \/>\n<meta property=\"article:modified_time\" content=\"2025-03-27T16:10:46+00:00\" \/>\n<meta property=\"og:image\" content=\"http:\/\/skinsolutions.es\/wp-content\/uploads\/2024\/10\/WhatsApp-Image-2024-10-13-a-22.54.24_95488e46-650x650.jpg\" \/>\n<meta name=\"twitter:card\" content=\"summary_large_image\" \/>\n<meta name=\"twitter:label1\" content=\"Tiempo de lectura\" \/>\n\t<meta name=\"twitter:data1\" content=\"2 minutos\" \/>\n<script type=\"application\/ld+json\" class=\"yoast-schema-graph\">{\"@context\":\"https:\/\/schema.org\",\"@graph\":[{\"@type\":\"WebPage\",\"@id\":\"https:\/\/skinsolutions.es\/facial-glow\/\",\"url\":\"https:\/\/skinsolutions.es\/facial-glow\/\",\"name\":\"Facial Glow Treatment Marbella - Skin Solutions\",\"isPartOf\":{\"@id\":\"https:\/\/skinsolutions.es\/en\/#website\"},\"primaryImageOfPage\":{\"@id\":\"https:\/\/skinsolutions.es\/facial-glow\/#primaryimage\"},\"image\":{\"@id\":\"https:\/\/skinsolutions.es\/facial-glow\/#primaryimage\"},\"thumbnailUrl\":\"http:\/\/skinsolutions.es\/wp-content\/uploads\/2024\/10\/WhatsApp-Image-2024-10-13-a-22.54.24_95488e46-650x650.jpg\",\"datePublished\":\"2024-08-23T12:49:20+00:00\",\"dateModified\":\"2025-03-27T16:10:46+00:00\",\"description\":\"Boost your skin\u2019s radiance with our Facial Glow Treatment in Marbella. At Skin Solutions, we offer tailored care for a luminous, refreshed complexion\",\"breadcrumb\":{\"@id\":\"https:\/\/skinsolutions.es\/facial-glow\/#breadcrumb\"},\"inLanguage\":\"es\",\"potentialAction\":[{\"@type\":\"ReadAction\",\"target\":[\"https:\/\/skinsolutions.es\/facial-glow\/\"]}]},{\"@type\":\"ImageObject\",\"inLanguage\":\"es\",\"@id\":\"https:\/\/skinsolutions.es\/facial-glow\/#primaryimage\",\"url\":\"http:\/\/skinsolutions.es\/wp-content\/uploads\/2024\/10\/WhatsApp-Image-2024-10-13-a-22.54.24_95488e46-650x650.jpg\",\"contentUrl\":\"http:\/\/skinsolutions.es\/wp-content\/uploads\/2024\/10\/WhatsApp-Image-2024-10-13-a-22.54.24_95488e46-650x650.jpg\"},{\"@type\":\"BreadcrumbList\",\"@id\":\"https:\/\/skinsolutions.es\/facial-glow\/#breadcrumb\",\"itemListElement\":[{\"@type\":\"ListItem\",\"position\":1,\"name\":\"Accueil\",\"item\":\"https:\/\/skinsolutions.es\/\"},{\"@type\":\"ListItem\",\"position\":2,\"name\":\"Facial Glow\"}]},{\"@type\":\"WebSite\",\"@id\":\"https:\/\/skinsolutions.es\/en\/#website\",\"url\":\"https:\/\/skinsolutions.es\/en\/\",\"name\":\"Skin Solutions Marbella\",\"description\":\"The Beauty Reference\",\"publisher\":{\"@id\":\"https:\/\/skinsolutions.es\/en\/#organization\"},\"potentialAction\":[{\"@type\":\"SearchAction\",\"target\":{\"@type\":\"EntryPoint\",\"urlTemplate\":\"https:\/\/skinsolutions.es\/en\/?s={search_term_string}\"},\"query-input\":{\"@type\":\"PropertyValueSpecification\",\"valueRequired\":true,\"valueName\":\"search_term_string\"}}],\"inLanguage\":\"es\"},{\"@type\":\"Organization\",\"@id\":\"https:\/\/skinsolutions.es\/en\/#organization\",\"name\":\"Skin Solutions Marbella\",\"url\":\"https:\/\/skinsolutions.es\/en\/\",\"logo\":{\"@type\":\"ImageObject\",\"inLanguage\":\"es\",\"@id\":\"https:\/\/skinsolutions.es\/en\/#\/schema\/logo\/image\/\",\"url\":\"https:\/\/skinsolutions.es\/wp-content\/uploads\/2024\/10\/Logo-Icon-Site.png\",\"contentUrl\":\"https:\/\/skinsolutions.es\/wp-content\/uploads\/2024\/10\/Logo-Icon-Site.png\",\"width\":512,\"height\":512,\"caption\":\"Skin Solutions Marbella\"},\"image\":{\"@id\":\"https:\/\/skinsolutions.es\/en\/#\/schema\/logo\/image\/\"},\"sameAs\":[\"https:\/\/www.facebook.com\/skinsolutions.marbella\",\"https:\/\/www.instagram.com\/skinsolutions.marbella\"]}]}<\/script>\n<!-- \/ Yoast SEO plugin. -->","yoast_head_json":{"title":"Tratamiento Facial de Luminosidad Marbella \u2013 Skin Solutions","description":"Potencia la luminosidad de tu piel con nuestro Tratamiento Facial de Luminosidad en Marbella. En Skin Solutions, ofrecemos cuidados personalizados para un cutis luminoso y revitalizado","robots":{"index":"index","follow":"follow","max-snippet":"max-snippet:-1","max-image-preview":"max-image-preview:large","max-video-preview":"max-video-preview:-1"},"canonical":"https:\/\/skinsolutions.es\/es\/luminosidad-facial\/","og_locale":"es_ES","og_type":"article","og_title":"Facial Glow Treatment Marbella - Skin Solutions","og_description":"Boost your skin\u2019s radiance with our Facial Glow Treatment in Marbella. At Skin Solutions, we offer tailored care for a luminous, refreshed complexion","og_url":"https:\/\/skinsolutions.es\/es\/luminosidad-facial\/","og_site_name":"Skin Solutions","article_publisher":"https:\/\/www.facebook.com\/skinsolutions.marbella","article_modified_time":"2025-03-27T16:10:46+00:00","og_image":[{"url":"http:\/\/skinsolutions.es\/wp-content\/uploads\/2024\/10\/WhatsApp-Image-2024-10-13-a-22.54.24_95488e46-650x650.jpg","type":"","width":"","height":""}],"twitter_card":"summary_large_image","twitter_misc":{"Tiempo de lectura":"2 minutos"},"schema":{"@context":"https:\/\/schema.org","@graph":[{"@type":"WebPage","@id":"https:\/\/skinsolutions.es\/facial-glow\/","url":"https:\/\/skinsolutions.es\/facial-glow\/","name":"Tratamiento Facial de Luminosidad Marbella \u2013 Skin Solutions","isPartOf":{"@id":"https:\/\/skinsolutions.es\/en\/#website"},"primaryImageOfPage":{"@id":"https:\/\/skinsolutions.es\/facial-glow\/#primaryimage"},"image":{"@id":"https:\/\/skinsolutions.es\/facial-glow\/#primaryimage"},"thumbnailUrl":"http:\/\/skinsolutions.es\/wp-content\/uploads\/2024\/10\/WhatsApp-Image-2024-10-13-a-22.54.24_95488e46-650x650.jpg","datePublished":"2024-08-23T12:49:20+00:00","dateModified":"2025-03-27T16:10:46+00:00","description":"Potencia la luminosidad de tu piel con nuestro Tratamiento Facial de Luminosidad en Marbella. En Skin Solutions, ofrecemos cuidados personalizados para un cutis luminoso y revitalizado","breadcrumb":{"@id":"https:\/\/skinsolutions.es\/facial-glow\/#breadcrumb"},"inLanguage":"es","potentialAction":[{"@type":"ReadAction","target":["https:\/\/skinsolutions.es\/facial-glow\/"]}]},{"@type":"ImageObject","inLanguage":"es","@id":"https:\/\/skinsolutions.es\/facial-glow\/#primaryimage","url":"http:\/\/skinsolutions.es\/wp-content\/uploads\/2024\/10\/WhatsApp-Image-2024-10-13-a-22.54.24_95488e46-650x650.jpg","contentUrl":"http:\/\/skinsolutions.es\/wp-content\/uploads\/2024\/10\/WhatsApp-Image-2024-10-13-a-22.54.24_95488e46-650x650.jpg"},{"@type":"BreadcrumbList","@id":"https:\/\/skinsolutions.es\/facial-glow\/#breadcrumb","itemListElement":[{"@type":"ListItem","position":1,"name":"Accueil","item":"https:\/\/skinsolutions.es\/"},{"@type":"ListItem","position":2,"name":"Facial Glow"}]},{"@type":"WebSite","@id":"https:\/\/skinsolutions.es\/en\/#website","url":"https:\/\/skinsolutions.es\/en\/","name":"Skin Solutions Marbella","description":"La referencia en belleza","publisher":{"@id":"https:\/\/skinsolutions.es\/en\/#organization"},"potentialAction":[{"@type":"SearchAction","target":{"@type":"EntryPoint","urlTemplate":"https:\/\/skinsolutions.es\/en\/?s={search_term_string}"},"query-input":{"@type":"PropertyValueSpecification","valueRequired":true,"valueName":"search_term_string"}}],"inLanguage":"es"},{"@type":"Organization","@id":"https:\/\/skinsolutions.es\/en\/#organization","name":"Skin Solutions Marbella","url":"https:\/\/skinsolutions.es\/en\/","logo":{"@type":"ImageObject","inLanguage":"es","@id":"https:\/\/skinsolutions.es\/en\/#\/schema\/logo\/image\/","url":"https:\/\/skinsolutions.es\/wp-content\/uploads\/2024\/10\/Logo-Icon-Site.png","contentUrl":"https:\/\/skinsolutions.es\/wp-content\/uploads\/2024\/10\/Logo-Icon-Site.png","width":512,"height":512,"caption":"Skin Solutions Marbella"},"image":{"@id":"https:\/\/skinsolutions.es\/en\/#\/schema\/logo\/image\/"},"sameAs":["https:\/\/www.facebook.com\/skinsolutions.marbella","https:\/\/www.instagram.com\/skinsolutions.marbella"]}]}},"_links":{"self":[{"href":"https:\/\/skinsolutions.es\/es\/wp-json\/wp\/v2\/pages\/3053","targetHints":{"allow":["GET"]}}],"collection":[{"href":"https:\/\/skinsolutions.es\/es\/wp-json\/wp\/v2\/pages"}],"about":[{"href":"https:\/\/skinsolutions.es\/es\/wp-json\/wp\/v2\/types\/page"}],"author":[{"embeddable":true,"href":"https:\/\/skinsolutions.es\/es\/wp-json\/wp\/v2\/users\/1"}],"replies":[{"embeddable":true,"href":"https:\/\/skinsolutions.es\/es\/wp-json\/wp\/v2\/comments?post=3053"}],"version-history":[{"count":0,"href":"https:\/\/skinsolutions.es\/es\/wp-json\/wp\/v2\/pages\/3053\/revisions"}],"wp:attachment":[{"href":"https:\/\/skinsolutions.es\/es\/wp-json\/wp\/v2\/media?parent=3053"}],"curies":[{"name":"wp","href":"https:\/\/api.w.org\/{rel}","templated":true}]}}