{"id":3070,"date":"2024-08-23T15:17:40","date_gmt":"2024-08-23T13:17:40","guid":{"rendered":"https:\/\/skinsolutions.es\/?page_id=3070"},"modified":"2025-03-27T17:11:31","modified_gmt":"2025-03-27T16:11:31","slug":"hiperpigmentacion-postinflamatoria","status":"publish","type":"page","link":"https:\/\/skinsolutions.es\/es\/hiperpigmentacion-postinflamatoria\/","title":{"rendered":"Hiperpigmentaci\u00f3n Postinflamatoria"},"content":{"rendered":"<div data-elementor-type=\"wp-page\" data-elementor-id=\"3070\" class=\"elementor elementor-3070\">\n\t\t\t\t\t\t<section class=\"elementor-section elementor-top-section elementor-element elementor-element-7eaf7ce elementor-section-full_width elementor-section-content-middle elementor-section-height-full elementor-section-items-stretch elementor-section-height-default qodef-elementor-content-no\" data-id=\"7eaf7ce\" data-element_type=\"section\" data-settings=\"{&quot;background_background&quot;:&quot;classic&quot;}\">\n\t\t\t\t\t\t<div class=\"elementor-container elementor-column-gap-default\">\n\t\t\t\t\t<div class=\"elementor-column elementor-col-50 elementor-top-column elementor-element elementor-element-831a2cd\" data-id=\"831a2cd\" data-element_type=\"column\" data-settings=\"{&quot;background_background&quot;:&quot;classic&quot;}\">\n\t\t\t<div class=\"elementor-widget-wrap elementor-element-populated\">\n\t\t\t\t\t\t<div class=\"elementor-element elementor-element-ee7bafb elementor-widget elementor-widget-qi_addons_for_elementor_section_title\" data-id=\"ee7bafb\" data-element_type=\"widget\" data-widget_type=\"qi_addons_for_elementor_section_title.default\">\n\t\t\t\t<div class=\"elementor-widget-container\">\n\t\t\t\t\t<div class=\"qodef-shortcode qodef-m qodef-qi-section-title qodef-decoration--italic qodef-link--underline-draw qodef-subtitle-icon--left\">\n\t\t\t\t<h6 class=\"qodef-m-subtitle\">\n\t\tTratamientos Faciales\t\t\t<\/h6>\n\t\t\t<h2 class=\"qodef-m-title\">\n\t\tHiperpigmentaci\u00f3n Postinflamatoria\t<\/h2>\n\t\t\t<\/div>\n\t\t\t\t<\/div>\n\t\t\t\t<\/div>\n\t\t\t\t\t<\/div>\n\t\t<\/div>\n\t\t\t\t<div class=\"elementor-column elementor-col-50 elementor-top-column elementor-element elementor-element-5fb5a01\" data-id=\"5fb5a01\" data-element_type=\"column\" data-settings=\"{&quot;background_background&quot;:&quot;classic&quot;}\">\n\t\t\t<div class=\"elementor-widget-wrap elementor-element-populated\">\n\t\t\t\t\t\t<div class=\"elementor-element elementor-element-bdad7b2 elementor-widget elementor-widget-spacer\" data-id=\"bdad7b2\" data-element_type=\"widget\" data-widget_type=\"spacer.default\">\n\t\t\t\t<div class=\"elementor-widget-container\">\n\t\t\t\t\t\t\t<div class=\"elementor-spacer\">\n\t\t\t<div class=\"elementor-spacer-inner\"><\/div>\n\t\t<\/div>\n\t\t\t\t\t\t<\/div>\n\t\t\t\t<\/div>\n\t\t\t\t\t<\/div>\n\t\t<\/div>\n\t\t\t\t\t<\/div>\n\t\t<\/section>\n\t\t<div class=\"elementor-element elementor-element-083724f e-flex e-con-boxed qodef-elementor-content-no e-con e-parent\" data-id=\"083724f\" data-element_type=\"container\">\n\t\t\t\t\t<div class=\"e-con-inner\">\n\t\t<div class=\"elementor-element elementor-element-39754ed e-con-full e-flex qodef-elementor-content-no e-con e-child\" data-id=\"39754ed\" data-element_type=\"container\">\n\t\t\t\t<div class=\"elementor-element elementor-element-afd866b elementor-widget elementor-widget-qi_addons_for_elementor_section_title\" data-id=\"afd866b\" data-element_type=\"widget\" data-widget_type=\"qi_addons_for_elementor_section_title.default\">\n\t\t\t\t<div class=\"elementor-widget-container\">\n\t\t\t\t\t<div class=\"qodef-shortcode qodef-m qodef-qi-section-title qodef-decoration--italic qodef-link--underline-draw qodef-subtitle-icon--left\">\n\t\t\t<h4 class=\"qodef-m-title\">\n\t\tRedescubre tu Resplandor en Marbella\t<\/h4>\n\t\t\t\t\t\t<\/div>\n\t\t\t\t<\/div>\n\t\t\t\t<\/div>\n\t\t\t\t<\/div>\n\t\t<div class=\"elementor-element elementor-element-e9d61c3 e-con-full e-flex qodef-elementor-content-no e-con e-child\" data-id=\"e9d61c3\" data-element_type=\"container\">\n\t\t\t\t<div class=\"elementor-element elementor-element-9938193 elementor-widget elementor-widget-qi_addons_for_elementor_section_title\" data-id=\"9938193\" data-element_type=\"widget\" data-widget_type=\"qi_addons_for_elementor_section_title.default\">\n\t\t\t\t<div class=\"elementor-widget-container\">\n\t\t\t\t\t<div class=\"qodef-shortcode qodef-m qodef-qi-section-title qodef-decoration--italic qodef-link--underline-draw qodef-subtitle-icon--left\">\n\t\t\t\t\t\t\t\t<div class=\"qodef-m-text\"><p>La hiperpigmentaci\u00f3n postinflamatoria es una condici\u00f3n de la piel caracterizada por manchas oscuras que aparecen despu\u00e9s de una inflamaci\u00f3n o trauma. Esta condici\u00f3n resulta de una sobreproducci\u00f3n de melanina y puede tratarse para restaurar un tono de piel uniforme.<\/p><\/div>\n\t<\/div>\n\t\t\t\t<\/div>\n\t\t\t\t<\/div>\n\t\t\t\t<\/div>\n\t\t\t\t\t<\/div>\n\t\t\t\t<\/div>\n\t\t<div class=\"elementor-element elementor-element-9d23e15 e-grid e-con-boxed qodef-elementor-content-no e-con e-parent\" data-id=\"9d23e15\" data-element_type=\"container\">\n\t\t\t\t\t<div class=\"e-con-inner\">\n\t\t\t\t<div class=\"elementor-element elementor-element-e30616f elementor-widget elementor-widget-image\" data-id=\"e30616f\" data-element_type=\"widget\" data-widget_type=\"image.default\">\n\t\t\t\t<div class=\"elementor-widget-container\">\n\t\t\t\t\t\t\t\t\t\t\t\t\t\t\t<img fetchpriority=\"high\" decoding=\"async\" width=\"2400\" height=\"2400\" src=\"https:\/\/skinsolutions.es\/wp-content\/uploads\/2024\/08\/facial-postinflamatory-hyperpigmentation-results.jpg\" class=\"attachment-full size-full wp-image-3080\" alt=\"resultado de un tratamiento facial postinflamatorio para la hiperpigmentaci\u00f3n\" srcset=\"https:\/\/skinsolutions.es\/wp-content\/uploads\/2024\/08\/facial-postinflamatory-hyperpigmentation-results.jpg 2400w, https:\/\/skinsolutions.es\/wp-content\/uploads\/2024\/08\/facial-postinflamatory-hyperpigmentation-results-300x300.jpg 300w, https:\/\/skinsolutions.es\/wp-content\/uploads\/2024\/08\/facial-postinflamatory-hyperpigmentation-results-1024x1024.jpg 1024w, https:\/\/skinsolutions.es\/wp-content\/uploads\/2024\/08\/facial-postinflamatory-hyperpigmentation-results-150x150.jpg 150w, https:\/\/skinsolutions.es\/wp-content\/uploads\/2024\/08\/facial-postinflamatory-hyperpigmentation-results-768x768.jpg 768w, https:\/\/skinsolutions.es\/wp-content\/uploads\/2024\/08\/facial-postinflamatory-hyperpigmentation-results-1536x1536.jpg 1536w, https:\/\/skinsolutions.es\/wp-content\/uploads\/2024\/08\/facial-postinflamatory-hyperpigmentation-results-2048x2048.jpg 2048w, https:\/\/skinsolutions.es\/wp-content\/uploads\/2024\/08\/facial-postinflamatory-hyperpigmentation-results-12x12.jpg 12w, https:\/\/skinsolutions.es\/wp-content\/uploads\/2024\/08\/facial-postinflamatory-hyperpigmentation-results-650x650.jpg 650w, https:\/\/skinsolutions.es\/wp-content\/uploads\/2024\/08\/facial-postinflamatory-hyperpigmentation-results-1300x1300.jpg 1300w\" sizes=\"(max-width: 2400px) 100vw, 2400px\" \/>\t\t\t\t\t\t\t\t\t\t\t\t\t\t\t<\/div>\n\t\t\t\t<\/div>\n\t\t<div class=\"elementor-element elementor-element-d043d88 e-flex e-con-boxed qodef-elementor-content-no e-con e-child\" data-id=\"d043d88\" data-element_type=\"container\">\n\t\t\t\t\t<div class=\"e-con-inner\">\n\t\t\t\t<div class=\"elementor-element elementor-element-afa9735 elementor-widget elementor-widget-qi_addons_for_elementor_section_title\" data-id=\"afa9735\" data-element_type=\"widget\" data-widget_type=\"qi_addons_for_elementor_section_title.default\">\n\t\t\t\t<div class=\"elementor-widget-container\">\n\t\t\t\t\t<div class=\"qodef-shortcode qodef-m qodef-qi-section-title qodef-decoration--italic qodef-link--underline-draw qodef-subtitle-icon--left\">\n\t\t\t\t\t\t\t\t<div class=\"qodef-m-text\"><p>Como su nombre indica, la hiperpigmentaci\u00f3n surge tras un trauma en la piel. La causa principal es un aumento en la producci\u00f3n de melanina. La hiperpigmentaci\u00f3n postinflamatoria causada por brotes de acn\u00e9 puede tardar en desaparecer. Algunas lesiones cut\u00e1neas pueden requerir un tratamiento antiinflamatorio para una mejora efectiva.<\/p><p>Este tratamiento de Skin Solutions est\u00e1 dise\u00f1ado para mejorar la apariencia de la piel eliminando las capas da\u00f1adas y promoviendo la renovaci\u00f3n celular. A continuaci\u00f3n, se realiza una fototerapia para calmar la inflamaci\u00f3n.<\/p><\/div>\n\t<\/div>\n\t\t\t\t<\/div>\n\t\t\t\t<\/div>\n\t\t\t\t<div class=\"elementor-element elementor-element-707b6f6 elementor-widget elementor-widget-qi_addons_for_elementor_section_title\" data-id=\"707b6f6\" data-element_type=\"widget\" data-widget_type=\"qi_addons_for_elementor_section_title.default\">\n\t\t\t\t<div class=\"elementor-widget-container\">\n\t\t\t\t\t<div class=\"qodef-shortcode qodef-m qodef-qi-section-title qodef-decoration--italic qodef-link--underline-draw qodef-subtitle-icon--left\">\n\t\t\t\t\t\t<h4 class=\"qodef-m-title\">\n\t\tLos Resultados\t<\/h4>\n\t\t\t<div class=\"qodef-m-text\"><p>Consigue una textura de piel mejorada, un tono de piel m\u00e1s uniforme y cero imperfecciones.<\/p><p>Adem\u00e1s, el tratamiento tambi\u00e9n puede reducir la apariencia de las arrugas, logrando una apariencia m\u00e1s juvenil para la piel.<\/p><\/div>\n\t<\/div>\n\t\t\t\t<\/div>\n\t\t\t\t<\/div>\n\t\t\t\t\t<\/div>\n\t\t\t\t<\/div>\n\t\t\t\t\t<\/div>\n\t\t\t\t<\/div>\n\t\t\t\t<\/div>","protected":false},"excerpt":{"rendered":"<p>Facial Treatments Post-Inflamatory Hyperpigmentation Rediscover Your Radiance in Marbella Post-inflammatory hyperpigmentation is a skin condition characterized by dark spots that appear after inflammation or trauma. This condition results from an overproduction of melanin and can be treated to restore an even skin tone. As the name suggests, hyperpigmentation arises following trauma to the skin. The [&hellip;]<\/p>","protected":false},"author":1,"featured_media":0,"parent":0,"menu_order":0,"comment_status":"closed","ping_status":"closed","template":"qi-full-width.php","meta":{"footnotes":""},"class_list":["post-3070","page","type-page","status-publish","hentry"],"yoast_head":"<!-- This site is optimized with the Yoast SEO plugin v25.6 - https:\/\/yoast.com\/wordpress\/plugins\/seo\/ -->\n<title>Post-Inflamatory Hyperpigmentation Marbella - Skin Solutions<\/title>\n<meta name=\"description\" content=\"Fade dark spots and restore even skin tone with our expert post-inflammatory hyperpigmentation treatments in Marbella at Skin Solutions\" \/>\n<meta name=\"robots\" content=\"index, follow, max-snippet:-1, max-image-preview:large, max-video-preview:-1\" \/>\n<link rel=\"canonical\" href=\"https:\/\/skinsolutions.es\/es\/hiperpigmentacion-postinflamatoria\/\" \/>\n<meta property=\"og:locale\" content=\"es_ES\" \/>\n<meta property=\"og:type\" content=\"article\" \/>\n<meta property=\"og:title\" content=\"Post-Inflamatory Hyperpigmentation Marbella - Skin Solutions\" \/>\n<meta property=\"og:description\" content=\"Fade dark spots and restore even skin tone with our expert post-inflammatory hyperpigmentation treatments in Marbella at Skin Solutions\" \/>\n<meta property=\"og:url\" content=\"https:\/\/skinsolutions.es\/es\/hiperpigmentacion-postinflamatoria\/\" \/>\n<meta property=\"og:site_name\" content=\"Skin Solutions\" \/>\n<meta property=\"article:publisher\" content=\"https:\/\/www.facebook.com\/skinsolutions.marbella\" \/>\n<meta property=\"article:modified_time\" content=\"2025-03-27T16:11:31+00:00\" \/>\n<meta property=\"og:image\" content=\"http:\/\/skinsolutions.es\/wp-content\/uploads\/2024\/08\/facial-postinflamatory-hyperpigmentation-results.jpg\" \/>\n<meta name=\"twitter:card\" content=\"summary_large_image\" \/>\n<meta name=\"twitter:label1\" content=\"Tiempo de lectura\" \/>\n\t<meta name=\"twitter:data1\" content=\"1 minuto\" \/>\n<script type=\"application\/ld+json\" class=\"yoast-schema-graph\">{\"@context\":\"https:\/\/schema.org\",\"@graph\":[{\"@type\":\"WebPage\",\"@id\":\"https:\/\/skinsolutions.es\/post-inflamatory-hyperpigmentation\/\",\"url\":\"https:\/\/skinsolutions.es\/post-inflamatory-hyperpigmentation\/\",\"name\":\"Post-Inflamatory Hyperpigmentation Marbella - Skin Solutions\",\"isPartOf\":{\"@id\":\"https:\/\/skinsolutions.es\/en\/#website\"},\"primaryImageOfPage\":{\"@id\":\"https:\/\/skinsolutions.es\/post-inflamatory-hyperpigmentation\/#primaryimage\"},\"image\":{\"@id\":\"https:\/\/skinsolutions.es\/post-inflamatory-hyperpigmentation\/#primaryimage\"},\"thumbnailUrl\":\"http:\/\/skinsolutions.es\/wp-content\/uploads\/2024\/08\/facial-postinflamatory-hyperpigmentation-results.jpg\",\"datePublished\":\"2024-08-23T13:17:40+00:00\",\"dateModified\":\"2025-03-27T16:11:31+00:00\",\"description\":\"Fade dark spots and restore even skin tone with our expert post-inflammatory hyperpigmentation treatments in Marbella at Skin Solutions\",\"breadcrumb\":{\"@id\":\"https:\/\/skinsolutions.es\/post-inflamatory-hyperpigmentation\/#breadcrumb\"},\"inLanguage\":\"es\",\"potentialAction\":[{\"@type\":\"ReadAction\",\"target\":[\"https:\/\/skinsolutions.es\/post-inflamatory-hyperpigmentation\/\"]}]},{\"@type\":\"ImageObject\",\"inLanguage\":\"es\",\"@id\":\"https:\/\/skinsolutions.es\/post-inflamatory-hyperpigmentation\/#primaryimage\",\"url\":\"http:\/\/skinsolutions.es\/wp-content\/uploads\/2024\/08\/facial-postinflamatory-hyperpigmentation-results.jpg\",\"contentUrl\":\"http:\/\/skinsolutions.es\/wp-content\/uploads\/2024\/08\/facial-postinflamatory-hyperpigmentation-results.jpg\"},{\"@type\":\"BreadcrumbList\",\"@id\":\"https:\/\/skinsolutions.es\/post-inflamatory-hyperpigmentation\/#breadcrumb\",\"itemListElement\":[{\"@type\":\"ListItem\",\"position\":1,\"name\":\"Accueil\",\"item\":\"https:\/\/skinsolutions.es\/\"},{\"@type\":\"ListItem\",\"position\":2,\"name\":\"Post-Inflamatory Hyperpigmentation\"}]},{\"@type\":\"WebSite\",\"@id\":\"https:\/\/skinsolutions.es\/en\/#website\",\"url\":\"https:\/\/skinsolutions.es\/en\/\",\"name\":\"Skin Solutions Marbella\",\"description\":\"The Beauty Reference\",\"publisher\":{\"@id\":\"https:\/\/skinsolutions.es\/en\/#organization\"},\"potentialAction\":[{\"@type\":\"SearchAction\",\"target\":{\"@type\":\"EntryPoint\",\"urlTemplate\":\"https:\/\/skinsolutions.es\/en\/?s={search_term_string}\"},\"query-input\":{\"@type\":\"PropertyValueSpecification\",\"valueRequired\":true,\"valueName\":\"search_term_string\"}}],\"inLanguage\":\"es\"},{\"@type\":\"Organization\",\"@id\":\"https:\/\/skinsolutions.es\/en\/#organization\",\"name\":\"Skin Solutions Marbella\",\"url\":\"https:\/\/skinsolutions.es\/en\/\",\"logo\":{\"@type\":\"ImageObject\",\"inLanguage\":\"es\",\"@id\":\"https:\/\/skinsolutions.es\/en\/#\/schema\/logo\/image\/\",\"url\":\"https:\/\/skinsolutions.es\/wp-content\/uploads\/2024\/10\/Logo-Icon-Site.png\",\"contentUrl\":\"https:\/\/skinsolutions.es\/wp-content\/uploads\/2024\/10\/Logo-Icon-Site.png\",\"width\":512,\"height\":512,\"caption\":\"Skin Solutions Marbella\"},\"image\":{\"@id\":\"https:\/\/skinsolutions.es\/en\/#\/schema\/logo\/image\/\"},\"sameAs\":[\"https:\/\/www.facebook.com\/skinsolutions.marbella\",\"https:\/\/www.instagram.com\/skinsolutions.marbella\"]}]}<\/script>\n<!-- \/ Yoast SEO plugin. -->","yoast_head_json":{"title":"Hiperpigmentaci\u00f3n Postinflamatoria Marbella \u2013 Skin Solutions","description":"Reduce las manchas oscuras y recupera un tono de piel uniforme con nuestros tratamientos expertos para la hiperpigmentaci\u00f3n postinflamatoria en Marbella en Skin Solutions","robots":{"index":"index","follow":"follow","max-snippet":"max-snippet:-1","max-image-preview":"max-image-preview:large","max-video-preview":"max-video-preview:-1"},"canonical":"https:\/\/skinsolutions.es\/es\/hiperpigmentacion-postinflamatoria\/","og_locale":"es_ES","og_type":"article","og_title":"Post-Inflamatory Hyperpigmentation Marbella - Skin Solutions","og_description":"Fade dark spots and restore even skin tone with our expert post-inflammatory hyperpigmentation treatments in Marbella at Skin Solutions","og_url":"https:\/\/skinsolutions.es\/es\/hiperpigmentacion-postinflamatoria\/","og_site_name":"Skin Solutions","article_publisher":"https:\/\/www.facebook.com\/skinsolutions.marbella","article_modified_time":"2025-03-27T16:11:31+00:00","og_image":[{"url":"http:\/\/skinsolutions.es\/wp-content\/uploads\/2024\/08\/facial-postinflamatory-hyperpigmentation-results.jpg","type":"","width":"","height":""}],"twitter_card":"summary_large_image","twitter_misc":{"Tiempo de lectura":"1 minuto"},"schema":{"@context":"https:\/\/schema.org","@graph":[{"@type":"WebPage","@id":"https:\/\/skinsolutions.es\/post-inflamatory-hyperpigmentation\/","url":"https:\/\/skinsolutions.es\/post-inflamatory-hyperpigmentation\/","name":"Hiperpigmentaci\u00f3n Postinflamatoria Marbella \u2013 Skin Solutions","isPartOf":{"@id":"https:\/\/skinsolutions.es\/en\/#website"},"primaryImageOfPage":{"@id":"https:\/\/skinsolutions.es\/post-inflamatory-hyperpigmentation\/#primaryimage"},"image":{"@id":"https:\/\/skinsolutions.es\/post-inflamatory-hyperpigmentation\/#primaryimage"},"thumbnailUrl":"http:\/\/skinsolutions.es\/wp-content\/uploads\/2024\/08\/facial-postinflamatory-hyperpigmentation-results.jpg","datePublished":"2024-08-23T13:17:40+00:00","dateModified":"2025-03-27T16:11:31+00:00","description":"Reduce las manchas oscuras y recupera un tono de piel uniforme con nuestros tratamientos expertos para la hiperpigmentaci\u00f3n postinflamatoria en Marbella en Skin Solutions","breadcrumb":{"@id":"https:\/\/skinsolutions.es\/post-inflamatory-hyperpigmentation\/#breadcrumb"},"inLanguage":"es","potentialAction":[{"@type":"ReadAction","target":["https:\/\/skinsolutions.es\/post-inflamatory-hyperpigmentation\/"]}]},{"@type":"ImageObject","inLanguage":"es","@id":"https:\/\/skinsolutions.es\/post-inflamatory-hyperpigmentation\/#primaryimage","url":"http:\/\/skinsolutions.es\/wp-content\/uploads\/2024\/08\/facial-postinflamatory-hyperpigmentation-results.jpg","contentUrl":"http:\/\/skinsolutions.es\/wp-content\/uploads\/2024\/08\/facial-postinflamatory-hyperpigmentation-results.jpg"},{"@type":"BreadcrumbList","@id":"https:\/\/skinsolutions.es\/post-inflamatory-hyperpigmentation\/#breadcrumb","itemListElement":[{"@type":"ListItem","position":1,"name":"Accueil","item":"https:\/\/skinsolutions.es\/"},{"@type":"ListItem","position":2,"name":"Post-Inflamatory Hyperpigmentation"}]},{"@type":"WebSite","@id":"https:\/\/skinsolutions.es\/en\/#website","url":"https:\/\/skinsolutions.es\/en\/","name":"Skin Solutions Marbella","description":"La referencia en belleza","publisher":{"@id":"https:\/\/skinsolutions.es\/en\/#organization"},"potentialAction":[{"@type":"SearchAction","target":{"@type":"EntryPoint","urlTemplate":"https:\/\/skinsolutions.es\/en\/?s={search_term_string}"},"query-input":{"@type":"PropertyValueSpecification","valueRequired":true,"valueName":"search_term_string"}}],"inLanguage":"es"},{"@type":"Organization","@id":"https:\/\/skinsolutions.es\/en\/#organization","name":"Skin Solutions Marbella","url":"https:\/\/skinsolutions.es\/en\/","logo":{"@type":"ImageObject","inLanguage":"es","@id":"https:\/\/skinsolutions.es\/en\/#\/schema\/logo\/image\/","url":"https:\/\/skinsolutions.es\/wp-content\/uploads\/2024\/10\/Logo-Icon-Site.png","contentUrl":"https:\/\/skinsolutions.es\/wp-content\/uploads\/2024\/10\/Logo-Icon-Site.png","width":512,"height":512,"caption":"Skin Solutions Marbella"},"image":{"@id":"https:\/\/skinsolutions.es\/en\/#\/schema\/logo\/image\/"},"sameAs":["https:\/\/www.facebook.com\/skinsolutions.marbella","https:\/\/www.instagram.com\/skinsolutions.marbella"]}]}},"_links":{"self":[{"href":"https:\/\/skinsolutions.es\/es\/wp-json\/wp\/v2\/pages\/3070","targetHints":{"allow":["GET"]}}],"collection":[{"href":"https:\/\/skinsolutions.es\/es\/wp-json\/wp\/v2\/pages"}],"about":[{"href":"https:\/\/skinsolutions.es\/es\/wp-json\/wp\/v2\/types\/page"}],"author":[{"embeddable":true,"href":"https:\/\/skinsolutions.es\/es\/wp-json\/wp\/v2\/users\/1"}],"replies":[{"embeddable":true,"href":"https:\/\/skinsolutions.es\/es\/wp-json\/wp\/v2\/comments?post=3070"}],"version-history":[{"count":0,"href":"https:\/\/skinsolutions.es\/es\/wp-json\/wp\/v2\/pages\/3070\/revisions"}],"wp:attachment":[{"href":"https:\/\/skinsolutions.es\/es\/wp-json\/wp\/v2\/media?parent=3070"}],"curies":[{"name":"wp","href":"https:\/\/api.w.org\/{rel}","templated":true}]}}