{"id":3133,"date":"2024-08-30T13:00:25","date_gmt":"2024-08-30T11:00:25","guid":{"rendered":"https:\/\/skinsolutions.es\/?page_id=3133"},"modified":"2025-03-27T17:15:43","modified_gmt":"2025-03-27T16:15:43","slug":"preparandote-para-tu-boda","status":"publish","type":"page","link":"https:\/\/skinsolutions.es\/es\/preparandote-para-tu-boda\/","title":{"rendered":"Prepar\u00e1ndose para tu boda"},"content":{"rendered":"<div data-elementor-type=\"wp-page\" data-elementor-id=\"3133\" class=\"elementor elementor-3133\">\n\t\t\t\t\t\t<section class=\"elementor-section elementor-top-section elementor-element elementor-element-7eaf7ce elementor-section-full_width elementor-section-content-middle elementor-section-height-full elementor-section-items-stretch elementor-section-height-default qodef-elementor-content-no\" data-id=\"7eaf7ce\" data-element_type=\"section\" data-settings=\"{&quot;background_background&quot;:&quot;classic&quot;}\">\n\t\t\t\t\t\t<div class=\"elementor-container elementor-column-gap-default\">\n\t\t\t\t\t<div class=\"elementor-column elementor-col-50 elementor-top-column elementor-element elementor-element-831a2cd\" data-id=\"831a2cd\" data-element_type=\"column\" data-settings=\"{&quot;background_background&quot;:&quot;classic&quot;}\">\n\t\t\t<div class=\"elementor-widget-wrap elementor-element-populated\">\n\t\t\t\t\t\t<div class=\"elementor-element elementor-element-ee7bafb elementor-widget elementor-widget-qi_addons_for_elementor_section_title\" data-id=\"ee7bafb\" data-element_type=\"widget\" data-widget_type=\"qi_addons_for_elementor_section_title.default\">\n\t\t\t\t<div class=\"elementor-widget-container\">\n\t\t\t\t\t<div class=\"qodef-shortcode qodef-m qodef-qi-section-title qodef-decoration--italic qodef-link--underline-draw qodef-subtitle-icon--left\">\n\t\t\t\t<h6 class=\"qodef-m-subtitle\">\n\t\tTratamientos Faciales\t\t\t<\/h6>\n\t\t\t<h1 class=\"qodef-m-title\">\n\t\t Prepar\u00e1ndose para su boda\t<\/h1>\n\t\t\t<\/div>\n\t\t\t\t<\/div>\n\t\t\t\t<\/div>\n\t\t\t\t\t<\/div>\n\t\t<\/div>\n\t\t\t\t<div class=\"elementor-column elementor-col-50 elementor-top-column elementor-element elementor-element-5fb5a01\" data-id=\"5fb5a01\" data-element_type=\"column\" data-settings=\"{&quot;background_background&quot;:&quot;classic&quot;}\">\n\t\t\t<div class=\"elementor-widget-wrap elementor-element-populated\">\n\t\t\t\t\t\t<div class=\"elementor-element elementor-element-bdad7b2 elementor-widget elementor-widget-spacer\" data-id=\"bdad7b2\" data-element_type=\"widget\" data-widget_type=\"spacer.default\">\n\t\t\t\t<div class=\"elementor-widget-container\">\n\t\t\t\t\t\t\t<div class=\"elementor-spacer\">\n\t\t\t<div class=\"elementor-spacer-inner\"><\/div>\n\t\t<\/div>\n\t\t\t\t\t\t<\/div>\n\t\t\t\t<\/div>\n\t\t\t\t\t<\/div>\n\t\t<\/div>\n\t\t\t\t\t<\/div>\n\t\t<\/section>\n\t\t<div class=\"elementor-element elementor-element-dc26c4f e-flex e-con-boxed qodef-elementor-content-no e-con e-parent\" data-id=\"dc26c4f\" data-element_type=\"container\">\n\t\t\t\t\t<div class=\"e-con-inner\">\n\t\t<div class=\"elementor-element elementor-element-bf13e4d e-con-full e-flex qodef-elementor-content-no e-con e-child\" data-id=\"bf13e4d\" data-element_type=\"container\">\n\t\t\t\t<div class=\"elementor-element elementor-element-694bf47 elementor-widget elementor-widget-qi_addons_for_elementor_section_title\" data-id=\"694bf47\" data-element_type=\"widget\" data-widget_type=\"qi_addons_for_elementor_section_title.default\">\n\t\t\t\t<div class=\"elementor-widget-container\">\n\t\t\t\t\t<div class=\"qodef-shortcode qodef-m qodef-qi-section-title qodef-decoration--italic qodef-link--underline-draw qodef-subtitle-icon--left\">\n\t\t\t<h4 class=\"qodef-m-title\">\n\t\tPreparativos para Tu Gran D\u00eda en Marbella\t<\/h4>\n\t\t\t\t\t\t<\/div>\n\t\t\t\t<\/div>\n\t\t\t\t<\/div>\n\t\t\t\t<\/div>\n\t\t<div class=\"elementor-element elementor-element-5df0919 e-con-full e-flex qodef-elementor-content-no e-con e-child\" data-id=\"5df0919\" data-element_type=\"container\">\n\t\t\t\t<div class=\"elementor-element elementor-element-af6c22f elementor-widget elementor-widget-qi_addons_for_elementor_section_title\" data-id=\"af6c22f\" data-element_type=\"widget\" data-widget_type=\"qi_addons_for_elementor_section_title.default\">\n\t\t\t\t<div class=\"elementor-widget-container\">\n\t\t\t\t\t<div class=\"qodef-shortcode qodef-m qodef-qi-section-title qodef-decoration--italic qodef-link--underline-draw qodef-subtitle-icon--left\">\n\t\t\t\t\t\t\t\t<div class=\"qodef-m-text\"><p>Cada novia sue\u00f1a con irradiar confianza y belleza en su d\u00eda de bodas, y lograr una piel luminosa y radiante es un elemento clave para aumentar esa confianza. Si bien tu impresionante vestido, tu peinado perfecto y tu maquillaje impecable sin duda jugar\u00e1n un papel importante, es la salud y el brillo de tu piel lo que realmente establece la base para un look perfecto en las fotos.<\/p><\/div>\n\t<\/div>\n\t\t\t\t<\/div>\n\t\t\t\t<\/div>\n\t\t\t\t<\/div>\n\t\t\t\t\t<\/div>\n\t\t\t\t<\/div>\n\t\t<div class=\"elementor-element elementor-element-9d23e15 e-grid e-con-boxed qodef-elementor-content-no e-con e-parent\" data-id=\"9d23e15\" data-element_type=\"container\">\n\t\t\t\t\t<div class=\"e-con-inner\">\n\t\t\t\t<div class=\"elementor-element elementor-element-e30616f elementor-widget elementor-widget-image\" data-id=\"e30616f\" data-element_type=\"widget\" data-widget_type=\"image.default\">\n\t\t\t\t<div class=\"elementor-widget-container\">\n\t\t\t\t\t\t\t\t\t\t\t\t\t\t\t<img fetchpriority=\"high\" decoding=\"async\" width=\"2400\" height=\"1350\" src=\"https:\/\/skinsolutions.es\/wp-content\/uploads\/2024\/08\/preparing-for-a-wedding-1.jpg\" class=\"attachment-full size-full wp-image-3136\" alt=\"Skin Solutions le ayuda a preparar su boda\" srcset=\"https:\/\/skinsolutions.es\/wp-content\/uploads\/2024\/08\/preparing-for-a-wedding-1.jpg 2400w, https:\/\/skinsolutions.es\/wp-content\/uploads\/2024\/08\/preparing-for-a-wedding-1-300x169.jpg 300w, https:\/\/skinsolutions.es\/wp-content\/uploads\/2024\/08\/preparing-for-a-wedding-1-1024x576.jpg 1024w, https:\/\/skinsolutions.es\/wp-content\/uploads\/2024\/08\/preparing-for-a-wedding-1-768x432.jpg 768w, https:\/\/skinsolutions.es\/wp-content\/uploads\/2024\/08\/preparing-for-a-wedding-1-1536x864.jpg 1536w, https:\/\/skinsolutions.es\/wp-content\/uploads\/2024\/08\/preparing-for-a-wedding-1-2048x1152.jpg 2048w, https:\/\/skinsolutions.es\/wp-content\/uploads\/2024\/08\/preparing-for-a-wedding-1-18x10.jpg 18w\" sizes=\"(max-width: 2400px) 100vw, 2400px\" \/>\t\t\t\t\t\t\t\t\t\t\t\t\t\t\t<\/div>\n\t\t\t\t<\/div>\n\t\t<div class=\"elementor-element elementor-element-d043d88 e-flex e-con-boxed qodef-elementor-content-no e-con e-child\" data-id=\"d043d88\" data-element_type=\"container\">\n\t\t\t\t\t<div class=\"e-con-inner\">\n\t\t\t\t<div class=\"elementor-element elementor-element-f45ec33 elementor-widget elementor-widget-qi_addons_for_elementor_section_title\" data-id=\"f45ec33\" data-element_type=\"widget\" data-widget_type=\"qi_addons_for_elementor_section_title.default\">\n\t\t\t\t<div class=\"elementor-widget-container\">\n\t\t\t\t\t<div class=\"qodef-shortcode qodef-m qodef-qi-section-title qodef-decoration--italic qodef-link--underline-draw qodef-subtitle-icon--left\">\n\t\t\t\t\t\t<h4 class=\"qodef-m-title\">\n\t\tEquilibrar la Planificaci\u00f3n de la Boda y el Cuidado de la Piel\t<\/h4>\n\t\t\t<div class=\"qodef-m-text\"><p>Con tantas tareas que gestionar\u2014elegir el lugar, finalizar la lista de invitados, coordinar con los proveedores\u2014es f\u00e1cil dejar que tu rutina de cuidado de la piel pase a un segundo plano. Sin embargo, como el centro de atenci\u00f3n del d\u00eda, todos los ojos estar\u00e1n en ti, desde el primer vistazo hasta el \u00faltimo baile. Tu maquilladora puede crear looks impresionantes, pero solo sobre la piel que le ofreces. Por eso, invertir en tu cuidado de la piel es tan importante como los otros aspectos de la planificaci\u00f3n de la boda.<\/p><\/div>\n\t<\/div>\n\t\t\t\t<\/div>\n\t\t\t\t<\/div>\n\t\t\t\t<div class=\"elementor-element elementor-element-0e64f82 elementor-widget elementor-widget-qi_addons_for_elementor_section_title\" data-id=\"0e64f82\" data-element_type=\"widget\" data-widget_type=\"qi_addons_for_elementor_section_title.default\">\n\t\t\t\t<div class=\"elementor-widget-container\">\n\t\t\t\t\t<div class=\"qodef-shortcode qodef-m qodef-qi-section-title qodef-decoration--italic qodef-link--underline-draw qodef-subtitle-icon--left\">\n\t\t\t\t\t\t<h4 class=\"qodef-m-title\">\n\t\tProgramando tus Faciales Preboda\t<\/h4>\n\t\t\t<div class=\"qodef-m-text\"><p>Cuando se trata de tratamientos faciales antes del gran d\u00eda, el momento es clave. La mejor \u00e9poca para programar tu facial depende de factores como tu tipo de piel, cualquier problema cut\u00e1neo que desees tratar y los tratamientos faciales espec\u00edficos que elijas. Para la mayor\u00eda de las novias, se recomienda comenzar con tratamientos faciales regulares alrededor de seis meses a un a\u00f1o antes de la boda. Esto le da a tu piel suficiente tiempo para ajustarse y renovarse.<\/p><p>Si est\u00e1s considerando tratamientos m\u00e1s intensivos como peelings o microdermoabrasi\u00f3n, es recomendable realizarlos aproximadamente de dos a tres meses antes de tu boda. Para tu \u00faltimo facial previo a la boda, lo ideal es programarlo entre una y dos semanas antes de la ceremonia. Esto asegurar\u00e1 que tu piel est\u00e9 en \u00f3ptimas condiciones: refinada, hidratada y radiante, sin el riesgo de brotes o irritaciones de \u00faltima hora.<\/p><\/div>\n\t<\/div>\n\t\t\t\t<\/div>\n\t\t\t\t<\/div>\n\t\t\t\t<div class=\"elementor-element elementor-element-290dfd8 elementor-widget elementor-widget-qi_addons_for_elementor_section_title\" data-id=\"290dfd8\" data-element_type=\"widget\" data-widget_type=\"qi_addons_for_elementor_section_title.default\">\n\t\t\t\t<div class=\"elementor-widget-container\">\n\t\t\t\t\t<div class=\"qodef-shortcode qodef-m qodef-qi-section-title qodef-decoration--italic qodef-link--underline-draw qodef-subtitle-icon--left\">\n\t\t\t\t\t\t<h4 class=\"qodef-m-title\">\n\t\tPuntos Clave para las Futuras Novias:\t<\/h4>\n\t\t\t<div class=\"qodef-m-text\"><p>Para lograr una piel radiante en el d\u00eda de tu boda, comienza tu rutina de cuidado de la piel al menos seis meses antes. Incorpora faciales mensuales para mantener la piel clara y resplandeciente a medida que se acerque el gran d\u00eda. Programa tu facial final una o dos semanas antes del evento para garantizar una piel suave y radiante. En Skin Solutions Marbella, ofrecemos faciales personalizados para novias y rutinas de cuidado de la piel para ayudarte a revelar el brillo que mereces en este d\u00eda inolvidable.<\/p><\/div>\n\t<\/div>\n\t\t\t\t<\/div>\n\t\t\t\t<\/div>\n\t\t\t\t\t<\/div>\n\t\t\t\t<\/div>\n\t\t\t\t\t<\/div>\n\t\t\t\t<\/div>\n\t\t\t\t<\/div>","protected":false},"excerpt":{"rendered":"<p>Facial Treatments Preparing for your Wedding Your Big Day Prep in Marbella Every bride dreams of exuding confidence and beauty on her wedding day, and achieving luminous, radiant skin is a key element in boosting that confidence. While your stunning dress, perfect hair, and flawless makeup will undoubtedly play a role, it\u2019s the health and [&hellip;]<\/p>","protected":false},"author":1,"featured_media":0,"parent":0,"menu_order":0,"comment_status":"closed","ping_status":"closed","template":"qi-full-width.php","meta":{"footnotes":""},"class_list":["post-3133","page","type-page","status-publish","hentry"],"yoast_head":"<!-- This site is optimized with the Yoast SEO plugin v25.6 - https:\/\/yoast.com\/wordpress\/plugins\/seo\/ -->\n<title>Bridal Glow &amp; Beauty Preparation Marbella - Skin Solutions<\/title>\n<meta name=\"description\" content=\"Get wedding-ready with our bespoke bridal beauty treatments in Marbella. Skin Solutions enhances your natural glow for the big day with expert care\" \/>\n<meta name=\"robots\" content=\"index, follow, max-snippet:-1, max-image-preview:large, max-video-preview:-1\" \/>\n<link rel=\"canonical\" href=\"https:\/\/skinsolutions.es\/es\/preparandote-para-tu-boda\/\" \/>\n<meta property=\"og:locale\" content=\"es_ES\" \/>\n<meta property=\"og:type\" content=\"article\" \/>\n<meta property=\"og:title\" content=\"Bridal Glow &amp; Beauty Preparation Marbella - Skin Solutions\" \/>\n<meta property=\"og:description\" content=\"Get wedding-ready with our bespoke bridal beauty treatments in Marbella. Skin Solutions enhances your natural glow for the big day with expert care\" \/>\n<meta property=\"og:url\" content=\"https:\/\/skinsolutions.es\/es\/preparandote-para-tu-boda\/\" \/>\n<meta property=\"og:site_name\" content=\"Skin Solutions\" \/>\n<meta property=\"article:publisher\" content=\"https:\/\/www.facebook.com\/skinsolutions.marbella\" \/>\n<meta property=\"article:modified_time\" content=\"2025-03-27T16:15:43+00:00\" \/>\n<meta property=\"og:image\" content=\"http:\/\/skinsolutions.es\/wp-content\/uploads\/2024\/08\/preparing-for-a-wedding-1.jpg\" \/>\n<meta name=\"twitter:card\" content=\"summary_large_image\" \/>\n<meta name=\"twitter:label1\" content=\"Tiempo de lectura\" \/>\n\t<meta name=\"twitter:data1\" content=\"2 minutos\" \/>\n<script type=\"application\/ld+json\" class=\"yoast-schema-graph\">{\"@context\":\"https:\/\/schema.org\",\"@graph\":[{\"@type\":\"WebPage\",\"@id\":\"https:\/\/skinsolutions.es\/preparing-for-your-wedding\/\",\"url\":\"https:\/\/skinsolutions.es\/preparing-for-your-wedding\/\",\"name\":\"Bridal Glow & Beauty Preparation Marbella - Skin Solutions\",\"isPartOf\":{\"@id\":\"https:\/\/skinsolutions.es\/en\/#website\"},\"primaryImageOfPage\":{\"@id\":\"https:\/\/skinsolutions.es\/preparing-for-your-wedding\/#primaryimage\"},\"image\":{\"@id\":\"https:\/\/skinsolutions.es\/preparing-for-your-wedding\/#primaryimage\"},\"thumbnailUrl\":\"http:\/\/skinsolutions.es\/wp-content\/uploads\/2024\/08\/preparing-for-a-wedding-1.jpg\",\"datePublished\":\"2024-08-30T11:00:25+00:00\",\"dateModified\":\"2025-03-27T16:15:43+00:00\",\"description\":\"Get wedding-ready with our bespoke bridal beauty treatments in Marbella. Skin Solutions enhances your natural glow for the big day with expert care\",\"breadcrumb\":{\"@id\":\"https:\/\/skinsolutions.es\/preparing-for-your-wedding\/#breadcrumb\"},\"inLanguage\":\"es\",\"potentialAction\":[{\"@type\":\"ReadAction\",\"target\":[\"https:\/\/skinsolutions.es\/preparing-for-your-wedding\/\"]}]},{\"@type\":\"ImageObject\",\"inLanguage\":\"es\",\"@id\":\"https:\/\/skinsolutions.es\/preparing-for-your-wedding\/#primaryimage\",\"url\":\"http:\/\/skinsolutions.es\/wp-content\/uploads\/2024\/08\/preparing-for-a-wedding-1.jpg\",\"contentUrl\":\"http:\/\/skinsolutions.es\/wp-content\/uploads\/2024\/08\/preparing-for-a-wedding-1.jpg\"},{\"@type\":\"BreadcrumbList\",\"@id\":\"https:\/\/skinsolutions.es\/preparing-for-your-wedding\/#breadcrumb\",\"itemListElement\":[{\"@type\":\"ListItem\",\"position\":1,\"name\":\"Accueil\",\"item\":\"https:\/\/skinsolutions.es\/\"},{\"@type\":\"ListItem\",\"position\":2,\"name\":\"Preparing for Your Wedding\"}]},{\"@type\":\"WebSite\",\"@id\":\"https:\/\/skinsolutions.es\/en\/#website\",\"url\":\"https:\/\/skinsolutions.es\/en\/\",\"name\":\"Skin Solutions Marbella\",\"description\":\"The Beauty Reference\",\"publisher\":{\"@id\":\"https:\/\/skinsolutions.es\/en\/#organization\"},\"potentialAction\":[{\"@type\":\"SearchAction\",\"target\":{\"@type\":\"EntryPoint\",\"urlTemplate\":\"https:\/\/skinsolutions.es\/en\/?s={search_term_string}\"},\"query-input\":{\"@type\":\"PropertyValueSpecification\",\"valueRequired\":true,\"valueName\":\"search_term_string\"}}],\"inLanguage\":\"es\"},{\"@type\":\"Organization\",\"@id\":\"https:\/\/skinsolutions.es\/en\/#organization\",\"name\":\"Skin Solutions Marbella\",\"url\":\"https:\/\/skinsolutions.es\/en\/\",\"logo\":{\"@type\":\"ImageObject\",\"inLanguage\":\"es\",\"@id\":\"https:\/\/skinsolutions.es\/en\/#\/schema\/logo\/image\/\",\"url\":\"https:\/\/skinsolutions.es\/wp-content\/uploads\/2024\/10\/Logo-Icon-Site.png\",\"contentUrl\":\"https:\/\/skinsolutions.es\/wp-content\/uploads\/2024\/10\/Logo-Icon-Site.png\",\"width\":512,\"height\":512,\"caption\":\"Skin Solutions Marbella\"},\"image\":{\"@id\":\"https:\/\/skinsolutions.es\/en\/#\/schema\/logo\/image\/\"},\"sameAs\":[\"https:\/\/www.facebook.com\/skinsolutions.marbella\",\"https:\/\/www.instagram.com\/skinsolutions.marbella\"]}]}<\/script>\n<!-- \/ Yoast SEO plugin. -->","yoast_head_json":{"title":"Preparaci\u00f3n de Belleza y Luminosidad para Novias Marbella \u2013 Skin Solutions","description":"Prep\u00e1rate para tu boda con nuestros tratamientos de belleza personalizados para novias en Marbella. Skin Solutions realza tu luminosidad natural para el gran d\u00eda con un cuidado experto","robots":{"index":"index","follow":"follow","max-snippet":"max-snippet:-1","max-image-preview":"max-image-preview:large","max-video-preview":"max-video-preview:-1"},"canonical":"https:\/\/skinsolutions.es\/es\/preparandote-para-tu-boda\/","og_locale":"es_ES","og_type":"article","og_title":"Bridal Glow & Beauty Preparation Marbella - Skin Solutions","og_description":"Get wedding-ready with our bespoke bridal beauty treatments in Marbella. Skin Solutions enhances your natural glow for the big day with expert care","og_url":"https:\/\/skinsolutions.es\/es\/preparandote-para-tu-boda\/","og_site_name":"Skin Solutions","article_publisher":"https:\/\/www.facebook.com\/skinsolutions.marbella","article_modified_time":"2025-03-27T16:15:43+00:00","og_image":[{"url":"http:\/\/skinsolutions.es\/wp-content\/uploads\/2024\/08\/preparing-for-a-wedding-1.jpg","type":"","width":"","height":""}],"twitter_card":"summary_large_image","twitter_misc":{"Tiempo de lectura":"2 minutos"},"schema":{"@context":"https:\/\/schema.org","@graph":[{"@type":"WebPage","@id":"https:\/\/skinsolutions.es\/preparing-for-your-wedding\/","url":"https:\/\/skinsolutions.es\/preparing-for-your-wedding\/","name":"Preparaci\u00f3n de Belleza y Luminosidad para Novias Marbella \u2013 Skin Solutions","isPartOf":{"@id":"https:\/\/skinsolutions.es\/en\/#website"},"primaryImageOfPage":{"@id":"https:\/\/skinsolutions.es\/preparing-for-your-wedding\/#primaryimage"},"image":{"@id":"https:\/\/skinsolutions.es\/preparing-for-your-wedding\/#primaryimage"},"thumbnailUrl":"http:\/\/skinsolutions.es\/wp-content\/uploads\/2024\/08\/preparing-for-a-wedding-1.jpg","datePublished":"2024-08-30T11:00:25+00:00","dateModified":"2025-03-27T16:15:43+00:00","description":"Prep\u00e1rate para tu boda con nuestros tratamientos de belleza personalizados para novias en Marbella. Skin Solutions realza tu luminosidad natural para el gran d\u00eda con un cuidado experto","breadcrumb":{"@id":"https:\/\/skinsolutions.es\/preparing-for-your-wedding\/#breadcrumb"},"inLanguage":"es","potentialAction":[{"@type":"ReadAction","target":["https:\/\/skinsolutions.es\/preparing-for-your-wedding\/"]}]},{"@type":"ImageObject","inLanguage":"es","@id":"https:\/\/skinsolutions.es\/preparing-for-your-wedding\/#primaryimage","url":"http:\/\/skinsolutions.es\/wp-content\/uploads\/2024\/08\/preparing-for-a-wedding-1.jpg","contentUrl":"http:\/\/skinsolutions.es\/wp-content\/uploads\/2024\/08\/preparing-for-a-wedding-1.jpg"},{"@type":"BreadcrumbList","@id":"https:\/\/skinsolutions.es\/preparing-for-your-wedding\/#breadcrumb","itemListElement":[{"@type":"ListItem","position":1,"name":"Accueil","item":"https:\/\/skinsolutions.es\/"},{"@type":"ListItem","position":2,"name":"Preparing for Your Wedding"}]},{"@type":"WebSite","@id":"https:\/\/skinsolutions.es\/en\/#website","url":"https:\/\/skinsolutions.es\/en\/","name":"Skin Solutions Marbella","description":"La referencia en belleza","publisher":{"@id":"https:\/\/skinsolutions.es\/en\/#organization"},"potentialAction":[{"@type":"SearchAction","target":{"@type":"EntryPoint","urlTemplate":"https:\/\/skinsolutions.es\/en\/?s={search_term_string}"},"query-input":{"@type":"PropertyValueSpecification","valueRequired":true,"valueName":"search_term_string"}}],"inLanguage":"es"},{"@type":"Organization","@id":"https:\/\/skinsolutions.es\/en\/#organization","name":"Skin Solutions Marbella","url":"https:\/\/skinsolutions.es\/en\/","logo":{"@type":"ImageObject","inLanguage":"es","@id":"https:\/\/skinsolutions.es\/en\/#\/schema\/logo\/image\/","url":"https:\/\/skinsolutions.es\/wp-content\/uploads\/2024\/10\/Logo-Icon-Site.png","contentUrl":"https:\/\/skinsolutions.es\/wp-content\/uploads\/2024\/10\/Logo-Icon-Site.png","width":512,"height":512,"caption":"Skin Solutions Marbella"},"image":{"@id":"https:\/\/skinsolutions.es\/en\/#\/schema\/logo\/image\/"},"sameAs":["https:\/\/www.facebook.com\/skinsolutions.marbella","https:\/\/www.instagram.com\/skinsolutions.marbella"]}]}},"_links":{"self":[{"href":"https:\/\/skinsolutions.es\/es\/wp-json\/wp\/v2\/pages\/3133","targetHints":{"allow":["GET"]}}],"collection":[{"href":"https:\/\/skinsolutions.es\/es\/wp-json\/wp\/v2\/pages"}],"about":[{"href":"https:\/\/skinsolutions.es\/es\/wp-json\/wp\/v2\/types\/page"}],"author":[{"embeddable":true,"href":"https:\/\/skinsolutions.es\/es\/wp-json\/wp\/v2\/users\/1"}],"replies":[{"embeddable":true,"href":"https:\/\/skinsolutions.es\/es\/wp-json\/wp\/v2\/comments?post=3133"}],"version-history":[{"count":0,"href":"https:\/\/skinsolutions.es\/es\/wp-json\/wp\/v2\/pages\/3133\/revisions"}],"wp:attachment":[{"href":"https:\/\/skinsolutions.es\/es\/wp-json\/wp\/v2\/media?parent=3133"}],"curies":[{"name":"wp","href":"https:\/\/api.w.org\/{rel}","templated":true}]}}