{"id":3185,"date":"2024-08-30T14:18:42","date_gmt":"2024-08-30T12:18:42","guid":{"rendered":"https:\/\/skinsolutions.es\/?page_id=3185"},"modified":"2025-03-27T17:20:46","modified_gmt":"2025-03-27T16:20:46","slug":"masaje-de-drenaje-linfatico","status":"publish","type":"page","link":"https:\/\/skinsolutions.es\/es\/masaje-de-drenaje-linfatico\/","title":{"rendered":"Masaje de drenaje linf\u00e1tico"},"content":{"rendered":"<div data-elementor-type=\"wp-page\" data-elementor-id=\"3185\" class=\"elementor elementor-3185\">\n\t\t\t\t\t\t<section class=\"elementor-section elementor-top-section elementor-element elementor-element-7eaf7ce elementor-section-full_width elementor-section-content-middle elementor-section-height-full elementor-section-items-stretch elementor-section-height-default qodef-elementor-content-no\" data-id=\"7eaf7ce\" data-element_type=\"section\" data-settings=\"{&quot;background_background&quot;:&quot;classic&quot;}\">\n\t\t\t\t\t\t<div class=\"elementor-container elementor-column-gap-default\">\n\t\t\t\t\t<div class=\"elementor-column elementor-col-50 elementor-top-column elementor-element elementor-element-831a2cd\" data-id=\"831a2cd\" data-element_type=\"column\" data-settings=\"{&quot;background_background&quot;:&quot;classic&quot;}\">\n\t\t\t<div class=\"elementor-widget-wrap elementor-element-populated\">\n\t\t\t\t\t\t<div class=\"elementor-element elementor-element-ee7bafb elementor-widget elementor-widget-qi_addons_for_elementor_section_title\" data-id=\"ee7bafb\" data-element_type=\"widget\" data-widget_type=\"qi_addons_for_elementor_section_title.default\">\n\t\t\t\t<div class=\"elementor-widget-container\">\n\t\t\t\t\t<div class=\"qodef-shortcode qodef-m qodef-qi-section-title qodef-decoration--italic qodef-link--underline-draw qodef-subtitle-icon--left\">\n\t\t\t\t<h6 class=\"qodef-m-subtitle\">\n\t\tTratamientos corporales\t\t\t<\/h6>\n\t\t\t<h1 class=\"qodef-m-title\">\n\t\tMasaje de drenaje linf\u00e1tico\t<\/h1>\n\t\t\t<\/div>\n\t\t\t\t<\/div>\n\t\t\t\t<\/div>\n\t\t\t\t\t<\/div>\n\t\t<\/div>\n\t\t\t\t<div class=\"elementor-column elementor-col-50 elementor-top-column elementor-element elementor-element-5fb5a01\" data-id=\"5fb5a01\" data-element_type=\"column\" data-settings=\"{&quot;background_background&quot;:&quot;classic&quot;}\">\n\t\t\t<div class=\"elementor-widget-wrap elementor-element-populated\">\n\t\t\t\t\t\t<div class=\"elementor-element elementor-element-bdad7b2 elementor-widget elementor-widget-spacer\" data-id=\"bdad7b2\" data-element_type=\"widget\" data-widget_type=\"spacer.default\">\n\t\t\t\t<div class=\"elementor-widget-container\">\n\t\t\t\t\t\t\t<div class=\"elementor-spacer\">\n\t\t\t<div class=\"elementor-spacer-inner\"><\/div>\n\t\t<\/div>\n\t\t\t\t\t\t<\/div>\n\t\t\t\t<\/div>\n\t\t\t\t\t<\/div>\n\t\t<\/div>\n\t\t\t\t\t<\/div>\n\t\t<\/section>\n\t\t<div class=\"elementor-element elementor-element-51381f3 e-flex e-con-boxed qodef-elementor-content-no e-con e-parent\" data-id=\"51381f3\" data-element_type=\"container\">\n\t\t\t\t\t<div class=\"e-con-inner\">\n\t\t\t\t<div class=\"elementor-element elementor-element-07b702d elementor-widget elementor-widget-qi_addons_for_elementor_section_title\" data-id=\"07b702d\" data-element_type=\"widget\" data-widget_type=\"qi_addons_for_elementor_section_title.default\">\n\t\t\t\t<div class=\"elementor-widget-container\">\n\t\t\t\t\t<div class=\"qodef-shortcode qodef-m qodef-qi-section-title qodef-decoration--italic qodef-link--underline-draw qodef-subtitle-icon--left\">\n\t\t\t\t\t\t<h4 class=\"qodef-m-title\">\n\t\tDesintoxica y Rejuvenece\t<\/h4>\n\t\t\t<\/div>\n\t\t\t\t<\/div>\n\t\t\t\t<\/div>\n\t\t\t\t\t<\/div>\n\t\t\t\t<\/div>\n\t\t<div class=\"elementor-element elementor-element-9d23e15 e-grid e-con-boxed qodef-elementor-content-no e-con e-parent\" data-id=\"9d23e15\" data-element_type=\"container\">\n\t\t\t\t\t<div class=\"e-con-inner\">\n\t\t\t\t<div class=\"elementor-element elementor-element-e30616f elementor-widget elementor-widget-image\" data-id=\"e30616f\" data-element_type=\"widget\" data-widget_type=\"image.default\">\n\t\t\t\t<div class=\"elementor-widget-container\">\n\t\t\t\t\t\t\t\t\t\t\t\t\t\t\t<img fetchpriority=\"high\" decoding=\"async\" width=\"2400\" height=\"2400\" src=\"https:\/\/skinsolutions.es\/wp-content\/uploads\/2024\/08\/calf-lymphatic-drainage-massage.jpg\" class=\"attachment-full size-full wp-image-3189\" alt=\"Masaje de drenaje linf\u00e1tico centrado en las pantorrillas para reducir la hinchaz\u00f3n y mejorar la circulaci\u00f3n\" srcset=\"https:\/\/skinsolutions.es\/wp-content\/uploads\/2024\/08\/calf-lymphatic-drainage-massage.jpg 2400w, https:\/\/skinsolutions.es\/wp-content\/uploads\/2024\/08\/calf-lymphatic-drainage-massage-300x300.jpg 300w, https:\/\/skinsolutions.es\/wp-content\/uploads\/2024\/08\/calf-lymphatic-drainage-massage-1024x1024.jpg 1024w, https:\/\/skinsolutions.es\/wp-content\/uploads\/2024\/08\/calf-lymphatic-drainage-massage-150x150.jpg 150w, https:\/\/skinsolutions.es\/wp-content\/uploads\/2024\/08\/calf-lymphatic-drainage-massage-768x768.jpg 768w, https:\/\/skinsolutions.es\/wp-content\/uploads\/2024\/08\/calf-lymphatic-drainage-massage-1536x1536.jpg 1536w, https:\/\/skinsolutions.es\/wp-content\/uploads\/2024\/08\/calf-lymphatic-drainage-massage-2048x2048.jpg 2048w, https:\/\/skinsolutions.es\/wp-content\/uploads\/2024\/08\/calf-lymphatic-drainage-massage-12x12.jpg 12w, https:\/\/skinsolutions.es\/wp-content\/uploads\/2024\/08\/calf-lymphatic-drainage-massage-650x650.jpg 650w, https:\/\/skinsolutions.es\/wp-content\/uploads\/2024\/08\/calf-lymphatic-drainage-massage-1300x1300.jpg 1300w\" sizes=\"(max-width: 2400px) 100vw, 2400px\" \/>\t\t\t\t\t\t\t\t\t\t\t\t\t\t\t<\/div>\n\t\t\t\t<\/div>\n\t\t<div class=\"elementor-element elementor-element-d043d88 e-flex e-con-boxed qodef-elementor-content-no e-con e-child\" data-id=\"d043d88\" data-element_type=\"container\">\n\t\t\t\t\t<div class=\"e-con-inner\">\n\t\t\t\t<div class=\"elementor-element elementor-element-afa9735 elementor-widget elementor-widget-qi_addons_for_elementor_section_title\" data-id=\"afa9735\" data-element_type=\"widget\" data-widget_type=\"qi_addons_for_elementor_section_title.default\">\n\t\t\t\t<div class=\"elementor-widget-container\">\n\t\t\t\t\t<div class=\"qodef-shortcode qodef-m qodef-qi-section-title qodef-decoration--italic qodef-link--underline-draw qodef-subtitle-icon--left\">\n\t\t\t\t\t\t<h4 class=\"qodef-m-title\">\n\t\tT\u00e9cnica suave y efectiva\t<\/h4>\n\t\t\t<div class=\"qodef-m-text\"><div class=\"flex max-w-full flex-col flex-grow\"><div class=\"min-h-8 text-message flex w-full flex-col items-end gap-2 whitespace-normal break-words [.text-message+&amp;]:mt-5\"><div class=\"flex w-full flex-col gap-1 empty:hidden first:pt-[3px]\"><div class=\"markdown prose w-full break-words dark:prose-invert dark\">Utilizando movimientos suaves y amplios, nuestro h\u00e1bil terapeuta sigue el flujo natural de la linfa, reduciendo efectivamente la retenci\u00f3n de l\u00edquidos y estimulando la circulaci\u00f3n. Este enfoque suave asegura que el tratamiento sea tanto reconfortante como beneficioso, permitiendo que tu cuerpo se desintoxique y rejuvenezca de manera natural.<\/div><\/div><\/div><\/div><\/div>\n\t<\/div>\n\t\t\t\t<\/div>\n\t\t\t\t<\/div>\n\t\t\t\t<div class=\"elementor-element elementor-element-084159e elementor-widget elementor-widget-qi_addons_for_elementor_section_title\" data-id=\"084159e\" data-element_type=\"widget\" data-widget_type=\"qi_addons_for_elementor_section_title.default\">\n\t\t\t\t<div class=\"elementor-widget-container\">\n\t\t\t\t\t<div class=\"qodef-shortcode qodef-m qodef-qi-section-title qodef-decoration--italic qodef-link--underline-draw qodef-subtitle-icon--left\">\n\t\t\t\t\t\t<h4 class=\"qodef-m-title\">\n\t\tIdeal para diversas necesidades\t<\/h4>\n\t\t\t<div class=\"qodef-m-text\"><div class=\"flex max-w-full flex-col flex-grow\"><div class=\"min-h-8 text-message flex w-full flex-col items-end gap-2 whitespace-normal break-words [.text-message+&amp;]:mt-5\"><div class=\"flex w-full flex-col gap-1 empty:hidden first:pt-[3px]\"><div class=\"markdown prose w-full break-words dark:prose-invert dark\"><p>Este masaje es particularmente beneficioso para:<\/p><p>Recuperaci\u00f3n postquir\u00fargica: Apoya la sanaci\u00f3n y minimiza la hinchaz\u00f3n, ayudando a un proceso de recuperaci\u00f3n m\u00e1s fluido.<\/p><p>Alivio del linfedema: Proporciona comodidad y ayuda a manejar la retenci\u00f3n de l\u00edquidos, aliviando el malestar asociado con esta condici\u00f3n.<\/p><p>Bienestar general: Mejora la circulaci\u00f3n y apoya tu sistema inmunol\u00f3gico, promoviendo una sensaci\u00f3n de vitalidad y bienestar.<\/p><\/div><\/div><\/div><\/div><\/div>\n\t<\/div>\n\t\t\t\t<\/div>\n\t\t\t\t<\/div>\n\t\t\t\t<div class=\"elementor-element elementor-element-19dc394 elementor-widget elementor-widget-qi_addons_for_elementor_section_title\" data-id=\"19dc394\" data-element_type=\"widget\" data-widget_type=\"qi_addons_for_elementor_section_title.default\">\n\t\t\t\t<div class=\"elementor-widget-container\">\n\t\t\t\t\t<div class=\"qodef-shortcode qodef-m qodef-qi-section-title qodef-decoration--italic qodef-link--underline-draw qodef-subtitle-icon--left\">\n\t\t\t\t\t\t<h4 class=\"qodef-m-title\">\n\t\tExperimenta una Ligereza Renovada\t<\/h4>\n\t\t\t<div class=\"qodef-m-text\"><div class=\"flex max-w-full flex-col flex-grow\"><div class=\"min-h-8 text-message flex w-full flex-col items-end gap-2 whitespace-normal break-words [.text-message+&amp;]:mt-5\"><div class=\"flex w-full flex-col gap-1 empty:hidden first:pt-[3px]\"><div class=\"markdown prose w-full break-words dark:prose-invert dark\">Si\u00e9ntete m\u00e1s ligera, saludable y llena de energ\u00eda con nuestro masaje de drenaje linf\u00e1tico. Este tratamiento restaurador no solo rejuvenece el cuerpo, sino que tambi\u00e9n nutre la mente, dej\u00e1ndote con una profunda sensaci\u00f3n de relajaci\u00f3n y bienestar.<\/div><\/div><\/div><\/div><\/div>\n\t<\/div>\n\t\t\t\t<\/div>\n\t\t\t\t<\/div>\n\t\t\t\t\t<\/div>\n\t\t\t\t<\/div>\n\t\t\t\t\t<\/div>\n\t\t\t\t<\/div>\n\t\t\t\t<section class=\"elementor-section elementor-top-section elementor-element elementor-element-d0f5496 qodef-elementor-content-grid elementor-section-boxed elementor-section-height-default elementor-section-height-default\" data-id=\"d0f5496\" data-element_type=\"section\" data-settings=\"{&quot;background_background&quot;:&quot;classic&quot;}\">\n\t\t\t\t\t\t<div class=\"elementor-container elementor-column-gap-default\">\n\t\t\t\t\t<div class=\"elementor-column elementor-col-100 elementor-top-column elementor-element elementor-element-afe3b12\" data-id=\"afe3b12\" data-element_type=\"column\">\n\t\t\t<div class=\"elementor-widget-wrap elementor-element-populated\">\n\t\t\t\t\t\t<div class=\"elementor-element elementor-element-a26875a elementor-widget elementor-widget-qi_addons_for_elementor_section_title\" data-id=\"a26875a\" data-element_type=\"widget\" data-widget_type=\"qi_addons_for_elementor_section_title.default\">\n\t\t\t\t<div class=\"elementor-widget-container\">\n\t\t\t\t\t<div class=\"qodef-shortcode qodef-m qodef-qi-section-title qodef-decoration--italic qodef-link--underline-draw qodef-subtitle-icon--left\">\n\t\t\t\t<h6 class=\"qodef-m-subtitle\">\n\t\tExplora nuestra galer\u00eda\t\t\t<\/h6>\n\t\t\t<h2 class=\"qodef-m-title\">\n\t\tInstagram\t<\/h2>\n\t\t\t<\/div>\n\t\t\t\t<\/div>\n\t\t\t\t<\/div>\n\t\t\t\t<div class=\"elementor-element elementor-element-4a1c564 elementor-widget elementor-widget-shortcode\" data-id=\"4a1c564\" data-element_type=\"widget\" data-widget_type=\"shortcode.default\">\n\t\t\t\t<div class=\"elementor-widget-container\">\n\t\t\t\t\t\t\t<div class=\"elementor-shortcode\">[instagram-feed]<\/div>\n\t\t\t\t\t\t<\/div>\n\t\t\t\t<\/div>\n\t\t\t\t\t<\/div>\n\t\t<\/div>\n\t\t\t\t\t<\/div>\n\t\t<\/section>\n\t\t\t\t<\/div>","protected":false},"excerpt":{"rendered":"<p>Body Treatments Lymphatic Drainage Massage Detoxify and Rejuvenate Gentle and Effective Technique Using light, sweeping movements, our skilled therapist follows the natural flow of lymphatic fluid, effectively reducing fluid retention and boosting circulation. This gentle approach ensures that the treatment is both soothing and beneficial, allowing your body to detoxify and rejuvenate naturally. Ideal for [&hellip;]<\/p>","protected":false},"author":1,"featured_media":0,"parent":0,"menu_order":0,"comment_status":"closed","ping_status":"closed","template":"qi-full-width.php","meta":{"footnotes":""},"class_list":["post-3185","page","type-page","status-publish","hentry"],"yoast_head":"<!-- This site is optimized with the Yoast SEO plugin v25.6 - https:\/\/yoast.com\/wordpress\/plugins\/seo\/ -->\n<title>Lymphatic Drainage Massage Marbella - Skin Solutions<\/title>\n<meta name=\"description\" content=\"Reduce swelling, boost circulation, and detoxify your body with our lymphatic drainage massage in Marbella. Gentle, expert care at Skin Solutions\" \/>\n<meta name=\"robots\" content=\"index, follow, max-snippet:-1, max-image-preview:large, max-video-preview:-1\" \/>\n<link rel=\"canonical\" href=\"https:\/\/skinsolutions.es\/es\/masaje-de-drenaje-linfatico\/\" \/>\n<meta property=\"og:locale\" content=\"es_ES\" \/>\n<meta property=\"og:type\" content=\"article\" \/>\n<meta property=\"og:title\" content=\"Lymphatic Drainage Massage Marbella - Skin Solutions\" \/>\n<meta property=\"og:description\" content=\"Reduce swelling, boost circulation, and detoxify your body with our lymphatic drainage massage in Marbella. Gentle, expert care at Skin Solutions\" \/>\n<meta property=\"og:url\" content=\"https:\/\/skinsolutions.es\/es\/masaje-de-drenaje-linfatico\/\" \/>\n<meta property=\"og:site_name\" content=\"Skin Solutions\" \/>\n<meta property=\"article:publisher\" content=\"https:\/\/www.facebook.com\/skinsolutions.marbella\" \/>\n<meta property=\"article:modified_time\" content=\"2025-03-27T16:20:46+00:00\" \/>\n<meta property=\"og:image\" content=\"http:\/\/skinsolutions.es\/wp-content\/uploads\/2024\/08\/calf-lymphatic-drainage-massage.jpg\" \/>\n<meta name=\"twitter:card\" content=\"summary_large_image\" \/>\n<meta name=\"twitter:label1\" content=\"Tiempo de lectura\" \/>\n\t<meta name=\"twitter:data1\" content=\"1 minuto\" \/>\n<script type=\"application\/ld+json\" class=\"yoast-schema-graph\">{\"@context\":\"https:\/\/schema.org\",\"@graph\":[{\"@type\":\"WebPage\",\"@id\":\"https:\/\/skinsolutions.es\/lymphatic-drainage-massage\/\",\"url\":\"https:\/\/skinsolutions.es\/lymphatic-drainage-massage\/\",\"name\":\"Lymphatic Drainage Massage Marbella - Skin Solutions\",\"isPartOf\":{\"@id\":\"https:\/\/skinsolutions.es\/en\/#website\"},\"primaryImageOfPage\":{\"@id\":\"https:\/\/skinsolutions.es\/lymphatic-drainage-massage\/#primaryimage\"},\"image\":{\"@id\":\"https:\/\/skinsolutions.es\/lymphatic-drainage-massage\/#primaryimage\"},\"thumbnailUrl\":\"http:\/\/skinsolutions.es\/wp-content\/uploads\/2024\/08\/calf-lymphatic-drainage-massage.jpg\",\"datePublished\":\"2024-08-30T12:18:42+00:00\",\"dateModified\":\"2025-03-27T16:20:46+00:00\",\"description\":\"Reduce swelling, boost circulation, and detoxify your body with our lymphatic drainage massage in Marbella. Gentle, expert care at Skin Solutions\",\"breadcrumb\":{\"@id\":\"https:\/\/skinsolutions.es\/lymphatic-drainage-massage\/#breadcrumb\"},\"inLanguage\":\"es\",\"potentialAction\":[{\"@type\":\"ReadAction\",\"target\":[\"https:\/\/skinsolutions.es\/lymphatic-drainage-massage\/\"]}]},{\"@type\":\"ImageObject\",\"inLanguage\":\"es\",\"@id\":\"https:\/\/skinsolutions.es\/lymphatic-drainage-massage\/#primaryimage\",\"url\":\"http:\/\/skinsolutions.es\/wp-content\/uploads\/2024\/08\/calf-lymphatic-drainage-massage.jpg\",\"contentUrl\":\"http:\/\/skinsolutions.es\/wp-content\/uploads\/2024\/08\/calf-lymphatic-drainage-massage.jpg\"},{\"@type\":\"BreadcrumbList\",\"@id\":\"https:\/\/skinsolutions.es\/lymphatic-drainage-massage\/#breadcrumb\",\"itemListElement\":[{\"@type\":\"ListItem\",\"position\":1,\"name\":\"Accueil\",\"item\":\"https:\/\/skinsolutions.es\/\"},{\"@type\":\"ListItem\",\"position\":2,\"name\":\"Lymphatic Drainage Massage\"}]},{\"@type\":\"WebSite\",\"@id\":\"https:\/\/skinsolutions.es\/en\/#website\",\"url\":\"https:\/\/skinsolutions.es\/en\/\",\"name\":\"Skin Solutions Marbella\",\"description\":\"The Beauty Reference\",\"publisher\":{\"@id\":\"https:\/\/skinsolutions.es\/en\/#organization\"},\"potentialAction\":[{\"@type\":\"SearchAction\",\"target\":{\"@type\":\"EntryPoint\",\"urlTemplate\":\"https:\/\/skinsolutions.es\/en\/?s={search_term_string}\"},\"query-input\":{\"@type\":\"PropertyValueSpecification\",\"valueRequired\":true,\"valueName\":\"search_term_string\"}}],\"inLanguage\":\"es\"},{\"@type\":\"Organization\",\"@id\":\"https:\/\/skinsolutions.es\/en\/#organization\",\"name\":\"Skin Solutions Marbella\",\"url\":\"https:\/\/skinsolutions.es\/en\/\",\"logo\":{\"@type\":\"ImageObject\",\"inLanguage\":\"es\",\"@id\":\"https:\/\/skinsolutions.es\/en\/#\/schema\/logo\/image\/\",\"url\":\"https:\/\/skinsolutions.es\/wp-content\/uploads\/2024\/10\/Logo-Icon-Site.png\",\"contentUrl\":\"https:\/\/skinsolutions.es\/wp-content\/uploads\/2024\/10\/Logo-Icon-Site.png\",\"width\":512,\"height\":512,\"caption\":\"Skin Solutions Marbella\"},\"image\":{\"@id\":\"https:\/\/skinsolutions.es\/en\/#\/schema\/logo\/image\/\"},\"sameAs\":[\"https:\/\/www.facebook.com\/skinsolutions.marbella\",\"https:\/\/www.instagram.com\/skinsolutions.marbella\"]}]}<\/script>\n<!-- \/ Yoast SEO plugin. -->","yoast_head_json":{"title":"Masaje de Drenaje Linf\u00e1tico Marbella \u2013 Skin Solutions","description":"Reduce la hinchaz\u00f3n, mejora la circulaci\u00f3n y desintoxica tu cuerpo con nuestro masaje de drenaje linf\u00e1tico en Marbella. Cuidado suave y experto en Skin Solutions","robots":{"index":"index","follow":"follow","max-snippet":"max-snippet:-1","max-image-preview":"max-image-preview:large","max-video-preview":"max-video-preview:-1"},"canonical":"https:\/\/skinsolutions.es\/es\/masaje-de-drenaje-linfatico\/","og_locale":"es_ES","og_type":"article","og_title":"Lymphatic Drainage Massage Marbella - Skin Solutions","og_description":"Reduce swelling, boost circulation, and detoxify your body with our lymphatic drainage massage in Marbella. Gentle, expert care at Skin Solutions","og_url":"https:\/\/skinsolutions.es\/es\/masaje-de-drenaje-linfatico\/","og_site_name":"Skin Solutions","article_publisher":"https:\/\/www.facebook.com\/skinsolutions.marbella","article_modified_time":"2025-03-27T16:20:46+00:00","og_image":[{"url":"http:\/\/skinsolutions.es\/wp-content\/uploads\/2024\/08\/calf-lymphatic-drainage-massage.jpg","type":"","width":"","height":""}],"twitter_card":"summary_large_image","twitter_misc":{"Tiempo de lectura":"1 minuto"},"schema":{"@context":"https:\/\/schema.org","@graph":[{"@type":"WebPage","@id":"https:\/\/skinsolutions.es\/lymphatic-drainage-massage\/","url":"https:\/\/skinsolutions.es\/lymphatic-drainage-massage\/","name":"Masaje de Drenaje Linf\u00e1tico Marbella \u2013 Skin Solutions","isPartOf":{"@id":"https:\/\/skinsolutions.es\/en\/#website"},"primaryImageOfPage":{"@id":"https:\/\/skinsolutions.es\/lymphatic-drainage-massage\/#primaryimage"},"image":{"@id":"https:\/\/skinsolutions.es\/lymphatic-drainage-massage\/#primaryimage"},"thumbnailUrl":"http:\/\/skinsolutions.es\/wp-content\/uploads\/2024\/08\/calf-lymphatic-drainage-massage.jpg","datePublished":"2024-08-30T12:18:42+00:00","dateModified":"2025-03-27T16:20:46+00:00","description":"Reduce la hinchaz\u00f3n, mejora la circulaci\u00f3n y desintoxica tu cuerpo con nuestro masaje de drenaje linf\u00e1tico en Marbella. Cuidado suave y experto en Skin Solutions","breadcrumb":{"@id":"https:\/\/skinsolutions.es\/lymphatic-drainage-massage\/#breadcrumb"},"inLanguage":"es","potentialAction":[{"@type":"ReadAction","target":["https:\/\/skinsolutions.es\/lymphatic-drainage-massage\/"]}]},{"@type":"ImageObject","inLanguage":"es","@id":"https:\/\/skinsolutions.es\/lymphatic-drainage-massage\/#primaryimage","url":"http:\/\/skinsolutions.es\/wp-content\/uploads\/2024\/08\/calf-lymphatic-drainage-massage.jpg","contentUrl":"http:\/\/skinsolutions.es\/wp-content\/uploads\/2024\/08\/calf-lymphatic-drainage-massage.jpg"},{"@type":"BreadcrumbList","@id":"https:\/\/skinsolutions.es\/lymphatic-drainage-massage\/#breadcrumb","itemListElement":[{"@type":"ListItem","position":1,"name":"Accueil","item":"https:\/\/skinsolutions.es\/"},{"@type":"ListItem","position":2,"name":"Lymphatic Drainage Massage"}]},{"@type":"WebSite","@id":"https:\/\/skinsolutions.es\/en\/#website","url":"https:\/\/skinsolutions.es\/en\/","name":"Skin Solutions Marbella","description":"La referencia en belleza","publisher":{"@id":"https:\/\/skinsolutions.es\/en\/#organization"},"potentialAction":[{"@type":"SearchAction","target":{"@type":"EntryPoint","urlTemplate":"https:\/\/skinsolutions.es\/en\/?s={search_term_string}"},"query-input":{"@type":"PropertyValueSpecification","valueRequired":true,"valueName":"search_term_string"}}],"inLanguage":"es"},{"@type":"Organization","@id":"https:\/\/skinsolutions.es\/en\/#organization","name":"Skin Solutions Marbella","url":"https:\/\/skinsolutions.es\/en\/","logo":{"@type":"ImageObject","inLanguage":"es","@id":"https:\/\/skinsolutions.es\/en\/#\/schema\/logo\/image\/","url":"https:\/\/skinsolutions.es\/wp-content\/uploads\/2024\/10\/Logo-Icon-Site.png","contentUrl":"https:\/\/skinsolutions.es\/wp-content\/uploads\/2024\/10\/Logo-Icon-Site.png","width":512,"height":512,"caption":"Skin Solutions Marbella"},"image":{"@id":"https:\/\/skinsolutions.es\/en\/#\/schema\/logo\/image\/"},"sameAs":["https:\/\/www.facebook.com\/skinsolutions.marbella","https:\/\/www.instagram.com\/skinsolutions.marbella"]}]}},"_links":{"self":[{"href":"https:\/\/skinsolutions.es\/es\/wp-json\/wp\/v2\/pages\/3185","targetHints":{"allow":["GET"]}}],"collection":[{"href":"https:\/\/skinsolutions.es\/es\/wp-json\/wp\/v2\/pages"}],"about":[{"href":"https:\/\/skinsolutions.es\/es\/wp-json\/wp\/v2\/types\/page"}],"author":[{"embeddable":true,"href":"https:\/\/skinsolutions.es\/es\/wp-json\/wp\/v2\/users\/1"}],"replies":[{"embeddable":true,"href":"https:\/\/skinsolutions.es\/es\/wp-json\/wp\/v2\/comments?post=3185"}],"version-history":[{"count":0,"href":"https:\/\/skinsolutions.es\/es\/wp-json\/wp\/v2\/pages\/3185\/revisions"}],"wp:attachment":[{"href":"https:\/\/skinsolutions.es\/es\/wp-json\/wp\/v2\/media?parent=3185"}],"curies":[{"name":"wp","href":"https:\/\/api.w.org\/{rel}","templated":true}]}}