{"id":3201,"date":"2024-09-01T10:08:52","date_gmt":"2024-09-01T08:08:52","guid":{"rendered":"https:\/\/skinsolutions.es\/?page_id=3201"},"modified":"2025-03-27T17:22:09","modified_gmt":"2025-03-27T16:22:09","slug":"hydrafacial-aclarador-de-espalda","status":"publish","type":"page","link":"https:\/\/skinsolutions.es\/es\/hydrafacial-aclarador-de-espalda\/","title":{"rendered":"El Hydrafacial Clarifying Back"},"content":{"rendered":"<div data-elementor-type=\"wp-page\" data-elementor-id=\"3201\" class=\"elementor elementor-3201\">\n\t\t\t\t\t\t<section class=\"elementor-section elementor-top-section elementor-element elementor-element-7eaf7ce elementor-section-full_width elementor-section-content-middle elementor-section-height-full elementor-section-items-stretch elementor-section-height-default qodef-elementor-content-no\" data-id=\"7eaf7ce\" data-element_type=\"section\" data-settings=\"{&quot;background_background&quot;:&quot;classic&quot;}\">\n\t\t\t\t\t\t<div class=\"elementor-container elementor-column-gap-default\">\n\t\t\t\t\t<div class=\"elementor-column elementor-col-50 elementor-top-column elementor-element elementor-element-831a2cd\" data-id=\"831a2cd\" data-element_type=\"column\" data-settings=\"{&quot;background_background&quot;:&quot;classic&quot;}\">\n\t\t\t<div class=\"elementor-widget-wrap elementor-element-populated\">\n\t\t\t\t\t\t<div class=\"elementor-element elementor-element-ee7bafb elementor-widget elementor-widget-qi_addons_for_elementor_section_title\" data-id=\"ee7bafb\" data-element_type=\"widget\" data-widget_type=\"qi_addons_for_elementor_section_title.default\">\n\t\t\t\t<div class=\"elementor-widget-container\">\n\t\t\t\t\t<div class=\"qodef-shortcode qodef-m qodef-qi-section-title qodef-decoration--italic qodef-link--underline-draw qodef-subtitle-icon--left\">\n\t\t\t\t<h6 class=\"qodef-m-subtitle\">\n\t\tTratamientos corporales\t\t\t<\/h6>\n\t\t\t<h1 class=\"qodef-m-title\">\n\t\tEl Hydrafacial Clarifying Back\t<\/h1>\n\t\t\t<\/div>\n\t\t\t\t<\/div>\n\t\t\t\t<\/div>\n\t\t\t\t\t<\/div>\n\t\t<\/div>\n\t\t\t\t<div class=\"elementor-column elementor-col-50 elementor-top-column elementor-element elementor-element-5fb5a01\" data-id=\"5fb5a01\" data-element_type=\"column\" data-settings=\"{&quot;background_background&quot;:&quot;classic&quot;}\">\n\t\t\t<div class=\"elementor-widget-wrap elementor-element-populated\">\n\t\t\t\t\t\t<div class=\"elementor-element elementor-element-bdad7b2 elementor-widget elementor-widget-spacer\" data-id=\"bdad7b2\" data-element_type=\"widget\" data-widget_type=\"spacer.default\">\n\t\t\t\t<div class=\"elementor-widget-container\">\n\t\t\t\t\t\t\t<div class=\"elementor-spacer\">\n\t\t\t<div class=\"elementor-spacer-inner\"><\/div>\n\t\t<\/div>\n\t\t\t\t\t\t<\/div>\n\t\t\t\t<\/div>\n\t\t\t\t\t<\/div>\n\t\t<\/div>\n\t\t\t\t\t<\/div>\n\t\t<\/section>\n\t\t<div class=\"elementor-element elementor-element-2493c37 e-flex e-con-boxed qodef-elementor-content-no e-con e-parent\" data-id=\"2493c37\" data-element_type=\"container\">\n\t\t\t\t\t<div class=\"e-con-inner\">\n\t\t\t\t<div class=\"elementor-element elementor-element-3b39bb5 elementor-widget__width-inherit elementor-widget elementor-widget-qi_addons_for_elementor_section_title\" data-id=\"3b39bb5\" data-element_type=\"widget\" data-widget_type=\"qi_addons_for_elementor_section_title.default\">\n\t\t\t\t<div class=\"elementor-widget-container\">\n\t\t\t\t\t<div class=\"qodef-shortcode qodef-m qodef-qi-section-title qodef-decoration--italic qodef-link--underline-draw qodef-subtitle-icon--left\">\n\t\t\t\t\t\t<h4 class=\"qodef-m-title\">\n\t\tRestaura la Claridad y Suavidad\t<\/h4>\n\t\t\t<\/div>\n\t\t\t\t<\/div>\n\t\t\t\t<\/div>\n\t\t\t\t\t<\/div>\n\t\t\t\t<\/div>\n\t\t<div class=\"elementor-element elementor-element-9d23e15 e-grid e-con-boxed qodef-elementor-content-no e-con e-parent\" data-id=\"9d23e15\" data-element_type=\"container\">\n\t\t\t\t\t<div class=\"e-con-inner\">\n\t\t\t\t<div class=\"elementor-element elementor-element-e30616f elementor-widget elementor-widget-image\" data-id=\"e30616f\" data-element_type=\"widget\" data-widget_type=\"image.default\">\n\t\t\t\t<div class=\"elementor-widget-container\">\n\t\t\t\t\t\t\t\t\t\t\t\t\t\t\t<img fetchpriority=\"high\" decoding=\"async\" width=\"2400\" height=\"2400\" src=\"https:\/\/skinsolutions.es\/wp-content\/uploads\/2024\/08\/calf-lymphatic-drainage-massage.jpg\" class=\"attachment-full size-full wp-image-3189\" alt=\"Masaje de drenaje linf\u00e1tico centrado en las pantorrillas para reducir la hinchaz\u00f3n y mejorar la circulaci\u00f3n\" srcset=\"https:\/\/skinsolutions.es\/wp-content\/uploads\/2024\/08\/calf-lymphatic-drainage-massage.jpg 2400w, https:\/\/skinsolutions.es\/wp-content\/uploads\/2024\/08\/calf-lymphatic-drainage-massage-300x300.jpg 300w, https:\/\/skinsolutions.es\/wp-content\/uploads\/2024\/08\/calf-lymphatic-drainage-massage-1024x1024.jpg 1024w, https:\/\/skinsolutions.es\/wp-content\/uploads\/2024\/08\/calf-lymphatic-drainage-massage-150x150.jpg 150w, https:\/\/skinsolutions.es\/wp-content\/uploads\/2024\/08\/calf-lymphatic-drainage-massage-768x768.jpg 768w, https:\/\/skinsolutions.es\/wp-content\/uploads\/2024\/08\/calf-lymphatic-drainage-massage-1536x1536.jpg 1536w, https:\/\/skinsolutions.es\/wp-content\/uploads\/2024\/08\/calf-lymphatic-drainage-massage-2048x2048.jpg 2048w, https:\/\/skinsolutions.es\/wp-content\/uploads\/2024\/08\/calf-lymphatic-drainage-massage-12x12.jpg 12w, https:\/\/skinsolutions.es\/wp-content\/uploads\/2024\/08\/calf-lymphatic-drainage-massage-650x650.jpg 650w, https:\/\/skinsolutions.es\/wp-content\/uploads\/2024\/08\/calf-lymphatic-drainage-massage-1300x1300.jpg 1300w\" sizes=\"(max-width: 2400px) 100vw, 2400px\" \/>\t\t\t\t\t\t\t\t\t\t\t\t\t\t\t<\/div>\n\t\t\t\t<\/div>\n\t\t<div class=\"elementor-element elementor-element-d043d88 e-flex e-con-boxed qodef-elementor-content-no e-con e-child\" data-id=\"d043d88\" data-element_type=\"container\">\n\t\t\t\t\t<div class=\"e-con-inner\">\n\t\t\t\t<div class=\"elementor-element elementor-element-afa9735 elementor-widget elementor-widget-qi_addons_for_elementor_section_title\" data-id=\"afa9735\" data-element_type=\"widget\" data-widget_type=\"qi_addons_for_elementor_section_title.default\">\n\t\t\t\t<div class=\"elementor-widget-container\">\n\t\t\t\t\t<div class=\"qodef-shortcode qodef-m qodef-qi-section-title qodef-decoration--italic qodef-link--underline-draw qodef-subtitle-icon--left\">\n\t\t\t\t\t\t\t\t<div class=\"qodef-m-text\"><p>Este tratamiento avanzado en Skin Solutions Marbella est\u00e1 dise\u00f1ado espec\u00edficamente para limpiar, exfoliar e hidratar en profundidad la piel a menudo descuidada de tu espalda.<\/p><\/div>\n\t<\/div>\n\t\t\t\t<\/div>\n\t\t\t\t<\/div>\n\t\t\t\t<div class=\"elementor-element elementor-element-9a7660a elementor-widget elementor-widget-qi_addons_for_elementor_section_title\" data-id=\"9a7660a\" data-element_type=\"widget\" data-widget_type=\"qi_addons_for_elementor_section_title.default\">\n\t\t\t\t<div class=\"elementor-widget-container\">\n\t\t\t\t\t<div class=\"qodef-shortcode qodef-m qodef-qi-section-title qodef-decoration--italic qodef-link--underline-draw qodef-subtitle-icon--left\">\n\t\t\t\t\t\t<h4 class=\"qodef-m-title\">\n\t\tLimpieza y Exfoliaci\u00f3n Exhaustivas\t<\/h4>\n\t\t\t<div class=\"qodef-m-text\"><p>El tratamiento de espalda clarificante Hydrafacial comienza con una limpieza exhaustiva para eliminar impurezas, preparando tu piel para los siguientes pasos. A continuaci\u00f3n, se realiza una exfoliaci\u00f3n suave para eliminar las c\u00e9lulas muertas de la piel y destapar los poros, revelando una complexi\u00f3n m\u00e1s fresca y brillante debajo.<\/p><p>Para mejorar a\u00fan m\u00e1s el tratamiento, realizamos extracciones para eliminar puntos negros o congesti\u00f3n, asegurando que tu piel est\u00e9 clara y libre de imperfecciones. A continuaci\u00f3n, se aplica un suero personalizado, que proporciona nutrientes esenciales e hidrataci\u00f3n profunda en las capas de la dermis para una hidrataci\u00f3n \u00f3ptima.<\/p><\/div>\n\t<\/div>\n\t\t\t\t<\/div>\n\t\t\t\t<\/div>\n\t\t\t\t<div class=\"elementor-element elementor-element-f28d558 elementor-widget elementor-widget-qi_addons_for_elementor_section_title\" data-id=\"f28d558\" data-element_type=\"widget\" data-widget_type=\"qi_addons_for_elementor_section_title.default\">\n\t\t\t\t<div class=\"elementor-widget-container\">\n\t\t\t\t\t<div class=\"qodef-shortcode qodef-m qodef-qi-section-title qodef-decoration--italic qodef-link--underline-draw qodef-subtitle-icon--left\">\n\t\t\t\t\t\t<h4 class=\"qodef-m-title\">\n\t\tLogra una piel m\u00e1s clara y radiante\t<\/h4>\n\t\t\t<div class=\"qodef-m-text\"><p>El resultado es una piel en la espalda refrescada, rejuvenecida y visiblemente m\u00e1s clara, lo que hace que este tratamiento sea ideal para quienes padecen de acn\u00e9 en la espalda o simplemente desean lograr una espalda radiante y suave.<\/p><p>\u00a1Disfruta de nuestro tratamiento de espalda clarificante Hydrafacial y revela la belleza de tu piel en Skin Solutions Marbella!<\/p><\/div>\n\t<\/div>\n\t\t\t\t<\/div>\n\t\t\t\t<\/div>\n\t\t\t\t\t<\/div>\n\t\t\t\t<\/div>\n\t\t\t\t\t<\/div>\n\t\t\t\t<\/div>\n\t\t\t\t<section class=\"elementor-section elementor-top-section elementor-element elementor-element-d0f5496 qodef-elementor-content-grid elementor-section-boxed elementor-section-height-default elementor-section-height-default\" data-id=\"d0f5496\" data-element_type=\"section\" data-settings=\"{&quot;background_background&quot;:&quot;classic&quot;}\">\n\t\t\t\t\t\t<div class=\"elementor-container elementor-column-gap-default\">\n\t\t\t\t\t<div class=\"elementor-column elementor-col-100 elementor-top-column elementor-element elementor-element-afe3b12\" data-id=\"afe3b12\" data-element_type=\"column\">\n\t\t\t<div class=\"elementor-widget-wrap elementor-element-populated\">\n\t\t\t\t\t\t<div class=\"elementor-element elementor-element-a26875a elementor-widget elementor-widget-qi_addons_for_elementor_section_title\" data-id=\"a26875a\" data-element_type=\"widget\" data-widget_type=\"qi_addons_for_elementor_section_title.default\">\n\t\t\t\t<div class=\"elementor-widget-container\">\n\t\t\t\t\t<div class=\"qodef-shortcode qodef-m qodef-qi-section-title qodef-decoration--italic qodef-link--underline-draw qodef-subtitle-icon--left\">\n\t\t\t\t<h6 class=\"qodef-m-subtitle\">\n\t\tExplora nuestra galer\u00eda\t\t\t<\/h6>\n\t\t\t<h2 class=\"qodef-m-title\">\n\t\tInstagram\t<\/h2>\n\t\t\t<\/div>\n\t\t\t\t<\/div>\n\t\t\t\t<\/div>\n\t\t\t\t<div class=\"elementor-element elementor-element-4a1c564 elementor-widget elementor-widget-shortcode\" data-id=\"4a1c564\" data-element_type=\"widget\" data-widget_type=\"shortcode.default\">\n\t\t\t\t<div class=\"elementor-widget-container\">\n\t\t\t\t\t\t\t<div class=\"elementor-shortcode\">[instagram-feed]<\/div>\n\t\t\t\t\t\t<\/div>\n\t\t\t\t<\/div>\n\t\t\t\t\t<\/div>\n\t\t<\/div>\n\t\t\t\t\t<\/div>\n\t\t<\/section>\n\t\t\t\t<\/div>","protected":false},"excerpt":{"rendered":"<p>Body Treatments The Hydrafacial Clarifying Back Restore Clarity and Smoothness This advanced treatment at Skin Solutions Marbella is specifically designed to deeply cleanse, exfoliate, and hydrate the often-neglected skin on your back. Thorough Cleansing and Exfoliation The Hydrafacial Clarifying Back Treatment begins with a thorough cleansing to remove impurities, preparing your skin for the next [&hellip;]<\/p>","protected":false},"author":1,"featured_media":0,"parent":0,"menu_order":0,"comment_status":"closed","ping_status":"closed","template":"qi-full-width.php","meta":{"footnotes":""},"class_list":["post-3201","page","type-page","status-publish","hentry"],"yoast_head":"<!-- This site is optimized with the Yoast SEO plugin v25.6 - https:\/\/yoast.com\/wordpress\/plugins\/seo\/ -->\n<title>Hydrafacial Clarifying Back Treatment Marbella - Skin Solutions<\/title>\n<meta name=\"description\" content=\"Deeply cleanse and clarify your back with our Hydrafacial treatment in Marbella. Skin Solutions targets impurities for smooth, clear, and refreshed skin\" \/>\n<meta name=\"robots\" content=\"index, follow, max-snippet:-1, max-image-preview:large, max-video-preview:-1\" \/>\n<link rel=\"canonical\" href=\"https:\/\/skinsolutions.es\/es\/hydrafacial-aclarador-de-espalda\/\" \/>\n<meta property=\"og:locale\" content=\"es_ES\" \/>\n<meta property=\"og:type\" content=\"article\" \/>\n<meta property=\"og:title\" content=\"Hydrafacial Clarifying Back Treatment Marbella - Skin Solutions\" \/>\n<meta property=\"og:description\" content=\"Deeply cleanse and clarify your back with our Hydrafacial treatment in Marbella. Skin Solutions targets impurities for smooth, clear, and refreshed skin\" \/>\n<meta property=\"og:url\" content=\"https:\/\/skinsolutions.es\/es\/hydrafacial-aclarador-de-espalda\/\" \/>\n<meta property=\"og:site_name\" content=\"Skin Solutions\" \/>\n<meta property=\"article:publisher\" content=\"https:\/\/www.facebook.com\/skinsolutions.marbella\" \/>\n<meta property=\"article:modified_time\" content=\"2025-03-27T16:22:09+00:00\" \/>\n<meta property=\"og:image\" content=\"http:\/\/skinsolutions.es\/wp-content\/uploads\/2024\/08\/calf-lymphatic-drainage-massage.jpg\" \/>\n<meta name=\"twitter:card\" content=\"summary_large_image\" \/>\n<meta name=\"twitter:label1\" content=\"Tiempo de lectura\" \/>\n\t<meta name=\"twitter:data1\" content=\"1 minuto\" \/>\n<script type=\"application\/ld+json\" class=\"yoast-schema-graph\">{\"@context\":\"https:\/\/schema.org\",\"@graph\":[{\"@type\":\"WebPage\",\"@id\":\"https:\/\/skinsolutions.es\/the-hydrafacial-clarifying-back\/\",\"url\":\"https:\/\/skinsolutions.es\/the-hydrafacial-clarifying-back\/\",\"name\":\"Hydrafacial Clarifying Back Treatment Marbella - Skin Solutions\",\"isPartOf\":{\"@id\":\"https:\/\/skinsolutions.es\/en\/#website\"},\"primaryImageOfPage\":{\"@id\":\"https:\/\/skinsolutions.es\/the-hydrafacial-clarifying-back\/#primaryimage\"},\"image\":{\"@id\":\"https:\/\/skinsolutions.es\/the-hydrafacial-clarifying-back\/#primaryimage\"},\"thumbnailUrl\":\"http:\/\/skinsolutions.es\/wp-content\/uploads\/2024\/08\/calf-lymphatic-drainage-massage.jpg\",\"datePublished\":\"2024-09-01T08:08:52+00:00\",\"dateModified\":\"2025-03-27T16:22:09+00:00\",\"description\":\"Deeply cleanse and clarify your back with our Hydrafacial treatment in Marbella. Skin Solutions targets impurities for smooth, clear, and refreshed skin\",\"breadcrumb\":{\"@id\":\"https:\/\/skinsolutions.es\/the-hydrafacial-clarifying-back\/#breadcrumb\"},\"inLanguage\":\"es\",\"potentialAction\":[{\"@type\":\"ReadAction\",\"target\":[\"https:\/\/skinsolutions.es\/the-hydrafacial-clarifying-back\/\"]}]},{\"@type\":\"ImageObject\",\"inLanguage\":\"es\",\"@id\":\"https:\/\/skinsolutions.es\/the-hydrafacial-clarifying-back\/#primaryimage\",\"url\":\"http:\/\/skinsolutions.es\/wp-content\/uploads\/2024\/08\/calf-lymphatic-drainage-massage.jpg\",\"contentUrl\":\"http:\/\/skinsolutions.es\/wp-content\/uploads\/2024\/08\/calf-lymphatic-drainage-massage.jpg\"},{\"@type\":\"BreadcrumbList\",\"@id\":\"https:\/\/skinsolutions.es\/the-hydrafacial-clarifying-back\/#breadcrumb\",\"itemListElement\":[{\"@type\":\"ListItem\",\"position\":1,\"name\":\"Accueil\",\"item\":\"https:\/\/skinsolutions.es\/\"},{\"@type\":\"ListItem\",\"position\":2,\"name\":\"The Hydrafacial Clarifying Back\"}]},{\"@type\":\"WebSite\",\"@id\":\"https:\/\/skinsolutions.es\/en\/#website\",\"url\":\"https:\/\/skinsolutions.es\/en\/\",\"name\":\"Skin Solutions Marbella\",\"description\":\"The Beauty Reference\",\"publisher\":{\"@id\":\"https:\/\/skinsolutions.es\/en\/#organization\"},\"potentialAction\":[{\"@type\":\"SearchAction\",\"target\":{\"@type\":\"EntryPoint\",\"urlTemplate\":\"https:\/\/skinsolutions.es\/en\/?s={search_term_string}\"},\"query-input\":{\"@type\":\"PropertyValueSpecification\",\"valueRequired\":true,\"valueName\":\"search_term_string\"}}],\"inLanguage\":\"es\"},{\"@type\":\"Organization\",\"@id\":\"https:\/\/skinsolutions.es\/en\/#organization\",\"name\":\"Skin Solutions Marbella\",\"url\":\"https:\/\/skinsolutions.es\/en\/\",\"logo\":{\"@type\":\"ImageObject\",\"inLanguage\":\"es\",\"@id\":\"https:\/\/skinsolutions.es\/en\/#\/schema\/logo\/image\/\",\"url\":\"https:\/\/skinsolutions.es\/wp-content\/uploads\/2024\/10\/Logo-Icon-Site.png\",\"contentUrl\":\"https:\/\/skinsolutions.es\/wp-content\/uploads\/2024\/10\/Logo-Icon-Site.png\",\"width\":512,\"height\":512,\"caption\":\"Skin Solutions Marbella\"},\"image\":{\"@id\":\"https:\/\/skinsolutions.es\/en\/#\/schema\/logo\/image\/\"},\"sameAs\":[\"https:\/\/www.facebook.com\/skinsolutions.marbella\",\"https:\/\/www.instagram.com\/skinsolutions.marbella\"]}]}<\/script>\n<!-- \/ Yoast SEO plugin. -->","yoast_head_json":{"title":"Tratamiento Hydrafacial Purificante para Espalda Marbella \u2013 Skin Solutions","description":"Limpia profundamente y purifica tu espalda con nuestro tratamiento Hydrafacial en Marbella. Skin Solutions elimina impurezas para una piel suave, clara y renovada","robots":{"index":"index","follow":"follow","max-snippet":"max-snippet:-1","max-image-preview":"max-image-preview:large","max-video-preview":"max-video-preview:-1"},"canonical":"https:\/\/skinsolutions.es\/es\/hydrafacial-aclarador-de-espalda\/","og_locale":"es_ES","og_type":"article","og_title":"Hydrafacial Clarifying Back Treatment Marbella - Skin Solutions","og_description":"Deeply cleanse and clarify your back with our Hydrafacial treatment in Marbella. Skin Solutions targets impurities for smooth, clear, and refreshed skin","og_url":"https:\/\/skinsolutions.es\/es\/hydrafacial-aclarador-de-espalda\/","og_site_name":"Skin Solutions","article_publisher":"https:\/\/www.facebook.com\/skinsolutions.marbella","article_modified_time":"2025-03-27T16:22:09+00:00","og_image":[{"url":"http:\/\/skinsolutions.es\/wp-content\/uploads\/2024\/08\/calf-lymphatic-drainage-massage.jpg","type":"","width":"","height":""}],"twitter_card":"summary_large_image","twitter_misc":{"Tiempo de lectura":"1 minuto"},"schema":{"@context":"https:\/\/schema.org","@graph":[{"@type":"WebPage","@id":"https:\/\/skinsolutions.es\/the-hydrafacial-clarifying-back\/","url":"https:\/\/skinsolutions.es\/the-hydrafacial-clarifying-back\/","name":"Tratamiento Hydrafacial Purificante para Espalda Marbella \u2013 Skin Solutions","isPartOf":{"@id":"https:\/\/skinsolutions.es\/en\/#website"},"primaryImageOfPage":{"@id":"https:\/\/skinsolutions.es\/the-hydrafacial-clarifying-back\/#primaryimage"},"image":{"@id":"https:\/\/skinsolutions.es\/the-hydrafacial-clarifying-back\/#primaryimage"},"thumbnailUrl":"http:\/\/skinsolutions.es\/wp-content\/uploads\/2024\/08\/calf-lymphatic-drainage-massage.jpg","datePublished":"2024-09-01T08:08:52+00:00","dateModified":"2025-03-27T16:22:09+00:00","description":"Limpia profundamente y purifica tu espalda con nuestro tratamiento Hydrafacial en Marbella. Skin Solutions elimina impurezas para una piel suave, clara y renovada","breadcrumb":{"@id":"https:\/\/skinsolutions.es\/the-hydrafacial-clarifying-back\/#breadcrumb"},"inLanguage":"es","potentialAction":[{"@type":"ReadAction","target":["https:\/\/skinsolutions.es\/the-hydrafacial-clarifying-back\/"]}]},{"@type":"ImageObject","inLanguage":"es","@id":"https:\/\/skinsolutions.es\/the-hydrafacial-clarifying-back\/#primaryimage","url":"http:\/\/skinsolutions.es\/wp-content\/uploads\/2024\/08\/calf-lymphatic-drainage-massage.jpg","contentUrl":"http:\/\/skinsolutions.es\/wp-content\/uploads\/2024\/08\/calf-lymphatic-drainage-massage.jpg"},{"@type":"BreadcrumbList","@id":"https:\/\/skinsolutions.es\/the-hydrafacial-clarifying-back\/#breadcrumb","itemListElement":[{"@type":"ListItem","position":1,"name":"Accueil","item":"https:\/\/skinsolutions.es\/"},{"@type":"ListItem","position":2,"name":"The Hydrafacial Clarifying Back"}]},{"@type":"WebSite","@id":"https:\/\/skinsolutions.es\/en\/#website","url":"https:\/\/skinsolutions.es\/en\/","name":"Skin Solutions Marbella","description":"La referencia en belleza","publisher":{"@id":"https:\/\/skinsolutions.es\/en\/#organization"},"potentialAction":[{"@type":"SearchAction","target":{"@type":"EntryPoint","urlTemplate":"https:\/\/skinsolutions.es\/en\/?s={search_term_string}"},"query-input":{"@type":"PropertyValueSpecification","valueRequired":true,"valueName":"search_term_string"}}],"inLanguage":"es"},{"@type":"Organization","@id":"https:\/\/skinsolutions.es\/en\/#organization","name":"Skin Solutions Marbella","url":"https:\/\/skinsolutions.es\/en\/","logo":{"@type":"ImageObject","inLanguage":"es","@id":"https:\/\/skinsolutions.es\/en\/#\/schema\/logo\/image\/","url":"https:\/\/skinsolutions.es\/wp-content\/uploads\/2024\/10\/Logo-Icon-Site.png","contentUrl":"https:\/\/skinsolutions.es\/wp-content\/uploads\/2024\/10\/Logo-Icon-Site.png","width":512,"height":512,"caption":"Skin Solutions Marbella"},"image":{"@id":"https:\/\/skinsolutions.es\/en\/#\/schema\/logo\/image\/"},"sameAs":["https:\/\/www.facebook.com\/skinsolutions.marbella","https:\/\/www.instagram.com\/skinsolutions.marbella"]}]}},"_links":{"self":[{"href":"https:\/\/skinsolutions.es\/es\/wp-json\/wp\/v2\/pages\/3201","targetHints":{"allow":["GET"]}}],"collection":[{"href":"https:\/\/skinsolutions.es\/es\/wp-json\/wp\/v2\/pages"}],"about":[{"href":"https:\/\/skinsolutions.es\/es\/wp-json\/wp\/v2\/types\/page"}],"author":[{"embeddable":true,"href":"https:\/\/skinsolutions.es\/es\/wp-json\/wp\/v2\/users\/1"}],"replies":[{"embeddable":true,"href":"https:\/\/skinsolutions.es\/es\/wp-json\/wp\/v2\/comments?post=3201"}],"version-history":[{"count":0,"href":"https:\/\/skinsolutions.es\/es\/wp-json\/wp\/v2\/pages\/3201\/revisions"}],"wp:attachment":[{"href":"https:\/\/skinsolutions.es\/es\/wp-json\/wp\/v2\/media?parent=3201"}],"curies":[{"name":"wp","href":"https:\/\/api.w.org\/{rel}","templated":true}]}}