{"id":3204,"date":"2024-09-01T10:25:48","date_gmt":"2024-09-01T08:25:48","guid":{"rendered":"https:\/\/skinsolutions.es\/?page_id=3204"},"modified":"2025-03-27T17:23:43","modified_gmt":"2025-03-27T16:23:43","slug":"tratamiento-reafirmante-y-reductor-con-radiofrecuencia","status":"publish","type":"page","link":"https:\/\/skinsolutions.es\/es\/tratamiento-reafirmante-y-reductor-con-radiofrecuencia\/","title":{"rendered":"Tratamiento reafirmante y reductor con radiofrecuencia"},"content":{"rendered":"<div data-elementor-type=\"wp-page\" data-elementor-id=\"3204\" class=\"elementor elementor-3204\">\n\t\t\t\t\t\t<section class=\"elementor-section elementor-top-section elementor-element elementor-element-7eaf7ce elementor-section-full_width elementor-section-content-middle elementor-section-height-full elementor-section-items-stretch elementor-section-height-default qodef-elementor-content-no\" data-id=\"7eaf7ce\" data-element_type=\"section\" data-settings=\"{&quot;background_background&quot;:&quot;classic&quot;}\">\n\t\t\t\t\t\t<div class=\"elementor-container elementor-column-gap-default\">\n\t\t\t\t\t<div class=\"elementor-column elementor-col-50 elementor-top-column elementor-element elementor-element-831a2cd\" data-id=\"831a2cd\" data-element_type=\"column\" data-settings=\"{&quot;background_background&quot;:&quot;classic&quot;}\">\n\t\t\t<div class=\"elementor-widget-wrap elementor-element-populated\">\n\t\t\t\t\t\t<div class=\"elementor-element elementor-element-ee7bafb elementor-widget elementor-widget-qi_addons_for_elementor_section_title\" data-id=\"ee7bafb\" data-element_type=\"widget\" data-widget_type=\"qi_addons_for_elementor_section_title.default\">\n\t\t\t\t<div class=\"elementor-widget-container\">\n\t\t\t\t\t<div class=\"qodef-shortcode qodef-m qodef-qi-section-title qodef-decoration--italic qodef-link--underline-draw qodef-subtitle-icon--left\">\n\t\t\t\t<h6 class=\"qodef-m-subtitle\">\n\t\tTratamientos corporales\t\t\t<\/h6>\n\t\t\t<h2 class=\"qodef-m-title\">\n\t\tTratamiento reafirmante y reductor con radiofrecuencia\t<\/h2>\n\t\t\t<\/div>\n\t\t\t\t<\/div>\n\t\t\t\t<\/div>\n\t\t\t\t\t<\/div>\n\t\t<\/div>\n\t\t\t\t<div class=\"elementor-column elementor-col-50 elementor-top-column elementor-element elementor-element-5fb5a01\" data-id=\"5fb5a01\" data-element_type=\"column\" data-settings=\"{&quot;background_background&quot;:&quot;classic&quot;}\">\n\t\t\t<div class=\"elementor-widget-wrap elementor-element-populated\">\n\t\t\t\t\t\t<div class=\"elementor-element elementor-element-bdad7b2 elementor-widget elementor-widget-spacer\" data-id=\"bdad7b2\" data-element_type=\"widget\" data-widget_type=\"spacer.default\">\n\t\t\t\t<div class=\"elementor-widget-container\">\n\t\t\t\t\t\t\t<div class=\"elementor-spacer\">\n\t\t\t<div class=\"elementor-spacer-inner\"><\/div>\n\t\t<\/div>\n\t\t\t\t\t\t<\/div>\n\t\t\t\t<\/div>\n\t\t\t\t\t<\/div>\n\t\t<\/div>\n\t\t\t\t\t<\/div>\n\t\t<\/section>\n\t\t<div class=\"elementor-element elementor-element-da22a8a e-flex e-con-boxed qodef-elementor-content-no e-con e-parent\" data-id=\"da22a8a\" data-element_type=\"container\">\n\t\t\t\t\t<div class=\"e-con-inner\">\n\t\t\t\t<div class=\"elementor-element elementor-element-afa9735 elementor-widget elementor-widget-qi_addons_for_elementor_section_title\" data-id=\"afa9735\" data-element_type=\"widget\" data-widget_type=\"qi_addons_for_elementor_section_title.default\">\n\t\t\t\t<div class=\"elementor-widget-container\">\n\t\t\t\t\t<div class=\"qodef-shortcode qodef-m qodef-qi-section-title qodef-decoration--italic qodef-link--underline-draw qodef-subtitle-icon--left\">\n\t\t\t\t\t\t<h4 class=\"qodef-m-title\">\n\t\tTonifica y Esculpe tu Cuerpo\t<\/h4>\n\t\t\t<\/div>\n\t\t\t\t<\/div>\n\t\t\t\t<\/div>\n\t\t\t\t\t<\/div>\n\t\t\t\t<\/div>\n\t\t<div class=\"elementor-element elementor-element-9d23e15 e-grid e-con-boxed qodef-elementor-content-no e-con e-parent\" data-id=\"9d23e15\" data-element_type=\"container\">\n\t\t\t\t\t<div class=\"e-con-inner\">\n\t\t\t\t<div class=\"elementor-element elementor-element-e30616f elementor-widget elementor-widget-image\" data-id=\"e30616f\" data-element_type=\"widget\" data-widget_type=\"image.default\">\n\t\t\t\t<div class=\"elementor-widget-container\">\n\t\t\t\t\t\t\t\t\t\t\t\t\t\t\t<img fetchpriority=\"high\" decoding=\"async\" width=\"2400\" height=\"2400\" src=\"https:\/\/skinsolutions.es\/wp-content\/uploads\/2024\/09\/advanced-radiofrequency-body-contouring.png\" class=\"attachment-full size-full wp-image-3212\" alt=\"Contorno corporal avanzado por radiofrecuencia para reafirmar la piel fl\u00e1cida y reducir la grasa\" srcset=\"https:\/\/skinsolutions.es\/wp-content\/uploads\/2024\/09\/advanced-radiofrequency-body-contouring.png 2400w, https:\/\/skinsolutions.es\/wp-content\/uploads\/2024\/09\/advanced-radiofrequency-body-contouring-300x300.png 300w, https:\/\/skinsolutions.es\/wp-content\/uploads\/2024\/09\/advanced-radiofrequency-body-contouring-1024x1024.png 1024w, https:\/\/skinsolutions.es\/wp-content\/uploads\/2024\/09\/advanced-radiofrequency-body-contouring-150x150.png 150w, https:\/\/skinsolutions.es\/wp-content\/uploads\/2024\/09\/advanced-radiofrequency-body-contouring-768x768.png 768w, https:\/\/skinsolutions.es\/wp-content\/uploads\/2024\/09\/advanced-radiofrequency-body-contouring-1536x1536.png 1536w, https:\/\/skinsolutions.es\/wp-content\/uploads\/2024\/09\/advanced-radiofrequency-body-contouring-2048x2048.png 2048w, https:\/\/skinsolutions.es\/wp-content\/uploads\/2024\/09\/advanced-radiofrequency-body-contouring-12x12.png 12w, https:\/\/skinsolutions.es\/wp-content\/uploads\/2024\/09\/advanced-radiofrequency-body-contouring-650x650.png 650w, https:\/\/skinsolutions.es\/wp-content\/uploads\/2024\/09\/advanced-radiofrequency-body-contouring-1300x1300.png 1300w\" sizes=\"(max-width: 2400px) 100vw, 2400px\" \/>\t\t\t\t\t\t\t\t\t\t\t\t\t\t\t<\/div>\n\t\t\t\t<\/div>\n\t\t<div class=\"elementor-element elementor-element-d043d88 e-flex e-con-boxed qodef-elementor-content-no e-con e-child\" data-id=\"d043d88\" data-element_type=\"container\">\n\t\t\t\t\t<div class=\"e-con-inner\">\n\t\t\t\t<div class=\"elementor-element elementor-element-bbd83a7 elementor-widget elementor-widget-qi_addons_for_elementor_section_title\" data-id=\"bbd83a7\" data-element_type=\"widget\" data-widget_type=\"qi_addons_for_elementor_section_title.default\">\n\t\t\t\t<div class=\"elementor-widget-container\">\n\t\t\t\t\t<div class=\"qodef-shortcode qodef-m qodef-qi-section-title qodef-decoration--italic qodef-link--underline-draw qodef-subtitle-icon--left\">\n\t\t\t\t\t\t\t\t<div class=\"qodef-m-text\"><p>Nuestro tratamiento de reafirmaci\u00f3n y adelgazamiento por radiofrecuencia es una soluci\u00f3n de vanguardia que combina los beneficios de los tratamientos reafirmantes con la avanzada tecnolog\u00eda de radiofrecuencia. Este tratamiento se dirige a las \u00e1reas del cuerpo donde la piel puede estar floja o donde persisten dep\u00f3sitos de grasa resistentes.<\/p><\/div>\n\t<\/div>\n\t\t\t\t<\/div>\n\t\t\t\t<\/div>\n\t\t\t\t<div class=\"elementor-element elementor-element-d9f76fd elementor-widget elementor-widget-qi_addons_for_elementor_section_title\" data-id=\"d9f76fd\" data-element_type=\"widget\" data-widget_type=\"qi_addons_for_elementor_section_title.default\">\n\t\t\t\t<div class=\"elementor-widget-container\">\n\t\t\t\t\t<div class=\"qodef-shortcode qodef-m qodef-qi-section-title qodef-decoration--italic qodef-link--underline-draw qodef-subtitle-icon--left\">\n\t\t\t\t\t\t<h4 class=\"qodef-m-title\">\n\t\tBeneficios clave\t<\/h4>\n\t\t\t<div class=\"qodef-m-text\"><p>Estimulaci\u00f3n de col\u00e1geno y elastina: La radiofrecuencia utiliza ondas electromagn\u00e9ticas para calentar las capas m\u00e1s profundas de la piel, promoviendo la producci\u00f3n de col\u00e1geno y elastina, lo que mejora la firmeza y elasticidad de la piel.<\/p><p>Mejora de la circulaci\u00f3n sangu\u00ednea: Aumenta la circulaci\u00f3n, promoviendo una piel m\u00e1s saludable.<\/p><p>Apoyo al drenaje linf\u00e1tico: Ayuda a reducir la apariencia de la celulitis y promueve la desintoxicaci\u00f3n.<\/p><p>Este tratamiento es ideal para quienes buscan tonificar y esculpir su cuerpo mientras mejoran la textura y apariencia de la piel. Muchos clientes notan resultados despu\u00e9s de solo unas pocas sesiones, experimentando una piel m\u00e1s suave, firme y una silueta m\u00e1s contorneada. Disfruta de resultados efectivos y no invasivos sin necesidad de cirug\u00eda.<\/p><\/div>\n\t<\/div>\n\t\t\t\t<\/div>\n\t\t\t\t<\/div>\n\t\t\t\t\t<\/div>\n\t\t\t\t<\/div>\n\t\t\t\t\t<\/div>\n\t\t\t\t<\/div>\n\t\t\t\t<section class=\"elementor-section elementor-top-section elementor-element elementor-element-d0f5496 qodef-elementor-content-grid elementor-section-boxed elementor-section-height-default elementor-section-height-default\" data-id=\"d0f5496\" data-element_type=\"section\" data-settings=\"{&quot;background_background&quot;:&quot;classic&quot;}\">\n\t\t\t\t\t\t<div class=\"elementor-container elementor-column-gap-default\">\n\t\t\t\t\t<div class=\"elementor-column elementor-col-100 elementor-top-column elementor-element elementor-element-afe3b12\" data-id=\"afe3b12\" data-element_type=\"column\">\n\t\t\t<div class=\"elementor-widget-wrap elementor-element-populated\">\n\t\t\t\t\t\t<div class=\"elementor-element elementor-element-a26875a elementor-widget elementor-widget-qi_addons_for_elementor_section_title\" data-id=\"a26875a\" data-element_type=\"widget\" data-widget_type=\"qi_addons_for_elementor_section_title.default\">\n\t\t\t\t<div class=\"elementor-widget-container\">\n\t\t\t\t\t<div class=\"qodef-shortcode qodef-m qodef-qi-section-title qodef-decoration--italic qodef-link--underline-draw qodef-subtitle-icon--left\">\n\t\t\t\t<h6 class=\"qodef-m-subtitle\">\n\t\tExplora nuestra galer\u00eda\t\t\t<\/h6>\n\t\t\t<h2 class=\"qodef-m-title\">\n\t\tInstagram\t<\/h2>\n\t\t\t<\/div>\n\t\t\t\t<\/div>\n\t\t\t\t<\/div>\n\t\t\t\t<div class=\"elementor-element elementor-element-4a1c564 elementor-widget elementor-widget-shortcode\" data-id=\"4a1c564\" data-element_type=\"widget\" data-widget_type=\"shortcode.default\">\n\t\t\t\t<div class=\"elementor-widget-container\">\n\t\t\t\t\t\t\t<div class=\"elementor-shortcode\">[instagram-feed]<\/div>\n\t\t\t\t\t\t<\/div>\n\t\t\t\t<\/div>\n\t\t\t\t\t<\/div>\n\t\t<\/div>\n\t\t\t\t\t<\/div>\n\t\t<\/section>\n\t\t\t\t<\/div>","protected":false},"excerpt":{"rendered":"<p>Body Treatments Firming and Slimming Treatment with Radiofrequency Tone and Sculpt Your Body Our Radiofrequency Firming and Slimming Treatment is a cutting-edge solution that combines the benefits of firming treatments with advanced radiofrequency technology. This treatment targets areas of the body where the skin may be loose or where stubborn fat deposits persist. Key Benefits [&hellip;]<\/p>","protected":false},"author":1,"featured_media":0,"parent":0,"menu_order":0,"comment_status":"closed","ping_status":"closed","template":"qi-full-width.php","meta":{"footnotes":""},"class_list":["post-3204","page","type-page","status-publish","hentry"],"yoast_head":"<!-- This site is optimized with the Yoast SEO plugin v25.6 - https:\/\/yoast.com\/wordpress\/plugins\/seo\/ -->\n<title>Firming and Slimming Treatment with Radiofrequency in Marbella<\/title>\n<meta name=\"description\" content=\"Tone and sculpt your body with our firming and slimming radiofrequency treatment in Marbella. Skin Solutions offers visible, non-invasive results\" \/>\n<meta name=\"robots\" content=\"index, follow, max-snippet:-1, max-image-preview:large, max-video-preview:-1\" \/>\n<link rel=\"canonical\" href=\"https:\/\/skinsolutions.es\/es\/tratamiento-reafirmante-y-reductor-con-radiofrecuencia\/\" \/>\n<meta property=\"og:locale\" content=\"es_ES\" \/>\n<meta property=\"og:type\" content=\"article\" \/>\n<meta property=\"og:title\" content=\"Firming and Slimming Treatment with Radiofrequency in Marbella\" \/>\n<meta property=\"og:description\" content=\"Tone and sculpt your body with our firming and slimming radiofrequency treatment in Marbella. Skin Solutions offers visible, non-invasive results\" \/>\n<meta property=\"og:url\" content=\"https:\/\/skinsolutions.es\/es\/tratamiento-reafirmante-y-reductor-con-radiofrecuencia\/\" \/>\n<meta property=\"og:site_name\" content=\"Skin Solutions\" \/>\n<meta property=\"article:publisher\" content=\"https:\/\/www.facebook.com\/skinsolutions.marbella\" \/>\n<meta property=\"article:modified_time\" content=\"2025-03-27T16:23:43+00:00\" \/>\n<meta property=\"og:image\" content=\"http:\/\/skinsolutions.es\/wp-content\/uploads\/2024\/09\/advanced-radiofrequency-body-contouring.png\" \/>\n<meta name=\"twitter:card\" content=\"summary_large_image\" \/>\n<meta name=\"twitter:label1\" content=\"Tiempo de lectura\" \/>\n\t<meta name=\"twitter:data1\" content=\"1 minuto\" \/>\n<script type=\"application\/ld+json\" class=\"yoast-schema-graph\">{\"@context\":\"https:\/\/schema.org\",\"@graph\":[{\"@type\":\"WebPage\",\"@id\":\"https:\/\/skinsolutions.es\/firming-and-slimming-treatment-with-radiofrequency\/\",\"url\":\"https:\/\/skinsolutions.es\/firming-and-slimming-treatment-with-radiofrequency\/\",\"name\":\"Firming and Slimming Treatment with Radiofrequency in Marbella\",\"isPartOf\":{\"@id\":\"https:\/\/skinsolutions.es\/en\/#website\"},\"primaryImageOfPage\":{\"@id\":\"https:\/\/skinsolutions.es\/firming-and-slimming-treatment-with-radiofrequency\/#primaryimage\"},\"image\":{\"@id\":\"https:\/\/skinsolutions.es\/firming-and-slimming-treatment-with-radiofrequency\/#primaryimage\"},\"thumbnailUrl\":\"http:\/\/skinsolutions.es\/wp-content\/uploads\/2024\/09\/advanced-radiofrequency-body-contouring.png\",\"datePublished\":\"2024-09-01T08:25:48+00:00\",\"dateModified\":\"2025-03-27T16:23:43+00:00\",\"description\":\"Tone and sculpt your body with our firming and slimming radiofrequency treatment in Marbella. Skin Solutions offers visible, non-invasive results\",\"breadcrumb\":{\"@id\":\"https:\/\/skinsolutions.es\/firming-and-slimming-treatment-with-radiofrequency\/#breadcrumb\"},\"inLanguage\":\"es\",\"potentialAction\":[{\"@type\":\"ReadAction\",\"target\":[\"https:\/\/skinsolutions.es\/firming-and-slimming-treatment-with-radiofrequency\/\"]}]},{\"@type\":\"ImageObject\",\"inLanguage\":\"es\",\"@id\":\"https:\/\/skinsolutions.es\/firming-and-slimming-treatment-with-radiofrequency\/#primaryimage\",\"url\":\"http:\/\/skinsolutions.es\/wp-content\/uploads\/2024\/09\/advanced-radiofrequency-body-contouring.png\",\"contentUrl\":\"http:\/\/skinsolutions.es\/wp-content\/uploads\/2024\/09\/advanced-radiofrequency-body-contouring.png\"},{\"@type\":\"BreadcrumbList\",\"@id\":\"https:\/\/skinsolutions.es\/firming-and-slimming-treatment-with-radiofrequency\/#breadcrumb\",\"itemListElement\":[{\"@type\":\"ListItem\",\"position\":1,\"name\":\"Accueil\",\"item\":\"https:\/\/skinsolutions.es\/\"},{\"@type\":\"ListItem\",\"position\":2,\"name\":\"Firming and Slimming Treatment with Radiofrequency\"}]},{\"@type\":\"WebSite\",\"@id\":\"https:\/\/skinsolutions.es\/en\/#website\",\"url\":\"https:\/\/skinsolutions.es\/en\/\",\"name\":\"Skin Solutions Marbella\",\"description\":\"The Beauty Reference\",\"publisher\":{\"@id\":\"https:\/\/skinsolutions.es\/en\/#organization\"},\"potentialAction\":[{\"@type\":\"SearchAction\",\"target\":{\"@type\":\"EntryPoint\",\"urlTemplate\":\"https:\/\/skinsolutions.es\/en\/?s={search_term_string}\"},\"query-input\":{\"@type\":\"PropertyValueSpecification\",\"valueRequired\":true,\"valueName\":\"search_term_string\"}}],\"inLanguage\":\"es\"},{\"@type\":\"Organization\",\"@id\":\"https:\/\/skinsolutions.es\/en\/#organization\",\"name\":\"Skin Solutions Marbella\",\"url\":\"https:\/\/skinsolutions.es\/en\/\",\"logo\":{\"@type\":\"ImageObject\",\"inLanguage\":\"es\",\"@id\":\"https:\/\/skinsolutions.es\/en\/#\/schema\/logo\/image\/\",\"url\":\"https:\/\/skinsolutions.es\/wp-content\/uploads\/2024\/10\/Logo-Icon-Site.png\",\"contentUrl\":\"https:\/\/skinsolutions.es\/wp-content\/uploads\/2024\/10\/Logo-Icon-Site.png\",\"width\":512,\"height\":512,\"caption\":\"Skin Solutions Marbella\"},\"image\":{\"@id\":\"https:\/\/skinsolutions.es\/en\/#\/schema\/logo\/image\/\"},\"sameAs\":[\"https:\/\/www.facebook.com\/skinsolutions.marbella\",\"https:\/\/www.instagram.com\/skinsolutions.marbella\"]}]}<\/script>\n<!-- \/ Yoast SEO plugin. -->","yoast_head_json":{"title":"Tratamiento Reafirmante y Reductor con Radiofrecuencia en Marbella","description":"Tonifica y esculpe tu cuerpo con nuestro tratamiento reafirmante y reductor con radiofrecuencia en Marbella. Skin Solutions ofrece resultados visibles y no invasivos","robots":{"index":"index","follow":"follow","max-snippet":"max-snippet:-1","max-image-preview":"max-image-preview:large","max-video-preview":"max-video-preview:-1"},"canonical":"https:\/\/skinsolutions.es\/es\/tratamiento-reafirmante-y-reductor-con-radiofrecuencia\/","og_locale":"es_ES","og_type":"article","og_title":"Firming and Slimming Treatment with Radiofrequency in Marbella","og_description":"Tone and sculpt your body with our firming and slimming radiofrequency treatment in Marbella. Skin Solutions offers visible, non-invasive results","og_url":"https:\/\/skinsolutions.es\/es\/tratamiento-reafirmante-y-reductor-con-radiofrecuencia\/","og_site_name":"Skin Solutions","article_publisher":"https:\/\/www.facebook.com\/skinsolutions.marbella","article_modified_time":"2025-03-27T16:23:43+00:00","og_image":[{"url":"http:\/\/skinsolutions.es\/wp-content\/uploads\/2024\/09\/advanced-radiofrequency-body-contouring.png","type":"","width":"","height":""}],"twitter_card":"summary_large_image","twitter_misc":{"Tiempo de lectura":"1 minuto"},"schema":{"@context":"https:\/\/schema.org","@graph":[{"@type":"WebPage","@id":"https:\/\/skinsolutions.es\/firming-and-slimming-treatment-with-radiofrequency\/","url":"https:\/\/skinsolutions.es\/firming-and-slimming-treatment-with-radiofrequency\/","name":"Tratamiento Reafirmante y Reductor con Radiofrecuencia en Marbella","isPartOf":{"@id":"https:\/\/skinsolutions.es\/en\/#website"},"primaryImageOfPage":{"@id":"https:\/\/skinsolutions.es\/firming-and-slimming-treatment-with-radiofrequency\/#primaryimage"},"image":{"@id":"https:\/\/skinsolutions.es\/firming-and-slimming-treatment-with-radiofrequency\/#primaryimage"},"thumbnailUrl":"http:\/\/skinsolutions.es\/wp-content\/uploads\/2024\/09\/advanced-radiofrequency-body-contouring.png","datePublished":"2024-09-01T08:25:48+00:00","dateModified":"2025-03-27T16:23:43+00:00","description":"Tonifica y esculpe tu cuerpo con nuestro tratamiento reafirmante y reductor con radiofrecuencia en Marbella. Skin Solutions ofrece resultados visibles y no invasivos","breadcrumb":{"@id":"https:\/\/skinsolutions.es\/firming-and-slimming-treatment-with-radiofrequency\/#breadcrumb"},"inLanguage":"es","potentialAction":[{"@type":"ReadAction","target":["https:\/\/skinsolutions.es\/firming-and-slimming-treatment-with-radiofrequency\/"]}]},{"@type":"ImageObject","inLanguage":"es","@id":"https:\/\/skinsolutions.es\/firming-and-slimming-treatment-with-radiofrequency\/#primaryimage","url":"http:\/\/skinsolutions.es\/wp-content\/uploads\/2024\/09\/advanced-radiofrequency-body-contouring.png","contentUrl":"http:\/\/skinsolutions.es\/wp-content\/uploads\/2024\/09\/advanced-radiofrequency-body-contouring.png"},{"@type":"BreadcrumbList","@id":"https:\/\/skinsolutions.es\/firming-and-slimming-treatment-with-radiofrequency\/#breadcrumb","itemListElement":[{"@type":"ListItem","position":1,"name":"Accueil","item":"https:\/\/skinsolutions.es\/"},{"@type":"ListItem","position":2,"name":"Firming and Slimming Treatment with Radiofrequency"}]},{"@type":"WebSite","@id":"https:\/\/skinsolutions.es\/en\/#website","url":"https:\/\/skinsolutions.es\/en\/","name":"Skin Solutions Marbella","description":"La referencia en belleza","publisher":{"@id":"https:\/\/skinsolutions.es\/en\/#organization"},"potentialAction":[{"@type":"SearchAction","target":{"@type":"EntryPoint","urlTemplate":"https:\/\/skinsolutions.es\/en\/?s={search_term_string}"},"query-input":{"@type":"PropertyValueSpecification","valueRequired":true,"valueName":"search_term_string"}}],"inLanguage":"es"},{"@type":"Organization","@id":"https:\/\/skinsolutions.es\/en\/#organization","name":"Skin Solutions Marbella","url":"https:\/\/skinsolutions.es\/en\/","logo":{"@type":"ImageObject","inLanguage":"es","@id":"https:\/\/skinsolutions.es\/en\/#\/schema\/logo\/image\/","url":"https:\/\/skinsolutions.es\/wp-content\/uploads\/2024\/10\/Logo-Icon-Site.png","contentUrl":"https:\/\/skinsolutions.es\/wp-content\/uploads\/2024\/10\/Logo-Icon-Site.png","width":512,"height":512,"caption":"Skin Solutions Marbella"},"image":{"@id":"https:\/\/skinsolutions.es\/en\/#\/schema\/logo\/image\/"},"sameAs":["https:\/\/www.facebook.com\/skinsolutions.marbella","https:\/\/www.instagram.com\/skinsolutions.marbella"]}]}},"_links":{"self":[{"href":"https:\/\/skinsolutions.es\/es\/wp-json\/wp\/v2\/pages\/3204","targetHints":{"allow":["GET"]}}],"collection":[{"href":"https:\/\/skinsolutions.es\/es\/wp-json\/wp\/v2\/pages"}],"about":[{"href":"https:\/\/skinsolutions.es\/es\/wp-json\/wp\/v2\/types\/page"}],"author":[{"embeddable":true,"href":"https:\/\/skinsolutions.es\/es\/wp-json\/wp\/v2\/users\/1"}],"replies":[{"embeddable":true,"href":"https:\/\/skinsolutions.es\/es\/wp-json\/wp\/v2\/comments?post=3204"}],"version-history":[{"count":0,"href":"https:\/\/skinsolutions.es\/es\/wp-json\/wp\/v2\/pages\/3204\/revisions"}],"wp:attachment":[{"href":"https:\/\/skinsolutions.es\/es\/wp-json\/wp\/v2\/media?parent=3204"}],"curies":[{"name":"wp","href":"https:\/\/api.w.org\/{rel}","templated":true}]}}