{"id":500,"date":"2020-10-02T23:22:08","date_gmt":"2020-10-02T23:22:08","guid":{"rendered":"https:\/\/theq3.qodeinteractive.com\/?page_id=500"},"modified":"2025-03-27T17:33:33","modified_gmt":"2025-03-27T16:33:33","slug":"sobre-nosotros","status":"publish","type":"page","link":"https:\/\/skinsolutions.es\/es\/sobre-nosotros\/","title":{"rendered":"Acerca de"},"content":{"rendered":"<div data-elementor-type=\"wp-page\" data-elementor-id=\"500\" class=\"elementor elementor-500\">\n\t\t\t\t\t\t<section class=\"elementor-section elementor-top-section elementor-element elementor-element-7eaf7ce elementor-section-full_width elementor-section-content-middle elementor-section-height-full elementor-section-items-stretch elementor-section-height-default qodef-elementor-content-no\" data-id=\"7eaf7ce\" data-element_type=\"section\" data-settings=\"{&quot;background_background&quot;:&quot;classic&quot;}\">\n\t\t\t\t\t\t<div class=\"elementor-container elementor-column-gap-default\">\n\t\t\t\t\t<div class=\"elementor-column elementor-col-50 elementor-top-column elementor-element elementor-element-831a2cd\" data-id=\"831a2cd\" data-element_type=\"column\" data-settings=\"{&quot;background_background&quot;:&quot;classic&quot;}\">\n\t\t\t<div class=\"elementor-widget-wrap elementor-element-populated\">\n\t\t\t\t\t\t<div class=\"elementor-element elementor-element-804b382 elementor-widget elementor-widget-qi_addons_for_elementor_section_title\" data-id=\"804b382\" data-element_type=\"widget\" data-widget_type=\"qi_addons_for_elementor_section_title.default\">\n\t\t\t\t<div class=\"elementor-widget-container\">\n\t\t\t\t\t<div class=\"qodef-shortcode qodef-m qodef-qi-section-title qodef-decoration--italic qodef-link--underline-draw qodef-subtitle-icon--left\">\n\t\t\t\t\t\t<h1 class=\"qodef-m-title\">\n\t\tSobre nosotros\t<\/h1>\n\t\t\t<\/div>\n\t\t\t\t<\/div>\n\t\t\t\t<\/div>\n\t\t\t\t\t<\/div>\n\t\t<\/div>\n\t\t\t\t<div class=\"elementor-column elementor-col-50 elementor-top-column elementor-element elementor-element-5fb5a01\" data-id=\"5fb5a01\" data-element_type=\"column\" data-settings=\"{&quot;background_background&quot;:&quot;classic&quot;}\">\n\t\t\t<div class=\"elementor-widget-wrap elementor-element-populated\">\n\t\t\t\t\t\t<div class=\"elementor-element elementor-element-d4feb4f elementor-widget elementor-widget-spacer\" data-id=\"d4feb4f\" data-element_type=\"widget\" data-widget_type=\"spacer.default\">\n\t\t\t\t<div class=\"elementor-widget-container\">\n\t\t\t\t\t\t\t<div class=\"elementor-spacer\">\n\t\t\t<div class=\"elementor-spacer-inner\"><\/div>\n\t\t<\/div>\n\t\t\t\t\t\t<\/div>\n\t\t\t\t<\/div>\n\t\t\t\t\t<\/div>\n\t\t<\/div>\n\t\t\t\t\t<\/div>\n\t\t<\/section>\n\t\t\t\t<section class=\"elementor-section elementor-top-section elementor-element elementor-element-c49c535 qodef-elementor-content-grid elementor-section-boxed elementor-section-height-default elementor-section-height-default\" data-id=\"c49c535\" data-element_type=\"section\">\n\t\t\t\t\t\t<div class=\"elementor-container elementor-column-gap-default\">\n\t\t\t\t\t<div class=\"elementor-column elementor-col-50 elementor-top-column elementor-element elementor-element-b8db0b4\" data-id=\"b8db0b4\" data-element_type=\"column\">\n\t\t\t<div class=\"elementor-widget-wrap elementor-element-populated\">\n\t\t\t\t\t\t<div class=\"elementor-element elementor-element-aafcfa0 elementor-widget__width-initial elementor-widget-tablet__width-inherit elementor-widget elementor-widget-qi_addons_for_elementor_section_title\" data-id=\"aafcfa0\" data-element_type=\"widget\" data-widget_type=\"qi_addons_for_elementor_section_title.default\">\n\t\t\t\t<div class=\"elementor-widget-container\">\n\t\t\t\t\t<div class=\"qodef-shortcode qodef-m qodef-qi-section-title qodef-decoration--italic qodef-link--underline-draw qodef-subtitle-icon--left\">\n\t\t\t\t<h6 class=\"qodef-m-subtitle\">\n\t\tSobre nosotros\t\t\t<\/h6>\n\t\t\t<h2 class=\"qodef-m-title\">\n\t\tSobre nuestro mundo\t<\/h2>\n\t\t\t<\/div>\n\t\t\t\t<\/div>\n\t\t\t\t<\/div>\n\t\t\t\t\t<\/div>\n\t\t<\/div>\n\t\t\t\t<div class=\"elementor-column elementor-col-50 elementor-top-column elementor-element elementor-element-884a47e\" data-id=\"884a47e\" data-element_type=\"column\">\n\t\t\t<div class=\"elementor-widget-wrap elementor-element-populated\">\n\t\t\t\t\t\t<div class=\"elementor-element elementor-element-001093d elementor-widget elementor-widget-text-editor\" data-id=\"001093d\" data-element_type=\"widget\" data-widget_type=\"text-editor.default\">\n\t\t\t\t<div class=\"elementor-widget-container\">\n\t\t\t\t\t\t\t\t\t<div class=\"elementor-element elementor-element-4ccb632 elementor-widget__width-initial elementor-widget elementor-widget-qi_addons_for_elementor_section_title\" data-id=\"4ccb632\" data-element_type=\"widget\" data-widget_type=\"qi_addons_for_elementor_section_title.default\"><div class=\"elementor-widget-container\"><div class=\"qodef-shortcode qodef-m  qodef-qi-section-title  qodef-decoration--italic  qodef-link--underline-draw qodef-subtitle-icon--left\"><div class=\"qodef-m-text\"><p>Ad\u00e9ntrate en un mundo de tratamientos est\u00e9ticos a medida, dise\u00f1ados cuidadosamente para rejuvenecer tu piel y mejorar tu bienestar. Nuestro equipo de especialistas altamente calificados ofrece atenci\u00f3n personalizada, utilizando tecnolog\u00edas de vanguardia y m\u00e9todos no invasivos de antienvejecimiento. Descubre c\u00f3mo nuestras soluciones personalizadas pueden transformar tu piel, d\u00e1ndote un resplandor radiante y una apariencia visiblemente juvenil.<\/p><\/div><\/div><\/div><\/div>\t\t\t\t\t\t\t\t<\/div>\n\t\t\t\t<\/div>\n\t\t\t\t<div class=\"elementor-element elementor-element-8764c94 elementor-widget elementor-widget-text-editor\" data-id=\"8764c94\" data-element_type=\"widget\" data-widget_type=\"text-editor.default\">\n\t\t\t\t<div class=\"elementor-widget-container\">\n\t\t\t\t\t\t\t\t\t<p>Nuestra filosof\u00eda es proporcionar efectos verdaderamente radiantes, logrados con cuidado, atenci\u00f3n y, por supuesto, ofreciendo tratamientos est\u00e9ticos de la m\u00e1s alta calidad, personalizados para cada individuo.<\/p>\t\t\t\t\t\t\t\t<\/div>\n\t\t\t\t<\/div>\n\t\t\t\t<div class=\"elementor-element elementor-element-98fc787 elementor-widget elementor-widget-text-editor\" data-id=\"98fc787\" data-element_type=\"widget\" data-widget_type=\"text-editor.default\">\n\t\t\t\t<div class=\"elementor-widget-container\">\n\t\t\t\t\t\t\t\t\t<p>Nuestro equipo de profesionales experimentados y cualificados est\u00e1 a la vanguardia de las \u00faltimas tecnolog\u00edas y t\u00e9cnicas, capaz de proporcionar los resultados m\u00e1s transformadores. Invertimos regularmente en las tecnolog\u00edas m\u00e1s nuevas, seguras y efectivas para ofrecerte beneficios innovadores. Nos enorgullece tomarnos el tiempo para asegurar que todo nuestro equipo est\u00e9 regularmente capacitado y equipado para asesorar y adaptar tratamientos a tus necesidades espec\u00edficas, aprovechando las \u00faltimas t\u00e9cnicas. \u00a1Est\u00e1s seguro en nuestras manos!<\/p>\t\t\t\t\t\t\t\t<\/div>\n\t\t\t\t<\/div>\n\t\t\t\t<div class=\"elementor-element elementor-element-a526320 elementor-widget elementor-widget-text-editor\" data-id=\"a526320\" data-element_type=\"widget\" data-widget_type=\"text-editor.default\">\n\t\t\t\t<div class=\"elementor-widget-container\">\n\t\t\t\t\t\t\t\t\t<p>Escapa de tu d\u00eda y \u00fanete a nosotros para dedicar un tiempo a tu cuidado personal; saldr\u00e1s de nuestro santuario radiante y listo para enfrentar el mundo.<\/p>\t\t\t\t\t\t\t\t<\/div>\n\t\t\t\t<\/div>\n\t\t\t\t\t<\/div>\n\t\t<\/div>\n\t\t\t\t\t<\/div>\n\t\t<\/section>\n\t\t\t\t<section class=\"elementor-section elementor-top-section elementor-element elementor-element-9128ba7 elementor-section-full_width elementor-section-height-default elementor-section-height-default qodef-elementor-content-no\" data-id=\"9128ba7\" data-element_type=\"section\" data-settings=\"{&quot;background_background&quot;:&quot;classic&quot;}\">\n\t\t\t\t\t\t<div class=\"elementor-container elementor-column-gap-default\">\n\t\t\t\t\t<div class=\"elementor-column elementor-col-100 elementor-top-column elementor-element elementor-element-420c2cd\" data-id=\"420c2cd\" data-element_type=\"column\">\n\t\t\t<div class=\"elementor-widget-wrap elementor-element-populated\">\n\t\t\t\t\t\t<div class=\"elementor-element elementor-element-ae27c99 elementor-widget elementor-widget-spacer\" data-id=\"ae27c99\" data-element_type=\"widget\" data-widget_type=\"spacer.default\">\n\t\t\t\t<div class=\"elementor-widget-container\">\n\t\t\t\t\t\t\t<div class=\"elementor-spacer\">\n\t\t\t<div class=\"elementor-spacer-inner\"><\/div>\n\t\t<\/div>\n\t\t\t\t\t\t<\/div>\n\t\t\t\t<\/div>\n\t\t\t\t\t<\/div>\n\t\t<\/div>\n\t\t\t\t\t<\/div>\n\t\t<\/section>\n\t\t\t\t<section class=\"elementor-section elementor-top-section elementor-element elementor-element-3e730f7 qodef-elementor-content-grid elementor-section-boxed elementor-section-height-default elementor-section-height-default\" data-id=\"3e730f7\" data-element_type=\"section\">\n\t\t\t\t\t\t<div class=\"elementor-container elementor-column-gap-custom\">\n\t\t\t\t\t<div class=\"elementor-column elementor-col-50 elementor-top-column elementor-element elementor-element-aa5e822\" data-id=\"aa5e822\" data-element_type=\"column\">\n\t\t\t<div class=\"elementor-widget-wrap elementor-element-populated\">\n\t\t\t\t\t\t<div class=\"elementor-element elementor-element-68f7b6f elementor-widget__width-initial elementor-widget-tablet__width-inherit elementor-widget elementor-widget-qi_addons_for_elementor_section_title\" data-id=\"68f7b6f\" data-element_type=\"widget\" data-widget_type=\"qi_addons_for_elementor_section_title.default\">\n\t\t\t\t<div class=\"elementor-widget-container\">\n\t\t\t\t\t<div class=\"qodef-shortcode qodef-m qodef-qi-section-title qodef-decoration--italic qodef-link--underline-draw qodef-subtitle-icon--left\">\n\t\t\t\t\t\t<h2 class=\"qodef-m-title\">\n\t\tPromesa de Skin Solutions\t<\/h2>\n\t\t\t<\/div>\n\t\t\t\t<\/div>\n\t\t\t\t<\/div>\n\t\t\t\t<div class=\"elementor-element elementor-element-8a09373 elementor-widget elementor-widget-text-editor\" data-id=\"8a09373\" data-element_type=\"widget\" data-widget_type=\"text-editor.default\">\n\t\t\t\t<div class=\"elementor-widget-container\">\n\t\t\t\t\t\t\t\t\t<p>Priorizamos resultados que son tanto sutiles como naturales. El exceso no tiene cabida en nuestra concepci\u00f3n de la est\u00e9tica, ya que socava los principios de la belleza armoniosa y no respeta la integridad f\u00edsica y moral de nuestros pacientes. Nuestros tratamientos buscan realzar sin distorsionar, con un enfoque firme en tu bienestar.<\/p>\t\t\t\t\t\t\t\t<\/div>\n\t\t\t\t<\/div>\n\t\t\t\t<div class=\"elementor-element elementor-element-3781c0f elementor-widget elementor-widget-text-editor\" data-id=\"3781c0f\" data-element_type=\"widget\" data-widget_type=\"text-editor.default\">\n\t\t\t\t<div class=\"elementor-widget-container\">\n\t\t\t\t\t\t\t\t\t<p>Respaldados por una experiencia excepcional, dominio de tecnolog\u00edas de vanguardia y una reconocida competencia en medicina est\u00e9tica preventiva, ofrecemos soluciones innovadoras y personalizadas, meticulosamente dise\u00f1adas para satisfacer tus expectativas precisas.<\/p>\t\t\t\t\t\t\t\t<\/div>\n\t\t\t\t<\/div>\n\t\t\t\t<div class=\"elementor-element elementor-element-064e807 elementor-widget elementor-widget-text-editor\" data-id=\"064e807\" data-element_type=\"widget\" data-widget_type=\"text-editor.default\">\n\t\t\t\t<div class=\"elementor-widget-container\">\n\t\t\t\t\t\t\t\t\t<p>Nuestros especialistas, impulsados por su pasi\u00f3n y equipados con competencias de alto nivel, est\u00e1n comprometidos a brindarte una experiencia inigualable. Durante las consultas, dedicar\u00e1n el tiempo necesario para interactuar contigo, asegur\u00e1ndose de comprender a fondo tus necesidades y personalizando los tratamientos en consecuencia.<\/p>\t\t\t\t\t\t\t\t<\/div>\n\t\t\t\t<\/div>\n\t\t\t\t<div class=\"elementor-element elementor-element-588cc2b elementor-widget elementor-widget-text-editor\" data-id=\"588cc2b\" data-element_type=\"widget\" data-widget_type=\"text-editor.default\">\n\t\t\t\t<div class=\"elementor-widget-container\">\n\t\t\t\t\t\t\t\t\t<p>Conf\u00eda en la experiencia y profesionalismo de nuestro equipo, dedicado a preservar la salud de tu piel y mejorar tu apariencia.<\/p>\t\t\t\t\t\t\t\t<\/div>\n\t\t\t\t<\/div>\n\t\t\t\t\t<\/div>\n\t\t<\/div>\n\t\t\t\t<div class=\"elementor-column elementor-col-50 elementor-top-column elementor-element elementor-element-15630da\" data-id=\"15630da\" data-element_type=\"column\">\n\t\t\t<div class=\"elementor-widget-wrap elementor-element-populated\">\n\t\t\t\t\t\t<div class=\"elementor-element elementor-element-cd32438 elementor-widget elementor-widget-image\" data-id=\"cd32438\" data-element_type=\"widget\" data-widget_type=\"image.default\">\n\t\t\t\t<div class=\"elementor-widget-container\">\n\t\t\t\t\t\t\t\t\t\t\t\t\t\t\t<img fetchpriority=\"high\" decoding=\"async\" width=\"768\" height=\"1273\" src=\"https:\/\/skinsolutions.es\/wp-content\/uploads\/2024\/08\/skinsolutions-lydia-aesthetic-beauty-e1727998823631-768x1273.jpg\" class=\"attachment-medium_large size-medium_large wp-image-2980\" alt=\"Lydia, una belleza est\u00e9tica de Skin Solutions en Marvella\" srcset=\"https:\/\/skinsolutions.es\/wp-content\/uploads\/2024\/08\/skinsolutions-lydia-aesthetic-beauty-e1727998823631-768x1273.jpg 768w, https:\/\/skinsolutions.es\/wp-content\/uploads\/2024\/08\/skinsolutions-lydia-aesthetic-beauty-e1727998823631-181x300.jpg 181w, https:\/\/skinsolutions.es\/wp-content\/uploads\/2024\/08\/skinsolutions-lydia-aesthetic-beauty-e1727998823631-618x1024.jpg 618w, https:\/\/skinsolutions.es\/wp-content\/uploads\/2024\/08\/skinsolutions-lydia-aesthetic-beauty-e1727998823631-927x1536.jpg 927w, https:\/\/skinsolutions.es\/wp-content\/uploads\/2024\/08\/skinsolutions-lydia-aesthetic-beauty-e1727998823631-1236x2048.jpg 1236w, https:\/\/skinsolutions.es\/wp-content\/uploads\/2024\/08\/skinsolutions-lydia-aesthetic-beauty-e1727998823631-7x12.jpg 7w, https:\/\/skinsolutions.es\/wp-content\/uploads\/2024\/08\/skinsolutions-lydia-aesthetic-beauty-e1727998823631.jpg 1622w\" sizes=\"(max-width: 768px) 100vw, 768px\" \/>\t\t\t\t\t\t\t\t\t\t\t\t\t\t\t<\/div>\n\t\t\t\t<\/div>\n\t\t\t\t\t<\/div>\n\t\t<\/div>\n\t\t\t\t\t<\/div>\n\t\t<\/section>\n\t\t\t\t<\/div>","protected":false},"excerpt":{"rendered":"<p>About Us About Us About Our World Step into a world of bespoke aesthetic treatments, carefully crafted to rejuvenate your skin and elevate your well-being. Our team of highly skilled specialists offers personalized care using state-of-the-art, non-invasive anti-aging technologies. Discover how our tailored solutions can transform your skin, giving you a radiant glow and a [&hellip;]<\/p>","protected":false},"author":1,"featured_media":0,"parent":0,"menu_order":0,"comment_status":"closed","ping_status":"closed","template":"qi-full-width.php","meta":{"footnotes":""},"class_list":["post-500","page","type-page","status-publish","hentry"],"yoast_head":"<!-- This site is optimized with the Yoast SEO plugin v25.6 - https:\/\/yoast.com\/wordpress\/plugins\/seo\/ -->\n<title>Marbella Beauty Center for Anti-Aging &amp; Glow \u2013 Skin Solutions<\/title>\n<meta name=\"description\" content=\"Discover Skin Solutions, your beauty center in Marbella. Personalized treatments for glowing skin, anti-aging care, and total well-being\" \/>\n<meta name=\"robots\" content=\"index, follow, max-snippet:-1, max-image-preview:large, max-video-preview:-1\" \/>\n<link rel=\"canonical\" href=\"https:\/\/skinsolutions.es\/es\/sobre-nosotros\/\" \/>\n<meta property=\"og:locale\" content=\"es_ES\" \/>\n<meta property=\"og:type\" content=\"article\" \/>\n<meta property=\"og:title\" content=\"Marbella Beauty Center for Anti-Aging &amp; Glow \u2013 Skin Solutions\" \/>\n<meta property=\"og:description\" content=\"Discover Skin Solutions, your beauty center in Marbella. Personalized treatments for glowing skin, anti-aging care, and total well-being\" \/>\n<meta property=\"og:url\" content=\"https:\/\/skinsolutions.es\/es\/sobre-nosotros\/\" \/>\n<meta property=\"og:site_name\" content=\"Skin Solutions\" \/>\n<meta property=\"article:publisher\" content=\"https:\/\/www.facebook.com\/skinsolutions.marbella\" \/>\n<meta property=\"article:modified_time\" content=\"2025-03-27T16:33:33+00:00\" \/>\n<meta property=\"og:image\" content=\"http:\/\/skinsolutions.es\/wp-content\/uploads\/2024\/08\/skinsolutions-lydia-aesthetic-beauty-e1727998823631-768x1273.jpg\" \/>\n<meta name=\"twitter:card\" content=\"summary_large_image\" \/>\n<meta name=\"twitter:label1\" content=\"Tiempo de lectura\" \/>\n\t<meta name=\"twitter:data1\" content=\"2 minutos\" \/>\n<script type=\"application\/ld+json\" class=\"yoast-schema-graph\">{\"@context\":\"https:\/\/schema.org\",\"@graph\":[{\"@type\":\"WebPage\",\"@id\":\"https:\/\/skinsolutions.es\/about-us\/\",\"url\":\"https:\/\/skinsolutions.es\/about-us\/\",\"name\":\"Marbella Beauty Center for Anti-Aging & Glow \u2013 Skin Solutions\",\"isPartOf\":{\"@id\":\"https:\/\/skinsolutions.es\/en\/#website\"},\"primaryImageOfPage\":{\"@id\":\"https:\/\/skinsolutions.es\/about-us\/#primaryimage\"},\"image\":{\"@id\":\"https:\/\/skinsolutions.es\/about-us\/#primaryimage\"},\"thumbnailUrl\":\"http:\/\/skinsolutions.es\/wp-content\/uploads\/2024\/08\/skinsolutions-lydia-aesthetic-beauty-e1727998823631-768x1273.jpg\",\"datePublished\":\"2020-10-02T23:22:08+00:00\",\"dateModified\":\"2025-03-27T16:33:33+00:00\",\"description\":\"Discover Skin Solutions, your beauty center in Marbella. Personalized treatments for glowing skin, anti-aging care, and total well-being\",\"breadcrumb\":{\"@id\":\"https:\/\/skinsolutions.es\/about-us\/#breadcrumb\"},\"inLanguage\":\"es\",\"potentialAction\":[{\"@type\":\"ReadAction\",\"target\":[\"https:\/\/skinsolutions.es\/about-us\/\"]}]},{\"@type\":\"ImageObject\",\"inLanguage\":\"es\",\"@id\":\"https:\/\/skinsolutions.es\/about-us\/#primaryimage\",\"url\":\"http:\/\/skinsolutions.es\/wp-content\/uploads\/2024\/08\/skinsolutions-lydia-aesthetic-beauty-e1727998823631-768x1273.jpg\",\"contentUrl\":\"http:\/\/skinsolutions.es\/wp-content\/uploads\/2024\/08\/skinsolutions-lydia-aesthetic-beauty-e1727998823631-768x1273.jpg\"},{\"@type\":\"BreadcrumbList\",\"@id\":\"https:\/\/skinsolutions.es\/about-us\/#breadcrumb\",\"itemListElement\":[{\"@type\":\"ListItem\",\"position\":1,\"name\":\"Accueil\",\"item\":\"https:\/\/skinsolutions.es\/\"},{\"@type\":\"ListItem\",\"position\":2,\"name\":\"About\"}]},{\"@type\":\"WebSite\",\"@id\":\"https:\/\/skinsolutions.es\/en\/#website\",\"url\":\"https:\/\/skinsolutions.es\/en\/\",\"name\":\"Skin Solutions Marbella\",\"description\":\"The Beauty Reference\",\"publisher\":{\"@id\":\"https:\/\/skinsolutions.es\/en\/#organization\"},\"potentialAction\":[{\"@type\":\"SearchAction\",\"target\":{\"@type\":\"EntryPoint\",\"urlTemplate\":\"https:\/\/skinsolutions.es\/en\/?s={search_term_string}\"},\"query-input\":{\"@type\":\"PropertyValueSpecification\",\"valueRequired\":true,\"valueName\":\"search_term_string\"}}],\"inLanguage\":\"es\"},{\"@type\":\"Organization\",\"@id\":\"https:\/\/skinsolutions.es\/en\/#organization\",\"name\":\"Skin Solutions Marbella\",\"url\":\"https:\/\/skinsolutions.es\/en\/\",\"logo\":{\"@type\":\"ImageObject\",\"inLanguage\":\"es\",\"@id\":\"https:\/\/skinsolutions.es\/en\/#\/schema\/logo\/image\/\",\"url\":\"https:\/\/skinsolutions.es\/wp-content\/uploads\/2024\/10\/Logo-Icon-Site.png\",\"contentUrl\":\"https:\/\/skinsolutions.es\/wp-content\/uploads\/2024\/10\/Logo-Icon-Site.png\",\"width\":512,\"height\":512,\"caption\":\"Skin Solutions Marbella\"},\"image\":{\"@id\":\"https:\/\/skinsolutions.es\/en\/#\/schema\/logo\/image\/\"},\"sameAs\":[\"https:\/\/www.facebook.com\/skinsolutions.marbella\",\"https:\/\/www.instagram.com\/skinsolutions.marbella\"]}]}<\/script>\n<!-- \/ Yoast SEO plugin. -->","yoast_head_json":{"title":"Centro de Belleza Marbella para Antiedad y Luminosidad \u2013 Skin Solutions","description":"Descubre Skin Solutions, tu centro de belleza en Marbella. Tratamientos personalizados para una piel luminosa, cuidado antiedad y bienestar integral","robots":{"index":"index","follow":"follow","max-snippet":"max-snippet:-1","max-image-preview":"max-image-preview:large","max-video-preview":"max-video-preview:-1"},"canonical":"https:\/\/skinsolutions.es\/es\/sobre-nosotros\/","og_locale":"es_ES","og_type":"article","og_title":"Marbella Beauty Center for Anti-Aging & Glow \u2013 Skin Solutions","og_description":"Discover Skin Solutions, your beauty center in Marbella. Personalized treatments for glowing skin, anti-aging care, and total well-being","og_url":"https:\/\/skinsolutions.es\/es\/sobre-nosotros\/","og_site_name":"Skin Solutions","article_publisher":"https:\/\/www.facebook.com\/skinsolutions.marbella","article_modified_time":"2025-03-27T16:33:33+00:00","og_image":[{"url":"http:\/\/skinsolutions.es\/wp-content\/uploads\/2024\/08\/skinsolutions-lydia-aesthetic-beauty-e1727998823631-768x1273.jpg","type":"","width":"","height":""}],"twitter_card":"summary_large_image","twitter_misc":{"Tiempo de lectura":"2 minutos"},"schema":{"@context":"https:\/\/schema.org","@graph":[{"@type":"WebPage","@id":"https:\/\/skinsolutions.es\/about-us\/","url":"https:\/\/skinsolutions.es\/about-us\/","name":"Centro de Belleza Marbella para Antiedad y Luminosidad \u2013 Skin Solutions","isPartOf":{"@id":"https:\/\/skinsolutions.es\/en\/#website"},"primaryImageOfPage":{"@id":"https:\/\/skinsolutions.es\/about-us\/#primaryimage"},"image":{"@id":"https:\/\/skinsolutions.es\/about-us\/#primaryimage"},"thumbnailUrl":"http:\/\/skinsolutions.es\/wp-content\/uploads\/2024\/08\/skinsolutions-lydia-aesthetic-beauty-e1727998823631-768x1273.jpg","datePublished":"2020-10-02T23:22:08+00:00","dateModified":"2025-03-27T16:33:33+00:00","description":"Descubre Skin Solutions, tu centro de belleza en Marbella. Tratamientos personalizados para una piel luminosa, cuidado antiedad y bienestar integral","breadcrumb":{"@id":"https:\/\/skinsolutions.es\/about-us\/#breadcrumb"},"inLanguage":"es","potentialAction":[{"@type":"ReadAction","target":["https:\/\/skinsolutions.es\/about-us\/"]}]},{"@type":"ImageObject","inLanguage":"es","@id":"https:\/\/skinsolutions.es\/about-us\/#primaryimage","url":"http:\/\/skinsolutions.es\/wp-content\/uploads\/2024\/08\/skinsolutions-lydia-aesthetic-beauty-e1727998823631-768x1273.jpg","contentUrl":"http:\/\/skinsolutions.es\/wp-content\/uploads\/2024\/08\/skinsolutions-lydia-aesthetic-beauty-e1727998823631-768x1273.jpg"},{"@type":"BreadcrumbList","@id":"https:\/\/skinsolutions.es\/about-us\/#breadcrumb","itemListElement":[{"@type":"ListItem","position":1,"name":"Accueil","item":"https:\/\/skinsolutions.es\/"},{"@type":"ListItem","position":2,"name":"About"}]},{"@type":"WebSite","@id":"https:\/\/skinsolutions.es\/en\/#website","url":"https:\/\/skinsolutions.es\/en\/","name":"Skin Solutions Marbella","description":"La referencia en belleza","publisher":{"@id":"https:\/\/skinsolutions.es\/en\/#organization"},"potentialAction":[{"@type":"SearchAction","target":{"@type":"EntryPoint","urlTemplate":"https:\/\/skinsolutions.es\/en\/?s={search_term_string}"},"query-input":{"@type":"PropertyValueSpecification","valueRequired":true,"valueName":"search_term_string"}}],"inLanguage":"es"},{"@type":"Organization","@id":"https:\/\/skinsolutions.es\/en\/#organization","name":"Skin Solutions Marbella","url":"https:\/\/skinsolutions.es\/en\/","logo":{"@type":"ImageObject","inLanguage":"es","@id":"https:\/\/skinsolutions.es\/en\/#\/schema\/logo\/image\/","url":"https:\/\/skinsolutions.es\/wp-content\/uploads\/2024\/10\/Logo-Icon-Site.png","contentUrl":"https:\/\/skinsolutions.es\/wp-content\/uploads\/2024\/10\/Logo-Icon-Site.png","width":512,"height":512,"caption":"Skin Solutions Marbella"},"image":{"@id":"https:\/\/skinsolutions.es\/en\/#\/schema\/logo\/image\/"},"sameAs":["https:\/\/www.facebook.com\/skinsolutions.marbella","https:\/\/www.instagram.com\/skinsolutions.marbella"]}]}},"_links":{"self":[{"href":"https:\/\/skinsolutions.es\/es\/wp-json\/wp\/v2\/pages\/500","targetHints":{"allow":["GET"]}}],"collection":[{"href":"https:\/\/skinsolutions.es\/es\/wp-json\/wp\/v2\/pages"}],"about":[{"href":"https:\/\/skinsolutions.es\/es\/wp-json\/wp\/v2\/types\/page"}],"author":[{"embeddable":true,"href":"https:\/\/skinsolutions.es\/es\/wp-json\/wp\/v2\/users\/1"}],"replies":[{"embeddable":true,"href":"https:\/\/skinsolutions.es\/es\/wp-json\/wp\/v2\/comments?post=500"}],"version-history":[{"count":0,"href":"https:\/\/skinsolutions.es\/es\/wp-json\/wp\/v2\/pages\/500\/revisions"}],"wp:attachment":[{"href":"https:\/\/skinsolutions.es\/es\/wp-json\/wp\/v2\/media?parent=500"}],"curies":[{"name":"wp","href":"https:\/\/api.w.org\/{rel}","templated":true}]}}